{"id":3138,"date":"2019-08-18T18:51:43","date_gmt":"2019-08-18T16:51:43","guid":{"rendered":"http:\/\/www.mg-modelleisenbahnbau.de\/?post_type=product&#038;p=3138"},"modified":"2025-06-30T16:37:17","modified_gmt":"2025-06-30T14:37:17","slug":"39220-h0-feuerwehr-verwaltungsgebaeude","status":"publish","type":"product","link":"https:\/\/www.mg-modelleisenbahnbau.de\/startseite-2\/produkt\/39220-h0-feuerwehr-verwaltungsgebaeude\/","title":{"rendered":"39220 H0 Feuerwehr Verwaltungsgeb\u00e4ude"},"content":{"rendered":"<div class=\"content--description\">\n<div class=\"content--title\">Produktinformationen &#8222;H0 Feuerwehr Verwaltungsgeb\u00e4ude&#8220;<\/div>\n<div class=\"product--description\">Bausatz. Dieses Verwaltungsgeb\u00e4ude erg\u00e4nzt die kleine Feuerwehrgarage Art. 38542 und die Fahrzeughalle Berufsfeuerwehr Art. 39219 zum kompletten Feuerwehrger\u00e4tehaus eines L\u00f6schzuges oder einer L\u00f6schgruppe. Eine solche Anordnung ist heute in vielen kleinen St\u00e4dten oder Gemeinden zu finden. Meist sind dort, neben einem kleinen B\u00fcro und einem Schulungsraum f\u00fcr die Feuerwehrkameraden, auch die sanit\u00e4ren Anlagen untergebracht. Ma\u00dfe: L 21 x B 18 x H 8,2 cm. Schwierigkeitsgrad: 2 (Fortgeschrittene).<\/div>\n<\/div>\n","protected":false},"excerpt":{"rendered":"<p>Produktinformationen &#8222;H0 Feuerwehr Verwaltungsgeb\u00e4ude&#8220; Bausatz. Dieses Verwaltungsgeb\u00e4ude erg\u00e4nzt die kleine Feuerwehrgarage Art. 38542 und die Fahrzeughalle Berufsfeuerwehr Art. 39219 zum kompletten Feuerwehrger\u00e4tehaus eines L\u00f6schzuges oder einer L\u00f6schgruppe. Eine solche Anordnung ist heute in vielen kleinen St\u00e4dten oder Gemeinden zu finden. Meist sind dort, neben einem kleinen B\u00fcro und einem Schulungsraum f\u00fcr die Feuerwehrkameraden, auch die&#8230;<\/p>\n","protected":false},"featured_media":3139,"comment_status":"open","ping_status":"closed","template":"","meta":[],"product_brand":[],"product_cat":[44,201,209,38],"product_tag":[292,291],"class_list":{"0":"post-3138","1":"product","2":"type-product","3":"status-publish","4":"has-post-thumbnail","6":"product_cat-kibri","7":"product_cat-kibri-spur-ho","8":"product_cat-thw-feuerwehrhaeser-ho","9":"product_cat-unkategorisiert","10":"product_tag-kein-spielzeug-nicht-geeignet-fuer-kinder-unter-14-jahren","11":"product_tag-warn-und-sicherheitshinweise-modellbauartikel","13":"first","14":"instock","15":"taxable","16":"shipping-taxable","17":"purchasable","18":"product-type-simple"},"jetpack_sharing_enabled":true,"_links":{"self":[{"href":"https:\/\/www.mg-modelleisenbahnbau.de\/startseite-2\/wp-json\/wp\/v2\/product\/3138","targetHints":{"allow":["GET"]}}],"collection":[{"href":"https:\/\/www.mg-modelleisenbahnbau.de\/startseite-2\/wp-json\/wp\/v2\/product"}],"about":[{"href":"https:\/\/www.mg-modelleisenbahnbau.de\/startseite-2\/wp-json\/wp\/v2\/types\/product"}],"replies":[{"embeddable":true,"href":"https:\/\/www.mg-modelleisenbahnbau.de\/startseite-2\/wp-json\/wp\/v2\/comments?post=3138"}],"wp:featuredmedia":[{"embeddable":true,"href":"https:\/\/www.mg-modelleisenbahnbau.de\/startseite-2\/wp-json\/wp\/v2\/media\/3139"}],"wp:attachment":[{"href":"https:\/\/www.mg-modelleisenbahnbau.de\/startseite-2\/wp-json\/wp\/v2\/media?parent=3138"}],"wp:term":[{"taxonomy":"product_brand","embeddable":true,"href":"https:\/\/www.mg-modelleisenbahnbau.de\/startseite-2\/wp-json\/wp\/v2\/product_brand?post=3138"},{"taxonomy":"product_cat","embeddable":true,"href":"https:\/\/www.mg-modelleisenbahnbau.de\/startseite-2\/wp-json\/wp\/v2\/product_cat?post=3138"},{"taxonomy":"product_tag","embeddable":true,"href":"https:\/\/www.mg-modelleisenbahnbau.de\/startseite-2\/wp-json\/wp\/v2\/product_tag?post=3138"}],"curies":[{"name":"wp","href":"https:\/\/api.w.org\/{rel}","templated":true}]}}