{"id":3095,"date":"2019-08-13T21:30:02","date_gmt":"2019-08-13T19:30:02","guid":{"rendered":"http:\/\/www.mg-modelleisenbahnbau.de\/?post_type=product&#038;p=3095"},"modified":"2025-11-02T20:50:26","modified_gmt":"2025-11-02T19:50:26","slug":"48260-h0-asphaltstrasse-aus-steinkunst-l-75-x-b-8-cm","status":"publish","type":"product","link":"https:\/\/www.mg-modelleisenbahnbau.de\/startseite-2\/produkt\/48260-h0-asphaltstrasse-aus-steinkunst-l-75-x-b-8-cm\/","title":{"rendered":"48260 H0 Asphaltstra\u00dfe aus Steinkunst, L 75 x B 8 cm"},"content":{"rendered":"<div class=\"content--description\">\n<div class=\"content--title\">Produktinformationen &#8222;H0 Asphaltstra\u00dfe aus Steinkunst, L 75 x B 8 cm&#8220;<\/div>\n<div class=\"product--description\">Die Asphaltstra\u00dfe aus der Steinkunst-Serie besteht aus wetterfestem Sedimentverbundwerkstoff. Dieser Werkstoff erzeugt eine un\u00fcbertroffen realistische Steinoberfl\u00e4che. Die Stra\u00dfe ist flexibel und einfach mit einem Cutter-Messer zuschneidbar. In der Stra\u00dfe befinden sich 2 Gullideckel und 2 Kanaldeckel. Durch leichtes Erw\u00e4rmen mit Hei\u00dfluft wird das Material biegsam, so kann es auch auf gebogene Wege angepasst werden.<\/div>\n<\/div>\n","protected":false},"excerpt":{"rendered":"<p>Produktinformationen &#8222;H0 Asphaltstra\u00dfe aus Steinkunst, L 75 x B 8 cm&#8220; Die Asphaltstra\u00dfe aus der Steinkunst-Serie besteht aus wetterfestem Sedimentverbundwerkstoff. Dieser Werkstoff erzeugt eine un\u00fcbertroffen realistische Steinoberfl\u00e4che. Die Stra\u00dfe ist flexibel und einfach mit einem Cutter-Messer zuschneidbar. In der Stra\u00dfe befinden sich 2 Gullideckel und 2 Kanaldeckel. Durch leichtes Erw\u00e4rmen mit Hei\u00dfluft wird das Material&#8230;<\/p>\n","protected":false},"featured_media":3096,"comment_status":"open","ping_status":"closed","template":"","meta":[],"product_brand":[],"product_cat":[161,38,41,160],"product_tag":[292,291],"class_list":{"0":"post-3095","1":"product","2":"type-product","3":"status-publish","4":"has-post-thumbnail","6":"product_cat-steinkunst-ho","7":"product_cat-unkategorisiert","8":"product_cat-vollmer","9":"product_cat-vollmer-ho","10":"product_tag-kein-spielzeug-nicht-geeignet-fuer-kinder-unter-14-jahren","11":"product_tag-warn-und-sicherheitshinweise-modellbauartikel","13":"first","14":"instock","15":"taxable","16":"shipping-taxable","17":"purchasable","18":"product-type-simple"},"jetpack_sharing_enabled":true,"_links":{"self":[{"href":"https:\/\/www.mg-modelleisenbahnbau.de\/startseite-2\/wp-json\/wp\/v2\/product\/3095","targetHints":{"allow":["GET"]}}],"collection":[{"href":"https:\/\/www.mg-modelleisenbahnbau.de\/startseite-2\/wp-json\/wp\/v2\/product"}],"about":[{"href":"https:\/\/www.mg-modelleisenbahnbau.de\/startseite-2\/wp-json\/wp\/v2\/types\/product"}],"replies":[{"embeddable":true,"href":"https:\/\/www.mg-modelleisenbahnbau.de\/startseite-2\/wp-json\/wp\/v2\/comments?post=3095"}],"wp:featuredmedia":[{"embeddable":true,"href":"https:\/\/www.mg-modelleisenbahnbau.de\/startseite-2\/wp-json\/wp\/v2\/media\/3096"}],"wp:attachment":[{"href":"https:\/\/www.mg-modelleisenbahnbau.de\/startseite-2\/wp-json\/wp\/v2\/media?parent=3095"}],"wp:term":[{"taxonomy":"product_brand","embeddable":true,"href":"https:\/\/www.mg-modelleisenbahnbau.de\/startseite-2\/wp-json\/wp\/v2\/product_brand?post=3095"},{"taxonomy":"product_cat","embeddable":true,"href":"https:\/\/www.mg-modelleisenbahnbau.de\/startseite-2\/wp-json\/wp\/v2\/product_cat?post=3095"},{"taxonomy":"product_tag","embeddable":true,"href":"https:\/\/www.mg-modelleisenbahnbau.de\/startseite-2\/wp-json\/wp\/v2\/product_tag?post=3095"}],"curies":[{"name":"wp","href":"https:\/\/api.w.org\/{rel}","templated":true}]}}