{"id":3080,"date":"2019-08-13T21:05:58","date_gmt":"2019-08-13T19:05:58","guid":{"rendered":"http:\/\/www.mg-modelleisenbahnbau.de\/?post_type=product&#038;p=3080"},"modified":"2025-07-01T11:19:55","modified_gmt":"2025-07-01T09:19:55","slug":"48250-h0-seitenstreifen-mit-parkbucht-fuer-1-pkw-aus-steinkunst","status":"publish","type":"product","link":"https:\/\/www.mg-modelleisenbahnbau.de\/startseite-2\/produkt\/48250-h0-seitenstreifen-mit-parkbucht-fuer-1-pkw-aus-steinkunst\/","title":{"rendered":"48250 H0 Seitenstreifen mit Parkbucht f\u00fcr 1 PKW aus Steinkunst"},"content":{"rendered":"<div class=\"content--description\">\n<div class=\"content--title\">Produktinformationen &#8222;H0 Seitenstreifen mit Parkbucht f\u00fcr 1 PKW aus Steinkunst&#8220;<\/div>\n<div class=\"product--description\">Dieser Seitenstreifen mit Parkbucht aus der Steinkunst-Serie bestehen aus wetterfestem Sedimentverbundwerkstoff. Dieser Werkstoff erzeugt eine un\u00fcbertroffen realistische Steinoberfl\u00e4che. Der Seitenstreifen ist universell einsetzbar. Die Oberfl\u00e4che des Gehwegs ist in Betonplatten-Optik gestaltet. Der Bereich neben dem Gehweg kann z. B. individuell begr\u00fcnt werden. Die Parkbucht ist f\u00fcr einen PKW geeignet. L 27,3 x B 6,6 x H 0,2 cm.<\/div>\n<\/div>\n","protected":false},"excerpt":{"rendered":"<p>Produktinformationen &#8222;H0 Seitenstreifen mit Parkbucht f\u00fcr 1 PKW aus Steinkunst&#8220; Dieser Seitenstreifen mit Parkbucht aus der Steinkunst-Serie bestehen aus wetterfestem Sedimentverbundwerkstoff. Dieser Werkstoff erzeugt eine un\u00fcbertroffen realistische Steinoberfl\u00e4che. Der Seitenstreifen ist universell einsetzbar. Die Oberfl\u00e4che des Gehwegs ist in Betonplatten-Optik gestaltet. Der Bereich neben dem Gehweg kann z. B. individuell begr\u00fcnt werden. Die Parkbucht ist&#8230;<\/p>\n","protected":false},"featured_media":3081,"comment_status":"open","ping_status":"closed","template":"","meta":[],"product_brand":[],"product_cat":[161,38,41,160],"product_tag":[292,291],"class_list":{"0":"post-3080","1":"product","2":"type-product","3":"status-publish","4":"has-post-thumbnail","6":"product_cat-steinkunst-ho","7":"product_cat-unkategorisiert","8":"product_cat-vollmer","9":"product_cat-vollmer-ho","10":"product_tag-kein-spielzeug-nicht-geeignet-fuer-kinder-unter-14-jahren","11":"product_tag-warn-und-sicherheitshinweise-modellbauartikel","13":"first","14":"instock","15":"taxable","16":"shipping-taxable","17":"purchasable","18":"product-type-simple"},"jetpack_sharing_enabled":true,"_links":{"self":[{"href":"https:\/\/www.mg-modelleisenbahnbau.de\/startseite-2\/wp-json\/wp\/v2\/product\/3080","targetHints":{"allow":["GET"]}}],"collection":[{"href":"https:\/\/www.mg-modelleisenbahnbau.de\/startseite-2\/wp-json\/wp\/v2\/product"}],"about":[{"href":"https:\/\/www.mg-modelleisenbahnbau.de\/startseite-2\/wp-json\/wp\/v2\/types\/product"}],"replies":[{"embeddable":true,"href":"https:\/\/www.mg-modelleisenbahnbau.de\/startseite-2\/wp-json\/wp\/v2\/comments?post=3080"}],"wp:featuredmedia":[{"embeddable":true,"href":"https:\/\/www.mg-modelleisenbahnbau.de\/startseite-2\/wp-json\/wp\/v2\/media\/3081"}],"wp:attachment":[{"href":"https:\/\/www.mg-modelleisenbahnbau.de\/startseite-2\/wp-json\/wp\/v2\/media?parent=3080"}],"wp:term":[{"taxonomy":"product_brand","embeddable":true,"href":"https:\/\/www.mg-modelleisenbahnbau.de\/startseite-2\/wp-json\/wp\/v2\/product_brand?post=3080"},{"taxonomy":"product_cat","embeddable":true,"href":"https:\/\/www.mg-modelleisenbahnbau.de\/startseite-2\/wp-json\/wp\/v2\/product_cat?post=3080"},{"taxonomy":"product_tag","embeddable":true,"href":"https:\/\/www.mg-modelleisenbahnbau.de\/startseite-2\/wp-json\/wp\/v2\/product_tag?post=3080"}],"curies":[{"name":"wp","href":"https:\/\/api.w.org\/{rel}","templated":true}]}}