{"id":3072,"date":"2019-08-13T20:27:15","date_gmt":"2019-08-13T18:27:15","guid":{"rendered":"http:\/\/www.mg-modelleisenbahnbau.de\/?post_type=product&#038;p=3072"},"modified":"2025-07-01T08:09:16","modified_gmt":"2025-07-01T06:09:16","slug":"45765-h0-e-lokschuppen-mit-tuerschliessvorrichtung-zweistaendig","status":"publish","type":"product","link":"https:\/\/www.mg-modelleisenbahnbau.de\/startseite-2\/produkt\/45765-h0-e-lokschuppen-mit-tuerschliessvorrichtung-zweistaendig\/","title":{"rendered":"45765 H0 E-Lokschuppen mit T\u00fcrschlie\u00dfvorrichtung, zweist\u00e4ndig"},"content":{"rendered":"<div class=\"content--description\">\n<div class=\"content--title\">Produktinformationen &#8222;H0 E-Lokschuppen mit T\u00fcrschlie\u00dfvorrichtung, zweist\u00e4ndig&#8220;<\/div>\n<div class=\"product--description\">Ob Sie mit Strom oder Diesel fahren ist egal, moderne Lokschuppen m\u00fcssen sein. Die T\u00fcren werden von den ein- und ausfahrenden Lokomotiven automatisch ge\u00f6ffnet und geschlossen. Der Abstand von Gleismitte zu Gleismitte betr\u00e4gt 7,5 cm. Ma\u00dfe: L 34,5 x B 17 x H 11 cm.<\/div>\n<\/div>\n","protected":false},"excerpt":{"rendered":"<p>Produktinformationen &#8222;H0 E-Lokschuppen mit T\u00fcrschlie\u00dfvorrichtung, zweist\u00e4ndig&#8220; Ob Sie mit Strom oder Diesel fahren ist egal, moderne Lokschuppen m\u00fcssen sein. Die T\u00fcren werden von den ein- und ausfahrenden Lokomotiven automatisch ge\u00f6ffnet und geschlossen. Der Abstand von Gleismitte zu Gleismitte betr\u00e4gt 7,5 cm. Ma\u00dfe: L 34,5 x B 17 x H 11 cm.<\/p>\n","protected":false},"featured_media":3073,"comment_status":"open","ping_status":"closed","template":"","meta":[],"product_brand":[],"product_cat":[168,38,41,160],"product_tag":[292,291],"class_list":{"0":"post-3072","1":"product","2":"type-product","3":"status-publish","4":"has-post-thumbnail","6":"product_cat-bahnbestriebswerke-ho","7":"product_cat-unkategorisiert","8":"product_cat-vollmer","9":"product_cat-vollmer-ho","10":"product_tag-kein-spielzeug-nicht-geeignet-fuer-kinder-unter-14-jahren","11":"product_tag-warn-und-sicherheitshinweise-modellbauartikel","13":"first","14":"instock","15":"taxable","16":"shipping-taxable","17":"purchasable","18":"product-type-simple"},"jetpack_sharing_enabled":true,"_links":{"self":[{"href":"https:\/\/www.mg-modelleisenbahnbau.de\/startseite-2\/wp-json\/wp\/v2\/product\/3072","targetHints":{"allow":["GET"]}}],"collection":[{"href":"https:\/\/www.mg-modelleisenbahnbau.de\/startseite-2\/wp-json\/wp\/v2\/product"}],"about":[{"href":"https:\/\/www.mg-modelleisenbahnbau.de\/startseite-2\/wp-json\/wp\/v2\/types\/product"}],"replies":[{"embeddable":true,"href":"https:\/\/www.mg-modelleisenbahnbau.de\/startseite-2\/wp-json\/wp\/v2\/comments?post=3072"}],"wp:featuredmedia":[{"embeddable":true,"href":"https:\/\/www.mg-modelleisenbahnbau.de\/startseite-2\/wp-json\/wp\/v2\/media\/3073"}],"wp:attachment":[{"href":"https:\/\/www.mg-modelleisenbahnbau.de\/startseite-2\/wp-json\/wp\/v2\/media?parent=3072"}],"wp:term":[{"taxonomy":"product_brand","embeddable":true,"href":"https:\/\/www.mg-modelleisenbahnbau.de\/startseite-2\/wp-json\/wp\/v2\/product_brand?post=3072"},{"taxonomy":"product_cat","embeddable":true,"href":"https:\/\/www.mg-modelleisenbahnbau.de\/startseite-2\/wp-json\/wp\/v2\/product_cat?post=3072"},{"taxonomy":"product_tag","embeddable":true,"href":"https:\/\/www.mg-modelleisenbahnbau.de\/startseite-2\/wp-json\/wp\/v2\/product_tag?post=3072"}],"curies":[{"name":"wp","href":"https:\/\/api.w.org\/{rel}","templated":true}]}}