{"id":3065,"date":"2019-08-12T21:58:55","date_gmt":"2019-08-12T19:58:55","guid":{"rendered":"http:\/\/www.mg-modelleisenbahnbau.de\/?post_type=product&#038;p=3065"},"modified":"2025-06-30T19:48:49","modified_gmt":"2025-06-30T17:48:49","slug":"43679-h0-villa-vampir-mit-rotem-flackerlicht-und-farbtabletten-funktionsbausatz","status":"publish","type":"product","link":"https:\/\/www.mg-modelleisenbahnbau.de\/startseite-2\/produkt\/43679-h0-villa-vampir-mit-rotem-flackerlicht-und-farbtabletten-funktionsbausatz\/","title":{"rendered":"43679 H0 Villa Vampir mit rotem Flackerlicht und Farbtabletten, Funktionsbausatz"},"content":{"rendered":"<div class=\"content--description\">\n<div class=\"content--title\">Produktinformationen &#8222;H0 Villa Vampir mit rotem Flackerlicht und Farbtabletten, Funktionsbausatz&#8220;<\/div>\n<div class=\"product--description\">Hier geht es rund zur Geisterstund! 2 rote Flackerbirnchen sorgen f\u00fcr den passenden Lichteffekt. Mit den beiliegenden Farbtabletten kann das Geb\u00e4ude individuell gealtert werden. Das umfangreiche Zubeh\u00f6r wie z. B. Grabsteine und Geisterfiguren rundet die Szenerie ab. Mit den Rauchgeneratoren aus dem Vollmer Sortiment, z. B. Art. 44114 und einem passenden Rauchdestillat erzeugen Sie den gruseligen Nebel. Ma\u00dfe: L 13 x B 13 x H 16,5 cm.<\/div>\n<\/div>\n","protected":false},"excerpt":{"rendered":"<p>Produktinformationen &#8222;H0 Villa Vampir mit rotem Flackerlicht und Farbtabletten, Funktionsbausatz&#8220; Hier geht es rund zur Geisterstund! 2 rote Flackerbirnchen sorgen f\u00fcr den passenden Lichteffekt. Mit den beiliegenden Farbtabletten kann das Geb\u00e4ude individuell gealtert werden. Das umfangreiche Zubeh\u00f6r wie z. B. Grabsteine und Geisterfiguren rundet die Szenerie ab. Mit den Rauchgeneratoren aus dem Vollmer Sortiment, z&#8230;.<\/p>\n","protected":false},"featured_media":3066,"comment_status":"open","ping_status":"closed","template":"","meta":[],"product_brand":[],"product_cat":[174,38,41,160],"product_tag":[292,291],"class_list":{"0":"post-3065","1":"product","2":"type-product","3":"status-publish","4":"has-post-thumbnail","6":"product_cat-brandgrschehen-ho","7":"product_cat-unkategorisiert","8":"product_cat-vollmer","9":"product_cat-vollmer-ho","10":"product_tag-kein-spielzeug-nicht-geeignet-fuer-kinder-unter-14-jahren","11":"product_tag-warn-und-sicherheitshinweise-modellbauartikel","13":"first","14":"instock","15":"taxable","16":"shipping-taxable","17":"purchasable","18":"product-type-simple"},"jetpack_sharing_enabled":true,"_links":{"self":[{"href":"https:\/\/www.mg-modelleisenbahnbau.de\/startseite-2\/wp-json\/wp\/v2\/product\/3065","targetHints":{"allow":["GET"]}}],"collection":[{"href":"https:\/\/www.mg-modelleisenbahnbau.de\/startseite-2\/wp-json\/wp\/v2\/product"}],"about":[{"href":"https:\/\/www.mg-modelleisenbahnbau.de\/startseite-2\/wp-json\/wp\/v2\/types\/product"}],"replies":[{"embeddable":true,"href":"https:\/\/www.mg-modelleisenbahnbau.de\/startseite-2\/wp-json\/wp\/v2\/comments?post=3065"}],"wp:featuredmedia":[{"embeddable":true,"href":"https:\/\/www.mg-modelleisenbahnbau.de\/startseite-2\/wp-json\/wp\/v2\/media\/3066"}],"wp:attachment":[{"href":"https:\/\/www.mg-modelleisenbahnbau.de\/startseite-2\/wp-json\/wp\/v2\/media?parent=3065"}],"wp:term":[{"taxonomy":"product_brand","embeddable":true,"href":"https:\/\/www.mg-modelleisenbahnbau.de\/startseite-2\/wp-json\/wp\/v2\/product_brand?post=3065"},{"taxonomy":"product_cat","embeddable":true,"href":"https:\/\/www.mg-modelleisenbahnbau.de\/startseite-2\/wp-json\/wp\/v2\/product_cat?post=3065"},{"taxonomy":"product_tag","embeddable":true,"href":"https:\/\/www.mg-modelleisenbahnbau.de\/startseite-2\/wp-json\/wp\/v2\/product_tag?post=3065"}],"curies":[{"name":"wp","href":"https:\/\/api.w.org\/{rel}","templated":true}]}}