{"id":3047,"date":"2019-08-12T18:09:47","date_gmt":"2019-08-12T16:09:47","guid":{"rendered":"http:\/\/www.mg-modelleisenbahnbau.de\/?post_type=product&#038;p=3047"},"modified":"2025-06-29T21:52:58","modified_gmt":"2025-06-29T19:52:58","slug":"4701-h0-digital-form-hauptsignal-mit-2-gekoppelten-fluegeln","status":"publish","type":"product","link":"https:\/\/www.mg-modelleisenbahnbau.de\/startseite-2\/produkt\/4701-h0-digital-form-hauptsignal-mit-2-gekoppelten-fluegeln\/","title":{"rendered":"4701 H0 Digital Form-Hauptsignal mit 2 gekoppelten Fl\u00fcgeln"},"content":{"rendered":"<div class=\"content--description\">\n<div class=\"content--title\">Produktinformationen &#8222;H0 Digital Form-Hauptsignal mit 2 gekoppelten Fl\u00fcgeln&#8220;<\/div>\n<div class=\"product--description\">Mit filigranem Gittermast aus Messing in originalgetreuer Lackierung, bedruckten\u00a0Signalfl\u00fcgeln, leistungsstarkem und ger\u00e4uscharmem motorischem Antrieb und integriertem Multiprotokoll-Digitaldecoder f\u00fcr DCC und MM. Dieser sorgt f\u00fcr eine besonders vorbildgerechte Fl\u00fcgelbewegung. Sogar das Nachwippen der Signalfl\u00fcgel\u00a0kann individuell eingestellt werden. Im Auslieferungszustand ist das Nachwippen bereits eingestellt. Der kompakte, nur 4,5 mm hohe\u00a0Oberflurantrieb ist inklusive Decoder am Mastfu\u00df des Signals untergebracht. Wartungsfrei dank LED-Beleuchtung. F\u00fcr Analog- und Digitalbetrieb geeignet. Konfigurierbare Schaltausg\u00e4nge k\u00f6nnen Relais schalten, z. B. f\u00fcr Zugbeeinflussung. Signalbilder Hp0 und Hp2. Gesamth\u00f6he: 103 mm. Antrieb: L 35 x B 16 x H 4,5 mm.<\/div>\n<\/div>\n","protected":false},"excerpt":{"rendered":"<p>Produktinformationen &#8222;H0 Digital Form-Hauptsignal mit 2 gekoppelten Fl\u00fcgeln&#8220; Mit filigranem Gittermast aus Messing in originalgetreuer Lackierung, bedruckten\u00a0Signalfl\u00fcgeln, leistungsstarkem und ger\u00e4uscharmem motorischem Antrieb und integriertem Multiprotokoll-Digitaldecoder f\u00fcr DCC und MM. Dieser sorgt f\u00fcr eine besonders vorbildgerechte Fl\u00fcgelbewegung. Sogar das Nachwippen der Signalfl\u00fcgel\u00a0kann individuell eingestellt werden. Im Auslieferungszustand ist das Nachwippen bereits eingestellt. Der kompakte, nur 4,5&#8230;<\/p>\n","protected":false},"featured_media":3048,"comment_status":"open","ping_status":"closed","template":"","meta":[],"product_brand":[],"product_cat":[125,38,37,124],"product_tag":[292,291],"class_list":{"0":"post-3047","1":"product","2":"type-product","3":"status-publish","4":"has-post-thumbnail","6":"product_cat-formsignale-h0","7":"product_cat-unkategorisiert","8":"product_cat-viessmann","9":"product_cat-viessmann-spur-h0","10":"product_tag-kein-spielzeug-nicht-geeignet-fuer-kinder-unter-14-jahren","11":"product_tag-warn-und-sicherheitshinweise-modellbauartikel","13":"first","14":"instock","15":"taxable","16":"shipping-taxable","17":"purchasable","18":"product-type-simple"},"jetpack_sharing_enabled":true,"_links":{"self":[{"href":"https:\/\/www.mg-modelleisenbahnbau.de\/startseite-2\/wp-json\/wp\/v2\/product\/3047","targetHints":{"allow":["GET"]}}],"collection":[{"href":"https:\/\/www.mg-modelleisenbahnbau.de\/startseite-2\/wp-json\/wp\/v2\/product"}],"about":[{"href":"https:\/\/www.mg-modelleisenbahnbau.de\/startseite-2\/wp-json\/wp\/v2\/types\/product"}],"replies":[{"embeddable":true,"href":"https:\/\/www.mg-modelleisenbahnbau.de\/startseite-2\/wp-json\/wp\/v2\/comments?post=3047"}],"wp:featuredmedia":[{"embeddable":true,"href":"https:\/\/www.mg-modelleisenbahnbau.de\/startseite-2\/wp-json\/wp\/v2\/media\/3048"}],"wp:attachment":[{"href":"https:\/\/www.mg-modelleisenbahnbau.de\/startseite-2\/wp-json\/wp\/v2\/media?parent=3047"}],"wp:term":[{"taxonomy":"product_brand","embeddable":true,"href":"https:\/\/www.mg-modelleisenbahnbau.de\/startseite-2\/wp-json\/wp\/v2\/product_brand?post=3047"},{"taxonomy":"product_cat","embeddable":true,"href":"https:\/\/www.mg-modelleisenbahnbau.de\/startseite-2\/wp-json\/wp\/v2\/product_cat?post=3047"},{"taxonomy":"product_tag","embeddable":true,"href":"https:\/\/www.mg-modelleisenbahnbau.de\/startseite-2\/wp-json\/wp\/v2\/product_tag?post=3047"}],"curies":[{"name":"wp","href":"https:\/\/api.w.org\/{rel}","templated":true}]}}