{"id":3017,"date":"2019-08-11T11:27:11","date_gmt":"2019-08-11T09:27:11","guid":{"rendered":"http:\/\/www.mg-modelleisenbahnbau.de\/?post_type=product&#038;p=3017"},"modified":"2025-06-29T22:38:32","modified_gmt":"2025-06-29T20:38:32","slug":"5103-h0-verlaengerungssatz-fuer-bahnschranke-5100","status":"publish","type":"product","link":"https:\/\/www.mg-modelleisenbahnbau.de\/startseite-2\/produkt\/5103-h0-verlaengerungssatz-fuer-bahnschranke-5100\/","title":{"rendered":"5103 H0 Verl\u00e4ngerungssatz f\u00fcr Bahnschranke 5100"},"content":{"rendered":"<div class=\"content--description\">\n<div class=\"content--title\">Produktinformationen &#8222;H0 Verl\u00e4ngerungssatz f\u00fcr Bahnschranke 5100&#8220;<\/div>\n<div class=\"product--description\">Zum Verl\u00e4ngern der Schrankenb\u00e4ume von Art. 5100. Bestehend aus je einem Gleisf\u00fcllst\u00fcck f\u00fcr Zwei- und Mittelleitergleis, je 6 roten und wei\u00dfen Schrankenverl\u00e4ngerungen, 2 Auffahrrampen, 4 Rampenf\u00fc\u00dfen und 2 Ausgleichsfedern.<\/div>\n<\/div>\n","protected":false},"excerpt":{"rendered":"<p>Produktinformationen &#8222;H0 Verl\u00e4ngerungssatz f\u00fcr Bahnschranke 5100&#8220; Zum Verl\u00e4ngern der Schrankenb\u00e4ume von Art. 5100. Bestehend aus je einem Gleisf\u00fcllst\u00fcck f\u00fcr Zwei- und Mittelleitergleis, je 6 roten und wei\u00dfen Schrankenverl\u00e4ngerungen, 2 Auffahrrampen, 4 Rampenf\u00fc\u00dfen und 2 Ausgleichsfedern.<\/p>\n","protected":false},"featured_media":3018,"comment_status":"open","ping_status":"closed","template":"","meta":[],"product_brand":[],"product_cat":[130,38,37,124],"product_tag":[292,291],"class_list":{"0":"post-3017","1":"product","2":"type-product","3":"status-publish","4":"has-post-thumbnail","6":"product_cat-bahnzubehoer-h0","7":"product_cat-unkategorisiert","8":"product_cat-viessmann","9":"product_cat-viessmann-spur-h0","10":"product_tag-kein-spielzeug-nicht-geeignet-fuer-kinder-unter-14-jahren","11":"product_tag-warn-und-sicherheitshinweise-modellbauartikel","13":"first","14":"instock","15":"taxable","16":"shipping-taxable","17":"purchasable","18":"product-type-simple"},"jetpack_sharing_enabled":true,"_links":{"self":[{"href":"https:\/\/www.mg-modelleisenbahnbau.de\/startseite-2\/wp-json\/wp\/v2\/product\/3017","targetHints":{"allow":["GET"]}}],"collection":[{"href":"https:\/\/www.mg-modelleisenbahnbau.de\/startseite-2\/wp-json\/wp\/v2\/product"}],"about":[{"href":"https:\/\/www.mg-modelleisenbahnbau.de\/startseite-2\/wp-json\/wp\/v2\/types\/product"}],"replies":[{"embeddable":true,"href":"https:\/\/www.mg-modelleisenbahnbau.de\/startseite-2\/wp-json\/wp\/v2\/comments?post=3017"}],"wp:featuredmedia":[{"embeddable":true,"href":"https:\/\/www.mg-modelleisenbahnbau.de\/startseite-2\/wp-json\/wp\/v2\/media\/3018"}],"wp:attachment":[{"href":"https:\/\/www.mg-modelleisenbahnbau.de\/startseite-2\/wp-json\/wp\/v2\/media?parent=3017"}],"wp:term":[{"taxonomy":"product_brand","embeddable":true,"href":"https:\/\/www.mg-modelleisenbahnbau.de\/startseite-2\/wp-json\/wp\/v2\/product_brand?post=3017"},{"taxonomy":"product_cat","embeddable":true,"href":"https:\/\/www.mg-modelleisenbahnbau.de\/startseite-2\/wp-json\/wp\/v2\/product_cat?post=3017"},{"taxonomy":"product_tag","embeddable":true,"href":"https:\/\/www.mg-modelleisenbahnbau.de\/startseite-2\/wp-json\/wp\/v2\/product_tag?post=3017"}],"curies":[{"name":"wp","href":"https:\/\/api.w.org\/{rel}","templated":true}]}}