{"id":2999,"date":"2019-08-09T19:54:21","date_gmt":"2019-08-09T17:54:21","guid":{"rendered":"http:\/\/www.mg-modelleisenbahnbau.de\/?post_type=product&#038;p=2999"},"modified":"2025-03-06T18:07:07","modified_gmt":"2025-03-06T17:07:07","slug":"2619-h0-robel-gleiskraftwagen-54-22-wiebe-mit-pruefpantograph-und-arbeitskorb-funktionsmodell-3l","status":"publish","type":"product","link":"https:\/\/www.mg-modelleisenbahnbau.de\/startseite-2\/produkt\/2619-h0-robel-gleiskraftwagen-54-22-wiebe-mit-pruefpantograph-und-arbeitskorb-funktionsmodell-3l\/","title":{"rendered":"2619 H0 ROBEL Gleiskraftwagen 54.22 WIEBE mit Pr\u00fcfpantograph und Arbeitskorb, Funktionsmodell 3L"},"content":{"rendered":"<div class=\"content--description\">\n<div class=\"content--title\">Produktinformationen &#8222;H0 ROBEL Gleiskraftwagen 54.22 WIEBE mit Pr\u00fcfpantograph und Arbeitskorb, Funktionsmodell 3L&#8220;<\/div>\n<div class=\"product--description\">Funktionsmodell f\u00fcr Dreileitersysteme. Dieses Modell \u00fcberzeugt durch einen extra hierf\u00fcr entwickelten und patentierten Unterflurantrieb, die der flachen Bauweise dieses Gleisbaufahrzeuges angepasst ist und mit sehr stabilen Fahreigenschaften aufwartet. Bei Langsamfahrt, im Betrieb mit Sound, digital und analog \u00fcberzeugt der ROBEL auf ganzer Linie. Das Fahrzeug ist vielseitig einsetzbar und geh\u00f6rt auf jede Modellanlage. Mit elektrischem Antrieb, fahrtrichtungsabh\u00e4ngiger Dreilicht-Spitzenbeleuchtung bzw. roten Schlussleuchten, gelber Warnblinkleuchte. Der Kranarm ist ohne Antrieb und der Pantograph ohne elektrische Funktion. Der Arbeitskorb ist gegen den Kranhaken austauschbar. Das integrierte Soundmodul gibt die Pfeife und verschiedene betriebsabh\u00e4ngige Ger\u00e4usche wieder. Digitaldecoder f\u00fcr DCC\/MM und Analogbetrieb (AC\/DC) mit integriertem Stromspeicher, RailCom-f\u00e4hig. Funktionsumfang im Analogbetrieb: Fahrmodus vorw\u00e4rts\/r\u00fcckw\u00e4rts, Warnblinkleuchte und Kabinenbeleuchtung aktiv, Sound aktiv (Lautst\u00e4rke einstellbar \u00fcber CV), Licht aktiv. Funktionsumfang im Digitalbetrieb: Fahrmodus vorw\u00e4rts\/r\u00fcckw\u00e4rts, schaltbare Funktionen: Warnblinkleuchte, Kabinenbeleuchtung, Sound (Lautst\u00e4rke einstellbar \u00fcber CV), Pfeife, Kompressorsound, Licht. Mit Kupplungssch\u00e4chten nach NEM 362 beidseitig, Kurzkupplungskinematik und beiliegender Systemkupplung. Ma\u00dfe: L\u00fcP 13,4 x B 3,6 x H 4,8 cm.<\/div>\n<\/div>\n","protected":false},"excerpt":{"rendered":"<p>Produktinformationen &#8222;H0 ROBEL Gleiskraftwagen 54.22 WIEBE mit Pr\u00fcfpantograph und Arbeitskorb, Funktionsmodell 3L&#8220; Funktionsmodell f\u00fcr Dreileitersysteme. Dieses Modell \u00fcberzeugt durch einen extra hierf\u00fcr entwickelten und patentierten Unterflurantrieb, die der flachen Bauweise dieses Gleisbaufahrzeuges angepasst ist und mit sehr stabilen Fahreigenschaften aufwartet. Bei Langsamfahrt, im Betrieb mit Sound, digital und analog \u00fcberzeugt der ROBEL auf ganzer Linie&#8230;.<\/p>\n","protected":false},"featured_media":3001,"comment_status":"open","ping_status":"closed","template":"","meta":[],"product_brand":[],"product_cat":[128,38,37,124],"product_tag":[292,291],"class_list":{"0":"post-2999","1":"product","2":"type-product","3":"status-publish","4":"has-post-thumbnail","6":"product_cat-railmotion-h0","7":"product_cat-unkategorisiert","8":"product_cat-viessmann","9":"product_cat-viessmann-spur-h0","10":"product_tag-kein-spielzeug-nicht-geeignet-fuer-kinder-unter-14-jahren","11":"product_tag-warn-und-sicherheitshinweise-modellbauartikel","13":"first","14":"instock","15":"taxable","16":"shipping-taxable","17":"purchasable","18":"product-type-simple"},"jetpack_sharing_enabled":true,"_links":{"self":[{"href":"https:\/\/www.mg-modelleisenbahnbau.de\/startseite-2\/wp-json\/wp\/v2\/product\/2999","targetHints":{"allow":["GET"]}}],"collection":[{"href":"https:\/\/www.mg-modelleisenbahnbau.de\/startseite-2\/wp-json\/wp\/v2\/product"}],"about":[{"href":"https:\/\/www.mg-modelleisenbahnbau.de\/startseite-2\/wp-json\/wp\/v2\/types\/product"}],"replies":[{"embeddable":true,"href":"https:\/\/www.mg-modelleisenbahnbau.de\/startseite-2\/wp-json\/wp\/v2\/comments?post=2999"}],"wp:featuredmedia":[{"embeddable":true,"href":"https:\/\/www.mg-modelleisenbahnbau.de\/startseite-2\/wp-json\/wp\/v2\/media\/3001"}],"wp:attachment":[{"href":"https:\/\/www.mg-modelleisenbahnbau.de\/startseite-2\/wp-json\/wp\/v2\/media?parent=2999"}],"wp:term":[{"taxonomy":"product_brand","embeddable":true,"href":"https:\/\/www.mg-modelleisenbahnbau.de\/startseite-2\/wp-json\/wp\/v2\/product_brand?post=2999"},{"taxonomy":"product_cat","embeddable":true,"href":"https:\/\/www.mg-modelleisenbahnbau.de\/startseite-2\/wp-json\/wp\/v2\/product_cat?post=2999"},{"taxonomy":"product_tag","embeddable":true,"href":"https:\/\/www.mg-modelleisenbahnbau.de\/startseite-2\/wp-json\/wp\/v2\/product_tag?post=2999"}],"curies":[{"name":"wp","href":"https:\/\/api.w.org\/{rel}","templated":true}]}}