{"id":2991,"date":"2019-07-19T14:10:53","date_gmt":"2019-07-19T12:10:53","guid":{"rendered":"http:\/\/www.mg-modelleisenbahnbau.de\/?post_type=product&#038;p=2991"},"modified":"2025-06-29T23:30:35","modified_gmt":"2025-06-29T21:30:35","slug":"5561-soundmodul-schlechte-manieren-ruelpsen-und-pupsen","status":"publish","type":"product","link":"https:\/\/www.mg-modelleisenbahnbau.de\/startseite-2\/produkt\/5561-soundmodul-schlechte-manieren-ruelpsen-und-pupsen\/","title":{"rendered":"5561 Soundmodul Schlechte Manieren (R\u00fclpsen und Pupsen)"},"content":{"rendered":"<div class=\"content--description\">\n<div class=\"content--title\">Produktinformationen &#8222;Soundmodul Schlechte Manieren (R\u00fclpsen und Pupsen)&#8220;<\/div>\n<div class=\"product--description\">Modellbahn mit allen Sinnen erleben: Das station\u00e4re Soundmodul erg\u00e4nzt die Szenen der Bewegten Welten um die passenden Ger\u00e4usche. Das Soundmodul verf\u00fcgt \u00fcber einen internen Lautsprecher und einen Anschluss f\u00fcr einen externen Lautsprecher. Es passt z. B. zu den Klogeschichten Art. 1500 und Art. 1545, dem Mann muss mal Art. 1547 oder den Biertrinkern Art. 1525 und gibt die beiden Ger\u00e4usche im Wechsel wieder.<\/div>\n<\/div>\n","protected":false},"excerpt":{"rendered":"<p>Produktinformationen &#8222;Soundmodul Schlechte Manieren (R\u00fclpsen und Pupsen)&#8220; Modellbahn mit allen Sinnen erleben: Das station\u00e4re Soundmodul erg\u00e4nzt die Szenen der Bewegten Welten um die passenden Ger\u00e4usche. Das Soundmodul verf\u00fcgt \u00fcber einen internen Lautsprecher und einen Anschluss f\u00fcr einen externen Lautsprecher. Es passt z. B. zu den Klogeschichten Art. 1500 und Art. 1545, dem Mann muss mal&#8230;<\/p>\n","protected":false},"featured_media":3053,"comment_status":"open","ping_status":"closed","template":"","meta":[],"product_brand":[],"product_cat":[129,38,37,124],"product_tag":[292,291],"class_list":{"0":"post-2991","1":"product","2":"type-product","3":"status-publish","4":"has-post-thumbnail","6":"product_cat-emotion-h0","7":"product_cat-unkategorisiert","8":"product_cat-viessmann","9":"product_cat-viessmann-spur-h0","10":"product_tag-kein-spielzeug-nicht-geeignet-fuer-kinder-unter-14-jahren","11":"product_tag-warn-und-sicherheitshinweise-modellbauartikel","13":"first","14":"instock","15":"taxable","16":"shipping-taxable","17":"purchasable","18":"product-type-simple"},"jetpack_sharing_enabled":true,"_links":{"self":[{"href":"https:\/\/www.mg-modelleisenbahnbau.de\/startseite-2\/wp-json\/wp\/v2\/product\/2991","targetHints":{"allow":["GET"]}}],"collection":[{"href":"https:\/\/www.mg-modelleisenbahnbau.de\/startseite-2\/wp-json\/wp\/v2\/product"}],"about":[{"href":"https:\/\/www.mg-modelleisenbahnbau.de\/startseite-2\/wp-json\/wp\/v2\/types\/product"}],"replies":[{"embeddable":true,"href":"https:\/\/www.mg-modelleisenbahnbau.de\/startseite-2\/wp-json\/wp\/v2\/comments?post=2991"}],"wp:featuredmedia":[{"embeddable":true,"href":"https:\/\/www.mg-modelleisenbahnbau.de\/startseite-2\/wp-json\/wp\/v2\/media\/3053"}],"wp:attachment":[{"href":"https:\/\/www.mg-modelleisenbahnbau.de\/startseite-2\/wp-json\/wp\/v2\/media?parent=2991"}],"wp:term":[{"taxonomy":"product_brand","embeddable":true,"href":"https:\/\/www.mg-modelleisenbahnbau.de\/startseite-2\/wp-json\/wp\/v2\/product_brand?post=2991"},{"taxonomy":"product_cat","embeddable":true,"href":"https:\/\/www.mg-modelleisenbahnbau.de\/startseite-2\/wp-json\/wp\/v2\/product_cat?post=2991"},{"taxonomy":"product_tag","embeddable":true,"href":"https:\/\/www.mg-modelleisenbahnbau.de\/startseite-2\/wp-json\/wp\/v2\/product_tag?post=2991"}],"curies":[{"name":"wp","href":"https:\/\/api.w.org\/{rel}","templated":true}]}}