{"id":2955,"date":"2019-04-18T17:38:24","date_gmt":"2019-04-18T15:38:24","guid":{"rendered":"http:\/\/www.mg-modelleisenbahnbau.de\/?post_type=product&#038;p=2955"},"modified":"2025-06-30T17:29:14","modified_gmt":"2025-06-30T15:29:14","slug":"39816-h0-saegewerk-mit-kran-schwellensaege-und-inneneinrichtung","status":"publish","type":"product","link":"https:\/\/www.mg-modelleisenbahnbau.de\/startseite-2\/produkt\/39816-h0-saegewerk-mit-kran-schwellensaege-und-inneneinrichtung\/","title":{"rendered":"39816 H0 S\u00e4gewerk mit Kran, Schwellens\u00e4ge und Inneneinrichtung"},"content":{"rendered":"<div class=\"content--description\">\n<div class=\"content--title\">Produktinformationen &#8222;H0 S\u00e4gewerk mit Kran, Schwellens\u00e4ge und Inneneinrichtung&#8220;<\/div>\n<div class=\"product--description\">Bausatz. Mit Ausgestaltungsmaterial. Ma\u00dfe: S\u00e4gewerk L 58 x B 17 x H 11 cm, Kran L 27 x B 3 x H 13,5 cm. Schwierigkeitsgrad: 2 (Fortgeschrittene).<\/div>\n<\/div>\n<div><\/div>\n<div><span style=\"color: #ff0000;\"><strong><span class=\"delivery--text delivery--text-not-available\">\u00a0<\/span><\/strong><\/span><\/div>\n","protected":false},"excerpt":{"rendered":"<p>Produktinformationen &#8222;H0 S\u00e4gewerk mit Kran, Schwellens\u00e4ge und Inneneinrichtung&#8220; Bausatz. Mit Ausgestaltungsmaterial. Ma\u00dfe: S\u00e4gewerk L 58 x B 17 x H 11 cm, Kran L 27 x B 3 x H 13,5 cm. Schwierigkeitsgrad: 2 (Fortgeschrittene). \u00a0<\/p>\n","protected":false},"featured_media":2957,"comment_status":"open","ping_status":"closed","template":"","meta":[],"product_brand":[],"product_cat":[208,44,201,38],"product_tag":[292,291],"class_list":{"0":"post-2955","1":"product","2":"type-product","3":"status-publish","4":"has-post-thumbnail","6":"product_cat-industrie-gewerbe-hallen","7":"product_cat-kibri","8":"product_cat-kibri-spur-ho","9":"product_cat-unkategorisiert","10":"product_tag-kein-spielzeug-nicht-geeignet-fuer-kinder-unter-14-jahren","11":"product_tag-warn-und-sicherheitshinweise-modellbauartikel","13":"first","14":"instock","15":"taxable","16":"shipping-taxable","17":"purchasable","18":"product-type-simple"},"jetpack_sharing_enabled":true,"_links":{"self":[{"href":"https:\/\/www.mg-modelleisenbahnbau.de\/startseite-2\/wp-json\/wp\/v2\/product\/2955","targetHints":{"allow":["GET"]}}],"collection":[{"href":"https:\/\/www.mg-modelleisenbahnbau.de\/startseite-2\/wp-json\/wp\/v2\/product"}],"about":[{"href":"https:\/\/www.mg-modelleisenbahnbau.de\/startseite-2\/wp-json\/wp\/v2\/types\/product"}],"replies":[{"embeddable":true,"href":"https:\/\/www.mg-modelleisenbahnbau.de\/startseite-2\/wp-json\/wp\/v2\/comments?post=2955"}],"wp:featuredmedia":[{"embeddable":true,"href":"https:\/\/www.mg-modelleisenbahnbau.de\/startseite-2\/wp-json\/wp\/v2\/media\/2957"}],"wp:attachment":[{"href":"https:\/\/www.mg-modelleisenbahnbau.de\/startseite-2\/wp-json\/wp\/v2\/media?parent=2955"}],"wp:term":[{"taxonomy":"product_brand","embeddable":true,"href":"https:\/\/www.mg-modelleisenbahnbau.de\/startseite-2\/wp-json\/wp\/v2\/product_brand?post=2955"},{"taxonomy":"product_cat","embeddable":true,"href":"https:\/\/www.mg-modelleisenbahnbau.de\/startseite-2\/wp-json\/wp\/v2\/product_cat?post=2955"},{"taxonomy":"product_tag","embeddable":true,"href":"https:\/\/www.mg-modelleisenbahnbau.de\/startseite-2\/wp-json\/wp\/v2\/product_tag?post=2955"}],"curies":[{"name":"wp","href":"https:\/\/api.w.org\/{rel}","templated":true}]}}