{"id":2946,"date":"2019-04-18T17:25:58","date_gmt":"2019-04-18T15:25:58","guid":{"rendered":"http:\/\/www.mg-modelleisenbahnbau.de\/?post_type=product&#038;p=2946"},"modified":"2025-06-30T17:45:04","modified_gmt":"2025-06-30T15:45:04","slug":"39931-h0-doppelsilo-schwarzbau","status":"publish","type":"product","link":"https:\/\/www.mg-modelleisenbahnbau.de\/startseite-2\/produkt\/39931-h0-doppelsilo-schwarzbau\/","title":{"rendered":"39931 H0 Doppelsilo SchwarzBau"},"content":{"rendered":"<div class=\"content--description\">\n<div class=\"content--title\">Produktinformationen &#8222;H0 Doppelsilo SchwarzBau&#8220;<\/div>\n<div class=\"product--description\">Bausatz. Die Firma SchwarzBau ist im kibri Sortiment stark vertreten. Mit dem Doppelsilo, dem Betonwerk Art. 39930, der Dieseltankstelle Art. 39932 und einer gro\u00dfen Auswahl an Baumaschinen in den typischen SchwarzBau Farben k\u00f6nnen der Betriebshof und Baustellen nach Belieben gestaltet werden. Durchfahrtsh\u00f6he: 5 cm. Durchfahrtsbreite: 4,5 cm. Ma\u00dfe: L 7,5 x B 3,5 x H 15,5 cm. Schwierigkeitsgrad: 2 (Fortgeschrittene).<\/div>\n<\/div>\n","protected":false},"excerpt":{"rendered":"<p>Produktinformationen &#8222;H0 Doppelsilo SchwarzBau&#8220; Bausatz. Die Firma SchwarzBau ist im kibri Sortiment stark vertreten. Mit dem Doppelsilo, dem Betonwerk Art. 39930, der Dieseltankstelle Art. 39932 und einer gro\u00dfen Auswahl an Baumaschinen in den typischen SchwarzBau Farben k\u00f6nnen der Betriebshof und Baustellen nach Belieben gestaltet werden. Durchfahrtsh\u00f6he: 5 cm. Durchfahrtsbreite: 4,5 cm. Ma\u00dfe: L 7,5 x&#8230;<\/p>\n","protected":false},"featured_media":2947,"comment_status":"open","ping_status":"closed","template":"","meta":[],"product_brand":[],"product_cat":[208,44,201,38],"product_tag":[292,291],"class_list":{"0":"post-2946","1":"product","2":"type-product","3":"status-publish","4":"has-post-thumbnail","6":"product_cat-industrie-gewerbe-hallen","7":"product_cat-kibri","8":"product_cat-kibri-spur-ho","9":"product_cat-unkategorisiert","10":"product_tag-kein-spielzeug-nicht-geeignet-fuer-kinder-unter-14-jahren","11":"product_tag-warn-und-sicherheitshinweise-modellbauartikel","13":"first","14":"instock","15":"taxable","16":"shipping-taxable","17":"purchasable","18":"product-type-simple"},"jetpack_sharing_enabled":true,"_links":{"self":[{"href":"https:\/\/www.mg-modelleisenbahnbau.de\/startseite-2\/wp-json\/wp\/v2\/product\/2946","targetHints":{"allow":["GET"]}}],"collection":[{"href":"https:\/\/www.mg-modelleisenbahnbau.de\/startseite-2\/wp-json\/wp\/v2\/product"}],"about":[{"href":"https:\/\/www.mg-modelleisenbahnbau.de\/startseite-2\/wp-json\/wp\/v2\/types\/product"}],"replies":[{"embeddable":true,"href":"https:\/\/www.mg-modelleisenbahnbau.de\/startseite-2\/wp-json\/wp\/v2\/comments?post=2946"}],"wp:featuredmedia":[{"embeddable":true,"href":"https:\/\/www.mg-modelleisenbahnbau.de\/startseite-2\/wp-json\/wp\/v2\/media\/2947"}],"wp:attachment":[{"href":"https:\/\/www.mg-modelleisenbahnbau.de\/startseite-2\/wp-json\/wp\/v2\/media?parent=2946"}],"wp:term":[{"taxonomy":"product_brand","embeddable":true,"href":"https:\/\/www.mg-modelleisenbahnbau.de\/startseite-2\/wp-json\/wp\/v2\/product_brand?post=2946"},{"taxonomy":"product_cat","embeddable":true,"href":"https:\/\/www.mg-modelleisenbahnbau.de\/startseite-2\/wp-json\/wp\/v2\/product_cat?post=2946"},{"taxonomy":"product_tag","embeddable":true,"href":"https:\/\/www.mg-modelleisenbahnbau.de\/startseite-2\/wp-json\/wp\/v2\/product_tag?post=2946"}],"curies":[{"name":"wp","href":"https:\/\/api.w.org\/{rel}","templated":true}]}}