{"id":2944,"date":"2019-04-18T17:22:32","date_gmt":"2019-04-18T15:22:32","guid":{"rendered":"http:\/\/www.mg-modelleisenbahnbau.de\/?post_type=product&#038;p=2944"},"modified":"2025-06-30T17:45:04","modified_gmt":"2025-06-30T15:45:04","slug":"39930-h0-betonwerk-schwarzbau","status":"publish","type":"product","link":"https:\/\/www.mg-modelleisenbahnbau.de\/startseite-2\/produkt\/39930-h0-betonwerk-schwarzbau\/","title":{"rendered":"39930 H0 Betonwerk SchwarzBau"},"content":{"rendered":"<div class=\"content--description\">\n<div class=\"content--title\">Produktinformationen &#8222;H0 Betonwerk SchwarzBau&#8220;<\/div>\n<div class=\"product--description\">Bausatz. Betonmischt\u00fcrme von LIEBHERR sind Hochleistungszentralen f\u00fcr eine wirtschaftlich produzierte Qualit\u00e4t von Beton oder M\u00f6rtel. Das bew\u00e4hrte Baukastensystem gestattet ganz individuelle L\u00f6sungen wenn es darum geht, die Anlage verschiedenen Bed\u00fcrfnissen anzupassen. Die LIEBHERR-Betonzentralen Betomat werden in der ganzen Welt eingesetzt , wie z. B. in Transportbetonanlagen, Fertigteilwerken, in der Betonproduktion, auf Gro\u00dfbaustellen und auch bei Staudammbauten. Sie sind konzipiert f\u00fcr Aussto\u00dfleistungen von 55 \u2013 180 m\u00b3\/h Festbeton. Als Tandemanlage erh\u00f6ht sich die Leistung auf das Doppelte. Die Firma SchwarzBau ist im kibri Sortiment stark vertreten. Mit dem Betonwerk, der Dieseltankstelle Art. 39932, dem Doppelsilo Art. 39931 und einer gro\u00dfen Auswahl an Baumaschinen in den typischen SchwarzBau Farben k\u00f6nnen Betriebshof und Baustellen nach Belieben gestaltet werden. Ma\u00dfe: L 18 x B 14 x H 26,5 cm. Durchfahrtsh\u00f6he: 5,0 cm. Durchfahrtsbreite: 4,0 cm. Mit Stecksystem. Schwierigkeitsgrad: 2 (Fortgeschrittene).<\/div>\n<\/div>\n","protected":false},"excerpt":{"rendered":"<p>Produktinformationen &#8222;H0 Betonwerk SchwarzBau&#8220; Bausatz. Betonmischt\u00fcrme von LIEBHERR sind Hochleistungszentralen f\u00fcr eine wirtschaftlich produzierte Qualit\u00e4t von Beton oder M\u00f6rtel. Das bew\u00e4hrte Baukastensystem gestattet ganz individuelle L\u00f6sungen wenn es darum geht, die Anlage verschiedenen Bed\u00fcrfnissen anzupassen. Die LIEBHERR-Betonzentralen Betomat werden in der ganzen Welt eingesetzt , wie z. B. in Transportbetonanlagen, Fertigteilwerken, in der Betonproduktion, auf&#8230;<\/p>\n","protected":false},"featured_media":2945,"comment_status":"open","ping_status":"closed","template":"","meta":[],"product_brand":[],"product_cat":[208,44,201,38],"product_tag":[292,291],"class_list":{"0":"post-2944","1":"product","2":"type-product","3":"status-publish","4":"has-post-thumbnail","6":"product_cat-industrie-gewerbe-hallen","7":"product_cat-kibri","8":"product_cat-kibri-spur-ho","9":"product_cat-unkategorisiert","10":"product_tag-kein-spielzeug-nicht-geeignet-fuer-kinder-unter-14-jahren","11":"product_tag-warn-und-sicherheitshinweise-modellbauartikel","13":"first","14":"instock","15":"taxable","16":"shipping-taxable","17":"purchasable","18":"product-type-simple"},"jetpack_sharing_enabled":true,"_links":{"self":[{"href":"https:\/\/www.mg-modelleisenbahnbau.de\/startseite-2\/wp-json\/wp\/v2\/product\/2944","targetHints":{"allow":["GET"]}}],"collection":[{"href":"https:\/\/www.mg-modelleisenbahnbau.de\/startseite-2\/wp-json\/wp\/v2\/product"}],"about":[{"href":"https:\/\/www.mg-modelleisenbahnbau.de\/startseite-2\/wp-json\/wp\/v2\/types\/product"}],"replies":[{"embeddable":true,"href":"https:\/\/www.mg-modelleisenbahnbau.de\/startseite-2\/wp-json\/wp\/v2\/comments?post=2944"}],"wp:featuredmedia":[{"embeddable":true,"href":"https:\/\/www.mg-modelleisenbahnbau.de\/startseite-2\/wp-json\/wp\/v2\/media\/2945"}],"wp:attachment":[{"href":"https:\/\/www.mg-modelleisenbahnbau.de\/startseite-2\/wp-json\/wp\/v2\/media?parent=2944"}],"wp:term":[{"taxonomy":"product_brand","embeddable":true,"href":"https:\/\/www.mg-modelleisenbahnbau.de\/startseite-2\/wp-json\/wp\/v2\/product_brand?post=2944"},{"taxonomy":"product_cat","embeddable":true,"href":"https:\/\/www.mg-modelleisenbahnbau.de\/startseite-2\/wp-json\/wp\/v2\/product_cat?post=2944"},{"taxonomy":"product_tag","embeddable":true,"href":"https:\/\/www.mg-modelleisenbahnbau.de\/startseite-2\/wp-json\/wp\/v2\/product_tag?post=2944"}],"curies":[{"name":"wp","href":"https:\/\/api.w.org\/{rel}","templated":true}]}}