{"id":2942,"date":"2019-04-18T17:19:53","date_gmt":"2019-04-18T15:19:53","guid":{"rendered":"http:\/\/www.mg-modelleisenbahnbau.de\/?post_type=product&#038;p=2942"},"modified":"2025-06-30T17:28:33","modified_gmt":"2025-06-30T15:28:33","slug":"39805-h0-kieswerk","status":"publish","type":"product","link":"https:\/\/www.mg-modelleisenbahnbau.de\/startseite-2\/produkt\/39805-h0-kieswerk\/","title":{"rendered":"39805 H0 Kieswerk"},"content":{"rendered":"<div class=\"content--description\">\n<div class=\"content--title\">Produktinformationen &#8222;H0 Kieswerk&#8220;<\/div>\n<div class=\"product--description\">Bausatz. Mit 5 Silobeh\u00e4ltern. Durchfahrtsh\u00f6he: 4,5 cm. Durchfahrtsbreite: 3 cm. Ma\u00dfe: L 27 x B 14,5 x H 22 cm. Schwierigkeitsgrad: 2 (Fortgeschrittene).<\/div>\n<\/div>\n<div><\/div>\n<div>\n<div class=\"product--delivery\">\n<p class=\"delivery--information\"><span class=\"delivery--text delivery--text-not-available\" style=\"color: #ff0000;\"><strong><br \/>\n<\/strong> <\/span><\/p>\n<\/div>\n<div class=\"product--configurator\"><\/div>\n<div class=\"buybox--form\">\n<div class=\"buybox--button-container block-group\"><\/div>\n<\/div>\n<\/div>\n","protected":false},"excerpt":{"rendered":"<p>Produktinformationen &#8222;H0 Kieswerk&#8220; Bausatz. Mit 5 Silobeh\u00e4ltern. Durchfahrtsh\u00f6he: 4,5 cm. Durchfahrtsbreite: 3 cm. Ma\u00dfe: L 27 x B 14,5 x H 22 cm. Schwierigkeitsgrad: 2 (Fortgeschrittene).<\/p>\n","protected":false},"featured_media":2943,"comment_status":"open","ping_status":"closed","template":"","meta":[],"product_brand":[],"product_cat":[208,44,201,38],"product_tag":[292,291],"class_list":{"0":"post-2942","1":"product","2":"type-product","3":"status-publish","4":"has-post-thumbnail","6":"product_cat-industrie-gewerbe-hallen","7":"product_cat-kibri","8":"product_cat-kibri-spur-ho","9":"product_cat-unkategorisiert","10":"product_tag-kein-spielzeug-nicht-geeignet-fuer-kinder-unter-14-jahren","11":"product_tag-warn-und-sicherheitshinweise-modellbauartikel","13":"first","14":"instock","15":"taxable","16":"shipping-taxable","17":"purchasable","18":"product-type-simple"},"jetpack_sharing_enabled":true,"_links":{"self":[{"href":"https:\/\/www.mg-modelleisenbahnbau.de\/startseite-2\/wp-json\/wp\/v2\/product\/2942","targetHints":{"allow":["GET"]}}],"collection":[{"href":"https:\/\/www.mg-modelleisenbahnbau.de\/startseite-2\/wp-json\/wp\/v2\/product"}],"about":[{"href":"https:\/\/www.mg-modelleisenbahnbau.de\/startseite-2\/wp-json\/wp\/v2\/types\/product"}],"replies":[{"embeddable":true,"href":"https:\/\/www.mg-modelleisenbahnbau.de\/startseite-2\/wp-json\/wp\/v2\/comments?post=2942"}],"wp:featuredmedia":[{"embeddable":true,"href":"https:\/\/www.mg-modelleisenbahnbau.de\/startseite-2\/wp-json\/wp\/v2\/media\/2943"}],"wp:attachment":[{"href":"https:\/\/www.mg-modelleisenbahnbau.de\/startseite-2\/wp-json\/wp\/v2\/media?parent=2942"}],"wp:term":[{"taxonomy":"product_brand","embeddable":true,"href":"https:\/\/www.mg-modelleisenbahnbau.de\/startseite-2\/wp-json\/wp\/v2\/product_brand?post=2942"},{"taxonomy":"product_cat","embeddable":true,"href":"https:\/\/www.mg-modelleisenbahnbau.de\/startseite-2\/wp-json\/wp\/v2\/product_cat?post=2942"},{"taxonomy":"product_tag","embeddable":true,"href":"https:\/\/www.mg-modelleisenbahnbau.de\/startseite-2\/wp-json\/wp\/v2\/product_tag?post=2942"}],"curies":[{"name":"wp","href":"https:\/\/api.w.org\/{rel}","templated":true}]}}