{"id":2894,"date":"2019-04-12T09:14:08","date_gmt":"2019-04-12T07:14:08","guid":{"rendered":"http:\/\/www.mg-modelleisenbahnbau.de\/?post_type=product&#038;p=2894"},"modified":"2025-06-30T17:08:31","modified_gmt":"2025-06-30T15:08:31","slug":"39408-h0-wlz-lagerhaus","status":"publish","type":"product","link":"https:\/\/www.mg-modelleisenbahnbau.de\/startseite-2\/produkt\/39408-h0-wlz-lagerhaus\/","title":{"rendered":"39408 H0 WLZ Lagerhaus"},"content":{"rendered":"<div class=\"content--description\">\n<div class=\"content--title\">Produktinformationen &#8222;H0 WLZ Lagerhaus&#8220;<\/div>\n<div class=\"product--description\">Bausatz. Der langgestreckte Geb\u00e4udekomplex f\u00e4llt durch seinen turmartigen Mittelbau auf, der sich aus den beiden seitlichen, unterschiedlich hohen Fl\u00fcgelteilen heraushebt. Das Geb\u00e4ude ist in seiner Wirkung dar\u00fcber hinaus gepr\u00e4gt duch \u00fcberstehende flachgiebelige Dachformen, die sich sch\u00fctzend \u00fcber die beiden seitlichen Laderampen spannen. Das Geb\u00e4ude dient beim Vorbild u.a. zur Lagerung von D\u00fcngemitteln, Getreide und Saatgut. Standort ist h\u00e4ufig in Bahnhofsn\u00e4he. Interessant wirkt das Modell durch die aufeinander abgestimmten Farbt\u00f6ne von hellgr\u00fcnen und wei\u00dfen Wandfl\u00e4chen und den unterschiedlichen Braunt\u00f6nen der Dachfl\u00e4chen. Der Bausatz bietet viele Gestaltungsm\u00f6glichkeiten f\u00fcr stimmungsvolle Verladeszenen in Verbindung mit den passenden kibri Fahrzeugmodellen zum Thema Landwirtschaft. Mit Stecksystem. Hergestellt im Zweifarben-Spritzgie\u00dfverfahren. Ma\u00dfe: L 37 x B 14 x H 25 cm. Schwierigkeitsgrad: 2 (Fortgeschrittene).<\/div>\n<\/div>\n","protected":false},"excerpt":{"rendered":"<p>Produktinformationen &#8222;H0 WLZ Lagerhaus&#8220; Bausatz. Der langgestreckte Geb\u00e4udekomplex f\u00e4llt durch seinen turmartigen Mittelbau auf, der sich aus den beiden seitlichen, unterschiedlich hohen Fl\u00fcgelteilen heraushebt. Das Geb\u00e4ude ist in seiner Wirkung dar\u00fcber hinaus gepr\u00e4gt duch \u00fcberstehende flachgiebelige Dachformen, die sich sch\u00fctzend \u00fcber die beiden seitlichen Laderampen spannen. Das Geb\u00e4ude dient beim Vorbild u.a. zur Lagerung von&#8230;<\/p>\n","protected":false},"featured_media":2918,"comment_status":"open","ping_status":"closed","template":"","meta":[],"product_brand":[],"product_cat":[208,44,201,38],"product_tag":[292,291],"class_list":{"0":"post-2894","1":"product","2":"type-product","3":"status-publish","4":"has-post-thumbnail","6":"product_cat-industrie-gewerbe-hallen","7":"product_cat-kibri","8":"product_cat-kibri-spur-ho","9":"product_cat-unkategorisiert","10":"product_tag-kein-spielzeug-nicht-geeignet-fuer-kinder-unter-14-jahren","11":"product_tag-warn-und-sicherheitshinweise-modellbauartikel","13":"first","14":"instock","15":"taxable","16":"shipping-taxable","17":"purchasable","18":"product-type-simple"},"jetpack_sharing_enabled":true,"_links":{"self":[{"href":"https:\/\/www.mg-modelleisenbahnbau.de\/startseite-2\/wp-json\/wp\/v2\/product\/2894","targetHints":{"allow":["GET"]}}],"collection":[{"href":"https:\/\/www.mg-modelleisenbahnbau.de\/startseite-2\/wp-json\/wp\/v2\/product"}],"about":[{"href":"https:\/\/www.mg-modelleisenbahnbau.de\/startseite-2\/wp-json\/wp\/v2\/types\/product"}],"replies":[{"embeddable":true,"href":"https:\/\/www.mg-modelleisenbahnbau.de\/startseite-2\/wp-json\/wp\/v2\/comments?post=2894"}],"wp:featuredmedia":[{"embeddable":true,"href":"https:\/\/www.mg-modelleisenbahnbau.de\/startseite-2\/wp-json\/wp\/v2\/media\/2918"}],"wp:attachment":[{"href":"https:\/\/www.mg-modelleisenbahnbau.de\/startseite-2\/wp-json\/wp\/v2\/media?parent=2894"}],"wp:term":[{"taxonomy":"product_brand","embeddable":true,"href":"https:\/\/www.mg-modelleisenbahnbau.de\/startseite-2\/wp-json\/wp\/v2\/product_brand?post=2894"},{"taxonomy":"product_cat","embeddable":true,"href":"https:\/\/www.mg-modelleisenbahnbau.de\/startseite-2\/wp-json\/wp\/v2\/product_cat?post=2894"},{"taxonomy":"product_tag","embeddable":true,"href":"https:\/\/www.mg-modelleisenbahnbau.de\/startseite-2\/wp-json\/wp\/v2\/product_tag?post=2894"}],"curies":[{"name":"wp","href":"https:\/\/api.w.org\/{rel}","templated":true}]}}