{"id":2873,"date":"2019-04-08T16:59:21","date_gmt":"2019-04-08T14:59:21","guid":{"rendered":"http:\/\/www.mg-modelleisenbahnbau.de\/?post_type=product&#038;p=2873"},"modified":"2025-06-29T22:53:49","modified_gmt":"2025-06-29T20:53:49","slug":"5172-h0-rolltor-mit-motorischem-antrieb","status":"publish","type":"product","link":"https:\/\/www.mg-modelleisenbahnbau.de\/startseite-2\/produkt\/5172-h0-rolltor-mit-motorischem-antrieb\/","title":{"rendered":"5172 H0 Rolltor mit motorischem Antrieb"},"content":{"rendered":"<div class=\"content--description\">\n<div class=\"content--title\">Produktinformationen &#8222;H0 Rolltor mit motorischem Antrieb&#8220;<\/div>\n<div class=\"product--description\">Universell einsetzbar f\u00fcr jede Modellhalle mit ausreichender H\u00f6he. Das Rolltor kann unten gek\u00fcrzt werden und passt sehr gut zu Art. 39250 Lager-\/ Industriehalle von kibri. Es f\u00e4hrt hoch und Fahrzeuge k\u00f6nnen ein- und ausfahren. Es kann problemlos nachger\u00fcstet werden. Analog und digital steuerbar. Ma\u00df f\u00fcr Wandausschnitt: B 49 x H 61 mm. Inneres Einbauma\u00df: B 60 x H 80 mm. Lieferumfang: Tor mit Schiene.<\/div>\n<\/div>\n<div><\/div>\n<div><\/div>\n<div><span class=\"delivery--text delivery--text-not-available\" style=\"color: #ff0000;\"><strong><br \/>\n<\/strong> <\/span><\/div>\n","protected":false},"excerpt":{"rendered":"<p>Produktinformationen &#8222;H0 Rolltor mit motorischem Antrieb&#8220; Universell einsetzbar f\u00fcr jede Modellhalle mit ausreichender H\u00f6he. Das Rolltor kann unten gek\u00fcrzt werden und passt sehr gut zu Art. 39250 Lager-\/ Industriehalle von kibri. Es f\u00e4hrt hoch und Fahrzeuge k\u00f6nnen ein- und ausfahren. Es kann problemlos nachger\u00fcstet werden. Analog und digital steuerbar. Ma\u00df f\u00fcr Wandausschnitt: B 49 x&#8230;<\/p>\n","protected":false},"featured_media":2872,"comment_status":"open","ping_status":"closed","template":"","meta":[],"product_brand":[],"product_cat":[129,38,37,124],"product_tag":[292,291],"class_list":{"0":"post-2873","1":"product","2":"type-product","3":"status-publish","4":"has-post-thumbnail","6":"product_cat-emotion-h0","7":"product_cat-unkategorisiert","8":"product_cat-viessmann","9":"product_cat-viessmann-spur-h0","10":"product_tag-kein-spielzeug-nicht-geeignet-fuer-kinder-unter-14-jahren","11":"product_tag-warn-und-sicherheitshinweise-modellbauartikel","13":"first","14":"instock","15":"taxable","16":"shipping-taxable","17":"purchasable","18":"product-type-simple"},"jetpack_sharing_enabled":true,"_links":{"self":[{"href":"https:\/\/www.mg-modelleisenbahnbau.de\/startseite-2\/wp-json\/wp\/v2\/product\/2873","targetHints":{"allow":["GET"]}}],"collection":[{"href":"https:\/\/www.mg-modelleisenbahnbau.de\/startseite-2\/wp-json\/wp\/v2\/product"}],"about":[{"href":"https:\/\/www.mg-modelleisenbahnbau.de\/startseite-2\/wp-json\/wp\/v2\/types\/product"}],"replies":[{"embeddable":true,"href":"https:\/\/www.mg-modelleisenbahnbau.de\/startseite-2\/wp-json\/wp\/v2\/comments?post=2873"}],"wp:featuredmedia":[{"embeddable":true,"href":"https:\/\/www.mg-modelleisenbahnbau.de\/startseite-2\/wp-json\/wp\/v2\/media\/2872"}],"wp:attachment":[{"href":"https:\/\/www.mg-modelleisenbahnbau.de\/startseite-2\/wp-json\/wp\/v2\/media?parent=2873"}],"wp:term":[{"taxonomy":"product_brand","embeddable":true,"href":"https:\/\/www.mg-modelleisenbahnbau.de\/startseite-2\/wp-json\/wp\/v2\/product_brand?post=2873"},{"taxonomy":"product_cat","embeddable":true,"href":"https:\/\/www.mg-modelleisenbahnbau.de\/startseite-2\/wp-json\/wp\/v2\/product_cat?post=2873"},{"taxonomy":"product_tag","embeddable":true,"href":"https:\/\/www.mg-modelleisenbahnbau.de\/startseite-2\/wp-json\/wp\/v2\/product_tag?post=2873"}],"curies":[{"name":"wp","href":"https:\/\/api.w.org\/{rel}","templated":true}]}}