{"id":2871,"date":"2019-04-08T16:57:22","date_gmt":"2019-04-08T14:57:22","guid":{"rendered":"http:\/\/www.mg-modelleisenbahnbau.de\/?post_type=product&#038;p=2871"},"modified":"2025-06-30T16:37:18","modified_gmt":"2025-06-30T14:37:18","slug":"39250-h0-lager-industriehalle-modern","status":"publish","type":"product","link":"https:\/\/www.mg-modelleisenbahnbau.de\/startseite-2\/produkt\/39250-h0-lager-industriehalle-modern\/","title":{"rendered":"39250 H0 Lager-\/ Industriehalle, modern"},"content":{"rendered":"<div class=\"content--description\">\n<div class=\"content--title\">Produktinformationen &#8222;H0 Lager-\/ Industriehalle, modern&#8220;<\/div>\n<div class=\"product--description\">Bausatz. Diese Lagerhalle der Epochen V \u2013 VI kann durch die Modulbauweise individuell nach Platzangebot aufgebaut werden, indem man sie z. B. um ein Feld k\u00fcrzt (je Feld ca. 7 cm). Die Halle kann mit einem zweiten Bausatz verl\u00e4ngert werden (in Schritten von 7 cm). Das Tor ist manuell beweglich. L 28 x B 14,2 x H 10 cm. Schwierigkeitsgrad: 2 (Fortgeschrittene).<\/div>\n<\/div>\n<div>Dazu Passt Viessmann 5172<\/div>\n<div><\/div>\n<div>\n<div class=\"content--description\">\n<div class=\"product--description\">\n<p><img loading=\"lazy\" decoding=\"async\" class=\"alignnone size-medium wp-image-2872\" src=\"http:\/\/www.mg-modelleisenbahnbau.de\/wp-content\/uploads\/5172-205x300.jpg\" alt=\"\" width=\"205\" height=\"300\" srcset=\"https:\/\/www.mg-modelleisenbahnbau.de\/wp-content\/uploads\/5172-205x300.jpg 205w, https:\/\/www.mg-modelleisenbahnbau.de\/wp-content\/uploads\/5172.jpg 375w\" sizes=\"auto, (max-width: 205px) 100vw, 205px\" \/><\/p>\n<div class=\"content--description\">\n<div class=\"content--title\">Produktinformationen &#8222;H0 Rolltor mit motorischem Antrieb&#8220;<\/div>\n<div class=\"product--description\">Universell einsetzbar f\u00fcr jede Modellhalle mit ausreichender H\u00f6he. Das Rolltor kann unten gek\u00fcrzt werden und passt sehr gut zu Art. 39250 Lager-\/ Industriehalle von kibri. Es f\u00e4hrt hoch und Fahrzeuge k\u00f6nnen ein- und ausfahren. Es kann problemlos nachger\u00fcstet werden. Analog und digital steuerbar. Ma\u00df f\u00fcr Wandausschnitt: B 49 x H 61 mm. Inneres Einbauma\u00df: B 60 x H 80 mm. Lieferumfang: Tor mit Schiene.<\/div>\n<\/div>\n<\/div>\n<\/div>\n<\/div>\n","protected":false},"excerpt":{"rendered":"<p>Produktinformationen &#8222;H0 Lager-\/ Industriehalle, modern&#8220; Bausatz. Diese Lagerhalle der Epochen V \u2013 VI kann durch die Modulbauweise individuell nach Platzangebot aufgebaut werden, indem man sie z. B. um ein Feld k\u00fcrzt (je Feld ca. 7 cm). Die Halle kann mit einem zweiten Bausatz verl\u00e4ngert werden (in Schritten von 7 cm). Das Tor ist manuell beweglich&#8230;.<\/p>\n","protected":false},"featured_media":2931,"comment_status":"open","ping_status":"closed","template":"","meta":[],"product_brand":[],"product_cat":[208,44,201,38],"product_tag":[292,291],"class_list":{"0":"post-2871","1":"product","2":"type-product","3":"status-publish","4":"has-post-thumbnail","6":"product_cat-industrie-gewerbe-hallen","7":"product_cat-kibri","8":"product_cat-kibri-spur-ho","9":"product_cat-unkategorisiert","10":"product_tag-kein-spielzeug-nicht-geeignet-fuer-kinder-unter-14-jahren","11":"product_tag-warn-und-sicherheitshinweise-modellbauartikel","13":"first","14":"instock","15":"taxable","16":"shipping-taxable","17":"purchasable","18":"product-type-simple"},"jetpack_sharing_enabled":true,"_links":{"self":[{"href":"https:\/\/www.mg-modelleisenbahnbau.de\/startseite-2\/wp-json\/wp\/v2\/product\/2871","targetHints":{"allow":["GET"]}}],"collection":[{"href":"https:\/\/www.mg-modelleisenbahnbau.de\/startseite-2\/wp-json\/wp\/v2\/product"}],"about":[{"href":"https:\/\/www.mg-modelleisenbahnbau.de\/startseite-2\/wp-json\/wp\/v2\/types\/product"}],"replies":[{"embeddable":true,"href":"https:\/\/www.mg-modelleisenbahnbau.de\/startseite-2\/wp-json\/wp\/v2\/comments?post=2871"}],"wp:featuredmedia":[{"embeddable":true,"href":"https:\/\/www.mg-modelleisenbahnbau.de\/startseite-2\/wp-json\/wp\/v2\/media\/2931"}],"wp:attachment":[{"href":"https:\/\/www.mg-modelleisenbahnbau.de\/startseite-2\/wp-json\/wp\/v2\/media?parent=2871"}],"wp:term":[{"taxonomy":"product_brand","embeddable":true,"href":"https:\/\/www.mg-modelleisenbahnbau.de\/startseite-2\/wp-json\/wp\/v2\/product_brand?post=2871"},{"taxonomy":"product_cat","embeddable":true,"href":"https:\/\/www.mg-modelleisenbahnbau.de\/startseite-2\/wp-json\/wp\/v2\/product_cat?post=2871"},{"taxonomy":"product_tag","embeddable":true,"href":"https:\/\/www.mg-modelleisenbahnbau.de\/startseite-2\/wp-json\/wp\/v2\/product_tag?post=2871"}],"curies":[{"name":"wp","href":"https:\/\/api.w.org\/{rel}","templated":true}]}}