{"id":2868,"date":"2019-04-08T16:43:25","date_gmt":"2019-04-08T14:43:25","guid":{"rendered":"http:\/\/www.mg-modelleisenbahnbau.de\/?post_type=product&#038;p=2868"},"modified":"2025-06-30T17:08:37","modified_gmt":"2025-06-30T15:08:37","slug":"39457-h0-wasserturm-duisburg","status":"publish","type":"product","link":"https:\/\/www.mg-modelleisenbahnbau.de\/startseite-2\/produkt\/39457-h0-wasserturm-duisburg\/","title":{"rendered":"39457 H0 Wasserturm Duisburg"},"content":{"rendered":"<div class=\"content--description\">\n<div class=\"content--title\">Produktinformationen &#8222;H0 Wasserturm Duisburg&#8220;<\/div>\n<div class=\"product--description\">Bausatz. Wasserturm mit Stahlger\u00fcst. Ma\u00dfe: L 12 x B 12 x H 34,5 cm. Schwierigkeitsgrad: 2 (Fortgeschrittene).<\/div>\n<\/div>\n<p>&nbsp;<\/p>\n<p>Viessmann 5132 Wasserkran f\u00fcr Dampflok-BWs; bewegt<\/p>\n<p>Produktinformationen &#8222;H0 Wasserkran f\u00fcr Dampflok-BWs, bewegt&#8220;<\/p>\n<p>Wasserkran mit schwenkbarem Wasserrohr. Der maximale Drehwinkel betr\u00e4gt 90\u00b0. Die Schwenkweite ist innerhalb dieses Winkels frei steuerbar. Der integrierte Digitaldecoder ist multiprotokollf\u00e4hig und versteht die Formate DCC und MM. Au\u00dferdem verf\u00fcgt das Modell \u00fcber ein zufallsgesteuertes Schauprogramm (Diorama-Modus). Mit Unterflur-Antrieb. Einbautiefe: 39 mm. Ma\u00dfe: L 89 x B 20 x H 82 mm.<\/p>\n","protected":false},"excerpt":{"rendered":"<p>Produktinformationen &#8222;H0 Wasserturm Duisburg&#8220; Bausatz. Wasserturm mit Stahlger\u00fcst. Ma\u00dfe: L 12 x B 12 x H 34,5 cm. Schwierigkeitsgrad: 2 (Fortgeschrittene). &nbsp; Viessmann 5132 Wasserkran f\u00fcr Dampflok-BWs; bewegt Produktinformationen &#8222;H0 Wasserkran f\u00fcr Dampflok-BWs, bewegt&#8220; Wasserkran mit schwenkbarem Wasserrohr. Der maximale Drehwinkel betr\u00e4gt 90\u00b0. Die Schwenkweite ist innerhalb dieses Winkels frei steuerbar. Der integrierte Digitaldecoder ist&#8230;<\/p>\n","protected":false},"featured_media":2933,"comment_status":"open","ping_status":"closed","template":"","meta":[],"product_brand":[],"product_cat":[207,44,201,38],"product_tag":[292,291],"class_list":{"0":"post-2868","1":"product","2":"type-product","3":"status-publish","4":"has-post-thumbnail","6":"product_cat-bahnbetriebswerke-lokschuppen","7":"product_cat-kibri","8":"product_cat-kibri-spur-ho","9":"product_cat-unkategorisiert","10":"product_tag-kein-spielzeug-nicht-geeignet-fuer-kinder-unter-14-jahren","11":"product_tag-warn-und-sicherheitshinweise-modellbauartikel","13":"first","14":"instock","15":"taxable","16":"shipping-taxable","17":"purchasable","18":"product-type-simple"},"jetpack_sharing_enabled":true,"_links":{"self":[{"href":"https:\/\/www.mg-modelleisenbahnbau.de\/startseite-2\/wp-json\/wp\/v2\/product\/2868","targetHints":{"allow":["GET"]}}],"collection":[{"href":"https:\/\/www.mg-modelleisenbahnbau.de\/startseite-2\/wp-json\/wp\/v2\/product"}],"about":[{"href":"https:\/\/www.mg-modelleisenbahnbau.de\/startseite-2\/wp-json\/wp\/v2\/types\/product"}],"replies":[{"embeddable":true,"href":"https:\/\/www.mg-modelleisenbahnbau.de\/startseite-2\/wp-json\/wp\/v2\/comments?post=2868"}],"wp:featuredmedia":[{"embeddable":true,"href":"https:\/\/www.mg-modelleisenbahnbau.de\/startseite-2\/wp-json\/wp\/v2\/media\/2933"}],"wp:attachment":[{"href":"https:\/\/www.mg-modelleisenbahnbau.de\/startseite-2\/wp-json\/wp\/v2\/media?parent=2868"}],"wp:term":[{"taxonomy":"product_brand","embeddable":true,"href":"https:\/\/www.mg-modelleisenbahnbau.de\/startseite-2\/wp-json\/wp\/v2\/product_brand?post=2868"},{"taxonomy":"product_cat","embeddable":true,"href":"https:\/\/www.mg-modelleisenbahnbau.de\/startseite-2\/wp-json\/wp\/v2\/product_cat?post=2868"},{"taxonomy":"product_tag","embeddable":true,"href":"https:\/\/www.mg-modelleisenbahnbau.de\/startseite-2\/wp-json\/wp\/v2\/product_tag?post=2868"}],"curies":[{"name":"wp","href":"https:\/\/api.w.org\/{rel}","templated":true}]}}