{"id":2847,"date":"2019-04-05T19:56:32","date_gmt":"2019-04-05T17:56:32","guid":{"rendered":"http:\/\/www.mg-modelleisenbahnbau.de\/?post_type=product&#038;p=2847"},"modified":"2025-06-30T17:08:36","modified_gmt":"2025-06-30T15:08:36","slug":"39452-h0-ringlokschuppen-ottbergen-dreistaendig","status":"publish","type":"product","link":"https:\/\/www.mg-modelleisenbahnbau.de\/startseite-2\/produkt\/39452-h0-ringlokschuppen-ottbergen-dreistaendig\/","title":{"rendered":"39452 H0 Ringlokschuppen Ottbergen, dreist\u00e4ndig"},"content":{"rendered":"<div class=\"content--description\">\n<div class=\"content--title\">Produktinformationen &#8222;H0 Ringlokschuppen Ottbergen, dreist\u00e4ndig&#8220;<\/div>\n<div class=\"product--description\">Bausatz. Das Herz manches Eisenbanhfreundes schl\u00e4gt schneller, wenn er den Namen Ottbergen h\u00f6rt. War Ottbergen doch eines der letzten Dampflok BWs. Mit dem passenden Wasserturm Art. 39428 kann man das BW von Ottbergen vorbildgetreu gestalten. Durch seine reich verzierten Backsteingiebelw\u00e4nde wirkt der Lokschuppen besonders interessant. Der Bausatz wurde so gestaltet, wie er beim Vorbild um die Jahrhundertwende aussah. Daher ist er nur f\u00fcr Tenderloks und kleine Schlepptenderloks mit einer maximalen L\u00e4nge von 22 cm geeignet. Mit der Verl\u00e4ngerung Art. 39454 finden aber auch l\u00e4ngere Lokomotiven darin ihren Platz. Der Lokschuppen besteht aus der dreist\u00e4ndigen Grundeinheit und kann jeweils um weitere drei St\u00e4nde erweitert werden. Zu diesem Lokschuppen gibt es eine einfache handbediente Drehscheibe, Art. 39456. Mit Stecksystem. Ma\u00dfe: L 24 x B 39 x H 15 cm. Winkel der Lokst\u00e4nde 15\u00b0. Schwierigkeitsgrad: 2 (Fortgeschrittene).<\/div>\n<\/div>\n","protected":false},"excerpt":{"rendered":"<p>Produktinformationen &#8222;H0 Ringlokschuppen Ottbergen, dreist\u00e4ndig&#8220; Bausatz. Das Herz manches Eisenbanhfreundes schl\u00e4gt schneller, wenn er den Namen Ottbergen h\u00f6rt. War Ottbergen doch eines der letzten Dampflok BWs. Mit dem passenden Wasserturm Art. 39428 kann man das BW von Ottbergen vorbildgetreu gestalten. Durch seine reich verzierten Backsteingiebelw\u00e4nde wirkt der Lokschuppen besonders interessant. Der Bausatz wurde so gestaltet,&#8230;<\/p>\n","protected":false},"featured_media":2848,"comment_status":"open","ping_status":"closed","template":"","meta":[],"product_brand":[],"product_cat":[207,44,201,38],"product_tag":[292,291],"class_list":{"0":"post-2847","1":"product","2":"type-product","3":"status-publish","4":"has-post-thumbnail","6":"product_cat-bahnbetriebswerke-lokschuppen","7":"product_cat-kibri","8":"product_cat-kibri-spur-ho","9":"product_cat-unkategorisiert","10":"product_tag-kein-spielzeug-nicht-geeignet-fuer-kinder-unter-14-jahren","11":"product_tag-warn-und-sicherheitshinweise-modellbauartikel","13":"first","14":"instock","15":"taxable","16":"shipping-taxable","17":"purchasable","18":"product-type-simple"},"jetpack_sharing_enabled":true,"_links":{"self":[{"href":"https:\/\/www.mg-modelleisenbahnbau.de\/startseite-2\/wp-json\/wp\/v2\/product\/2847","targetHints":{"allow":["GET"]}}],"collection":[{"href":"https:\/\/www.mg-modelleisenbahnbau.de\/startseite-2\/wp-json\/wp\/v2\/product"}],"about":[{"href":"https:\/\/www.mg-modelleisenbahnbau.de\/startseite-2\/wp-json\/wp\/v2\/types\/product"}],"replies":[{"embeddable":true,"href":"https:\/\/www.mg-modelleisenbahnbau.de\/startseite-2\/wp-json\/wp\/v2\/comments?post=2847"}],"wp:featuredmedia":[{"embeddable":true,"href":"https:\/\/www.mg-modelleisenbahnbau.de\/startseite-2\/wp-json\/wp\/v2\/media\/2848"}],"wp:attachment":[{"href":"https:\/\/www.mg-modelleisenbahnbau.de\/startseite-2\/wp-json\/wp\/v2\/media?parent=2847"}],"wp:term":[{"taxonomy":"product_brand","embeddable":true,"href":"https:\/\/www.mg-modelleisenbahnbau.de\/startseite-2\/wp-json\/wp\/v2\/product_brand?post=2847"},{"taxonomy":"product_cat","embeddable":true,"href":"https:\/\/www.mg-modelleisenbahnbau.de\/startseite-2\/wp-json\/wp\/v2\/product_cat?post=2847"},{"taxonomy":"product_tag","embeddable":true,"href":"https:\/\/www.mg-modelleisenbahnbau.de\/startseite-2\/wp-json\/wp\/v2\/product_tag?post=2847"}],"curies":[{"name":"wp","href":"https:\/\/api.w.org\/{rel}","templated":true}]}}