{"id":2843,"date":"2019-04-05T19:50:02","date_gmt":"2019-04-05T17:50:02","guid":{"rendered":"http:\/\/www.mg-modelleisenbahnbau.de\/?post_type=product&#038;p=2843"},"modified":"2025-06-30T17:08:38","modified_gmt":"2025-06-30T15:08:38","slug":"39462-h0-gueterhalle-mit-lademass-und-freiladerampe","status":"publish","type":"product","link":"https:\/\/www.mg-modelleisenbahnbau.de\/startseite-2\/produkt\/39462-h0-gueterhalle-mit-lademass-und-freiladerampe\/","title":{"rendered":"39462 H0 G\u00fcterhalle mit Ladema\u00df und Freiladerampe"},"content":{"rendered":"<div class=\"content--description\">\n<div class=\"content--title\">Produktinformationen &#8222;H0 G\u00fcterhalle mit Ladema\u00df und Freiladerampe&#8220;<\/div>\n<div class=\"product--description\">Bausatz. Der G\u00fcterumschlag ist ein fester Bestandteil der Eisenbahn. Diese Halle eignet sich zur Unterbringung von G\u00fctern aller Art. Die Rampenteile k\u00f6nnen flexibel aufgebaut werden. Das Ladema\u00df dient der Kontrolle, ob ein G\u00fcterwagen \u00fcberladen hat. Ma\u00dfe: L 47 x B 19,5 x H 15 cm. Schwierigkeitsgrad: 2 (Fortgeschrittene).<\/div>\n<\/div>\n","protected":false},"excerpt":{"rendered":"<p>Produktinformationen &#8222;H0 G\u00fcterhalle mit Ladema\u00df und Freiladerampe&#8220; Bausatz. Der G\u00fcterumschlag ist ein fester Bestandteil der Eisenbahn. Diese Halle eignet sich zur Unterbringung von G\u00fctern aller Art. Die Rampenteile k\u00f6nnen flexibel aufgebaut werden. Das Ladema\u00df dient der Kontrolle, ob ein G\u00fcterwagen \u00fcberladen hat. Ma\u00dfe: L 47 x B 19,5 x H 15 cm. Schwierigkeitsgrad: 2 (Fortgeschrittene).<\/p>\n","protected":false},"featured_media":2845,"comment_status":"open","ping_status":"closed","template":"","meta":[],"product_brand":[],"product_cat":[206,44,201,38],"product_tag":[292,291],"class_list":{"0":"post-2843","1":"product","2":"type-product","3":"status-publish","4":"has-post-thumbnail","6":"product_cat-gueterschuppen-gueterhalle-ho","7":"product_cat-kibri","8":"product_cat-kibri-spur-ho","9":"product_cat-unkategorisiert","10":"product_tag-kein-spielzeug-nicht-geeignet-fuer-kinder-unter-14-jahren","11":"product_tag-warn-und-sicherheitshinweise-modellbauartikel","13":"first","14":"instock","15":"taxable","16":"shipping-taxable","17":"purchasable","18":"product-type-simple"},"jetpack_sharing_enabled":true,"_links":{"self":[{"href":"https:\/\/www.mg-modelleisenbahnbau.de\/startseite-2\/wp-json\/wp\/v2\/product\/2843","targetHints":{"allow":["GET"]}}],"collection":[{"href":"https:\/\/www.mg-modelleisenbahnbau.de\/startseite-2\/wp-json\/wp\/v2\/product"}],"about":[{"href":"https:\/\/www.mg-modelleisenbahnbau.de\/startseite-2\/wp-json\/wp\/v2\/types\/product"}],"replies":[{"embeddable":true,"href":"https:\/\/www.mg-modelleisenbahnbau.de\/startseite-2\/wp-json\/wp\/v2\/comments?post=2843"}],"wp:featuredmedia":[{"embeddable":true,"href":"https:\/\/www.mg-modelleisenbahnbau.de\/startseite-2\/wp-json\/wp\/v2\/media\/2845"}],"wp:attachment":[{"href":"https:\/\/www.mg-modelleisenbahnbau.de\/startseite-2\/wp-json\/wp\/v2\/media?parent=2843"}],"wp:term":[{"taxonomy":"product_brand","embeddable":true,"href":"https:\/\/www.mg-modelleisenbahnbau.de\/startseite-2\/wp-json\/wp\/v2\/product_brand?post=2843"},{"taxonomy":"product_cat","embeddable":true,"href":"https:\/\/www.mg-modelleisenbahnbau.de\/startseite-2\/wp-json\/wp\/v2\/product_cat?post=2843"},{"taxonomy":"product_tag","embeddable":true,"href":"https:\/\/www.mg-modelleisenbahnbau.de\/startseite-2\/wp-json\/wp\/v2\/product_tag?post=2843"}],"curies":[{"name":"wp","href":"https:\/\/api.w.org\/{rel}","templated":true}]}}