{"id":2839,"date":"2019-04-05T19:42:58","date_gmt":"2019-04-05T17:42:58","guid":{"rendered":"http:\/\/www.mg-modelleisenbahnbau.de\/?post_type=product&#038;p=2839"},"modified":"2025-06-30T17:08:38","modified_gmt":"2025-06-30T15:08:38","slug":"39459-h0-gueterschuppen-burg-spreewald","status":"publish","type":"product","link":"https:\/\/www.mg-modelleisenbahnbau.de\/startseite-2\/produkt\/39459-h0-gueterschuppen-burg-spreewald\/","title":{"rendered":"39459 H0 G\u00fcterschuppen Burg-Spreewald"},"content":{"rendered":"<div class=\"content--description\">\n<div class=\"content--title\">Produktinformationen &#8222;H0 G\u00fcterschuppen Burg-Spreewald&#8220;<\/div>\n<div class=\"product--description\">Bausatz. K\u00e4hne, Trachten und Gurken bringt der Otto-Normalverbraucher mit dem Spreewald in Verbindung. Der Eisenbahnfreund hingegen verbindet mit der Region im S\u00fcden Brandenburgs das rund 85 Kilometer lange Schmalspurnetz zwischen L\u00fcbben, Goyatz, Lieberose und Cottbus. Obwohl hier seit 1970 keine Z\u00fcge mehr verkehren, geh\u00f6rt die zwischen 1898 und 1904 er\u00f6ffnete Spreewaldbahn zu den bekanntesten Schmalspurbahnen in Deutschland. Kein Wunder, denn die kleinen Maschinen und die kurzen Z\u00fcge der Spreewald-Guste verk\u00f6rperten wie kaum eine andere Strecke Bimmelbahn-Romantik. Passend zu dieser Region gibt es bei kibri dieses sch\u00f6ne Geb\u00e4udemodell. Mit Stecksystem. Hergestellt im Zweifarben-Spritzgie\u00dfverfahren. Ma\u00dfe: L 16,2 x B 11,5 x H 6,5 cm. Schwierigkeitsgrad: 2 (Fortgeschrittene).<\/div>\n<\/div>\n","protected":false},"excerpt":{"rendered":"<p>Produktinformationen &#8222;H0 G\u00fcterschuppen Burg-Spreewald&#8220; Bausatz. K\u00e4hne, Trachten und Gurken bringt der Otto-Normalverbraucher mit dem Spreewald in Verbindung. Der Eisenbahnfreund hingegen verbindet mit der Region im S\u00fcden Brandenburgs das rund 85 Kilometer lange Schmalspurnetz zwischen L\u00fcbben, Goyatz, Lieberose und Cottbus. Obwohl hier seit 1970 keine Z\u00fcge mehr verkehren, geh\u00f6rt die zwischen 1898 und 1904 er\u00f6ffnete Spreewaldbahn&#8230;<\/p>\n","protected":false},"featured_media":2840,"comment_status":"open","ping_status":"closed","template":"","meta":[],"product_brand":[],"product_cat":[206,44,38],"product_tag":[292,291],"class_list":{"0":"post-2839","1":"product","2":"type-product","3":"status-publish","4":"has-post-thumbnail","6":"product_cat-gueterschuppen-gueterhalle-ho","7":"product_cat-kibri","8":"product_cat-unkategorisiert","9":"product_tag-kein-spielzeug-nicht-geeignet-fuer-kinder-unter-14-jahren","10":"product_tag-warn-und-sicherheitshinweise-modellbauartikel","12":"first","13":"instock","14":"taxable","15":"shipping-taxable","16":"purchasable","17":"product-type-simple"},"jetpack_sharing_enabled":true,"_links":{"self":[{"href":"https:\/\/www.mg-modelleisenbahnbau.de\/startseite-2\/wp-json\/wp\/v2\/product\/2839","targetHints":{"allow":["GET"]}}],"collection":[{"href":"https:\/\/www.mg-modelleisenbahnbau.de\/startseite-2\/wp-json\/wp\/v2\/product"}],"about":[{"href":"https:\/\/www.mg-modelleisenbahnbau.de\/startseite-2\/wp-json\/wp\/v2\/types\/product"}],"replies":[{"embeddable":true,"href":"https:\/\/www.mg-modelleisenbahnbau.de\/startseite-2\/wp-json\/wp\/v2\/comments?post=2839"}],"wp:featuredmedia":[{"embeddable":true,"href":"https:\/\/www.mg-modelleisenbahnbau.de\/startseite-2\/wp-json\/wp\/v2\/media\/2840"}],"wp:attachment":[{"href":"https:\/\/www.mg-modelleisenbahnbau.de\/startseite-2\/wp-json\/wp\/v2\/media?parent=2839"}],"wp:term":[{"taxonomy":"product_brand","embeddable":true,"href":"https:\/\/www.mg-modelleisenbahnbau.de\/startseite-2\/wp-json\/wp\/v2\/product_brand?post=2839"},{"taxonomy":"product_cat","embeddable":true,"href":"https:\/\/www.mg-modelleisenbahnbau.de\/startseite-2\/wp-json\/wp\/v2\/product_cat?post=2839"},{"taxonomy":"product_tag","embeddable":true,"href":"https:\/\/www.mg-modelleisenbahnbau.de\/startseite-2\/wp-json\/wp\/v2\/product_tag?post=2839"}],"curies":[{"name":"wp","href":"https:\/\/api.w.org\/{rel}","templated":true}]}}