{"id":2831,"date":"2019-04-05T19:19:11","date_gmt":"2019-04-05T17:19:11","guid":{"rendered":"http:\/\/www.mg-modelleisenbahnbau.de\/?post_type=product&#038;p=2831"},"modified":"2025-06-30T16:49:45","modified_gmt":"2025-06-30T14:49:45","slug":"39309-h0-schrankenwaerterhaeuschen-inkl-hausbeleuchtung-6017-ersetzt-49309","status":"publish","type":"product","link":"https:\/\/www.mg-modelleisenbahnbau.de\/startseite-2\/produkt\/39309-h0-schrankenwaerterhaeuschen-inkl-hausbeleuchtung-6017-ersetzt-49309\/","title":{"rendered":"39309 H0 Schrankenw\u00e4rterh\u00e4uschen inkl. Hausbeleuchtung 6017 &#8211; ersetzt 49309"},"content":{"rendered":"<div class=\"content--description\">\n<div class=\"content--title\">Produktinformationen &#8222;H0 Schrankenw\u00e4rterh\u00e4uschen inkl. Hausbeleuchtung 6017 &#8211; ersetzt 49309&#8220;<\/div>\n<div class=\"product--description\">Funktionsbausatz. Eine sehr sch\u00f6ne Erg\u00e4nzung zu den Viessmann Bahn\u00fcberg\u00e4ngen Art. 5100 und 5104. Dem Bausatz liegt eine Platine mit 2 gelben LEDs zur Beleuchtung des Innenraums bei. Mit Stecksystem. Hergestellt im Zweifarben-Spritzgie\u00dfverfahren. Ma\u00dfe: L 8,5 x B 6,5 x H 6,8 cm. Schwierigkeitsgrad: 2 (Fortgeschrittene).<\/div>\n<\/div>\n","protected":false},"excerpt":{"rendered":"<p>Produktinformationen &#8222;H0 Schrankenw\u00e4rterh\u00e4uschen inkl. Hausbeleuchtung 6017 &#8211; ersetzt 49309&#8220; Funktionsbausatz. Eine sehr sch\u00f6ne Erg\u00e4nzung zu den Viessmann Bahn\u00fcberg\u00e4ngen Art. 5100 und 5104. Dem Bausatz liegt eine Platine mit 2 gelben LEDs zur Beleuchtung des Innenraums bei. Mit Stecksystem. Hergestellt im Zweifarben-Spritzgie\u00dfverfahren. Ma\u00dfe: L 8,5 x B 6,5 x H 6,8 cm. Schwierigkeitsgrad: 2 (Fortgeschrittene).<\/p>\n","protected":false},"featured_media":2832,"comment_status":"open","ping_status":"closed","template":"","meta":[],"product_brand":[],"product_cat":[44,201,205,38],"product_tag":[292,291],"class_list":{"0":"post-2831","1":"product","2":"type-product","3":"status-publish","4":"has-post-thumbnail","6":"product_cat-kibri","7":"product_cat-kibri-spur-ho","8":"product_cat-stellwerke-ho-kibri-spur-ho","9":"product_cat-unkategorisiert","10":"product_tag-kein-spielzeug-nicht-geeignet-fuer-kinder-unter-14-jahren","11":"product_tag-warn-und-sicherheitshinweise-modellbauartikel","13":"first","14":"instock","15":"taxable","16":"shipping-taxable","17":"purchasable","18":"product-type-simple"},"jetpack_sharing_enabled":true,"_links":{"self":[{"href":"https:\/\/www.mg-modelleisenbahnbau.de\/startseite-2\/wp-json\/wp\/v2\/product\/2831","targetHints":{"allow":["GET"]}}],"collection":[{"href":"https:\/\/www.mg-modelleisenbahnbau.de\/startseite-2\/wp-json\/wp\/v2\/product"}],"about":[{"href":"https:\/\/www.mg-modelleisenbahnbau.de\/startseite-2\/wp-json\/wp\/v2\/types\/product"}],"replies":[{"embeddable":true,"href":"https:\/\/www.mg-modelleisenbahnbau.de\/startseite-2\/wp-json\/wp\/v2\/comments?post=2831"}],"wp:featuredmedia":[{"embeddable":true,"href":"https:\/\/www.mg-modelleisenbahnbau.de\/startseite-2\/wp-json\/wp\/v2\/media\/2832"}],"wp:attachment":[{"href":"https:\/\/www.mg-modelleisenbahnbau.de\/startseite-2\/wp-json\/wp\/v2\/media?parent=2831"}],"wp:term":[{"taxonomy":"product_brand","embeddable":true,"href":"https:\/\/www.mg-modelleisenbahnbau.de\/startseite-2\/wp-json\/wp\/v2\/product_brand?post=2831"},{"taxonomy":"product_cat","embeddable":true,"href":"https:\/\/www.mg-modelleisenbahnbau.de\/startseite-2\/wp-json\/wp\/v2\/product_cat?post=2831"},{"taxonomy":"product_tag","embeddable":true,"href":"https:\/\/www.mg-modelleisenbahnbau.de\/startseite-2\/wp-json\/wp\/v2\/product_tag?post=2831"}],"curies":[{"name":"wp","href":"https:\/\/api.w.org\/{rel}","templated":true}]}}