{"id":2829,"date":"2019-04-05T19:16:30","date_gmt":"2019-04-05T17:16:30","guid":{"rendered":"http:\/\/www.mg-modelleisenbahnbau.de\/?post_type=product&#038;p=2829"},"modified":"2025-06-30T17:08:39","modified_gmt":"2025-06-30T15:08:39","slug":"39486-h0-stellwerk-rottershausen","status":"publish","type":"product","link":"https:\/\/www.mg-modelleisenbahnbau.de\/startseite-2\/produkt\/39486-h0-stellwerk-rottershausen\/","title":{"rendered":"39486 H0 Stellwerk Rottershausen"},"content":{"rendered":"<div class=\"content--description\">\n<div class=\"content--title\">Produktinformationen &#8222;H0 Stellwerk Rottershausen&#8220;<\/div>\n<div class=\"product--description\">Bausatz. Das hier vorgestellte Stellwerk symbolisiert in geradezu idealer Weise den Typus eines kleinen, mechanischen Stellwerks. Im Erdgeschoss befinden sich die zum einwandfreien Funktionieren der Drahtzugleitungen notwendigen Spannwerke mit den Spannwerksgewichten und eigenem Eingang. Die Stelleinrichtungen sind im Obergeschoss untergebracht. Wichtig f\u00fcr die Darstellung eines mechanischen Stellwerks ist die Verkn\u00fcpfung mit den Au\u00dfenanlagen (Seilz\u00fcge zu den Weichen und Signalen). Der dazu erforderliche Schacht f\u00fcr die Umlenkrollen wurde im Modell unterhalb des Erkervorbaus sorgf\u00e4ltig nachgebildet. Ein \u00fcberaus reizvolles Modell, das auch auf der kleinsten Anlage Platz hat. Mit Stecksystem. Hergestellt im Zweifarben-Spritzgie\u00dfverfahren. Ma\u00dfe: L 12 x B 7,5 x H 11,5 cm. Schwierigkeitsgrad: 2 (Fortgeschrittene).<\/div>\n<\/div>\n","protected":false},"excerpt":{"rendered":"<p>Produktinformationen &#8222;H0 Stellwerk Rottershausen&#8220; Bausatz. Das hier vorgestellte Stellwerk symbolisiert in geradezu idealer Weise den Typus eines kleinen, mechanischen Stellwerks. Im Erdgeschoss befinden sich die zum einwandfreien Funktionieren der Drahtzugleitungen notwendigen Spannwerke mit den Spannwerksgewichten und eigenem Eingang. Die Stelleinrichtungen sind im Obergeschoss untergebracht. Wichtig f\u00fcr die Darstellung eines mechanischen Stellwerks ist die Verkn\u00fcpfung mit&#8230;<\/p>\n","protected":false},"featured_media":2830,"comment_status":"open","ping_status":"closed","template":"","meta":[],"product_brand":[],"product_cat":[44,201,205,38],"product_tag":[292,291],"class_list":{"0":"post-2829","1":"product","2":"type-product","3":"status-publish","4":"has-post-thumbnail","6":"product_cat-kibri","7":"product_cat-kibri-spur-ho","8":"product_cat-stellwerke-ho-kibri-spur-ho","9":"product_cat-unkategorisiert","10":"product_tag-kein-spielzeug-nicht-geeignet-fuer-kinder-unter-14-jahren","11":"product_tag-warn-und-sicherheitshinweise-modellbauartikel","13":"first","14":"instock","15":"taxable","16":"shipping-taxable","17":"purchasable","18":"product-type-simple"},"jetpack_sharing_enabled":true,"_links":{"self":[{"href":"https:\/\/www.mg-modelleisenbahnbau.de\/startseite-2\/wp-json\/wp\/v2\/product\/2829","targetHints":{"allow":["GET"]}}],"collection":[{"href":"https:\/\/www.mg-modelleisenbahnbau.de\/startseite-2\/wp-json\/wp\/v2\/product"}],"about":[{"href":"https:\/\/www.mg-modelleisenbahnbau.de\/startseite-2\/wp-json\/wp\/v2\/types\/product"}],"replies":[{"embeddable":true,"href":"https:\/\/www.mg-modelleisenbahnbau.de\/startseite-2\/wp-json\/wp\/v2\/comments?post=2829"}],"wp:featuredmedia":[{"embeddable":true,"href":"https:\/\/www.mg-modelleisenbahnbau.de\/startseite-2\/wp-json\/wp\/v2\/media\/2830"}],"wp:attachment":[{"href":"https:\/\/www.mg-modelleisenbahnbau.de\/startseite-2\/wp-json\/wp\/v2\/media?parent=2829"}],"wp:term":[{"taxonomy":"product_brand","embeddable":true,"href":"https:\/\/www.mg-modelleisenbahnbau.de\/startseite-2\/wp-json\/wp\/v2\/product_brand?post=2829"},{"taxonomy":"product_cat","embeddable":true,"href":"https:\/\/www.mg-modelleisenbahnbau.de\/startseite-2\/wp-json\/wp\/v2\/product_cat?post=2829"},{"taxonomy":"product_tag","embeddable":true,"href":"https:\/\/www.mg-modelleisenbahnbau.de\/startseite-2\/wp-json\/wp\/v2\/product_tag?post=2829"}],"curies":[{"name":"wp","href":"https:\/\/api.w.org\/{rel}","templated":true}]}}