{"id":2823,"date":"2019-04-05T19:06:59","date_gmt":"2019-04-05T17:06:59","guid":{"rendered":"http:\/\/www.mg-modelleisenbahnbau.de\/?post_type=product&#038;p=2823"},"modified":"2025-06-30T16:49:47","modified_gmt":"2025-06-30T14:49:47","slug":"39318-h0-stellwerk-ottbergen","status":"publish","type":"product","link":"https:\/\/www.mg-modelleisenbahnbau.de\/startseite-2\/produkt\/39318-h0-stellwerk-ottbergen\/","title":{"rendered":"39318 H0 Stellwerk Ottbergen"},"content":{"rendered":"<div class=\"content--description\">\n<div class=\"content--title\">Produktinformationen &#8222;H0 Stellwerk Ottbergen&#8220;<\/div>\n<div class=\"product--description\">Bausatz. Das Vorbild f\u00fcr das kibri-Geb\u00e4ude ist das Behelfsstellwerk Ottbergen Mitte (Om). Es regelte innerhalb seines Aufgabenbereiches zus\u00e4tzlich den Schienenverkehr des Bahnbetriebswerkes. Umbauten an der Gleisanlage des BWs machten in den 60er Jahren das Stellwerk \u00fcberfl\u00fcssig. Das Geb\u00e4ude aus Ziegelsteinen mit seinem turmartigen Mitteltrakt blieb bis zum Abbruch 1982 erhalten. Dazu passt der dreist\u00e4ndige Ringlokschuppen Art. 39452 und die Drehscheibe Art. 39456. Mit Stecksystem. Ma\u00dfe: L 23,5 x B 9,5 x H 13 cm. Schwierigkeitsgrad: 2 (Fortgeschrittene).<\/div>\n<\/div>\n","protected":false},"excerpt":{"rendered":"<p>Produktinformationen &#8222;H0 Stellwerk Ottbergen&#8220; Bausatz. Das Vorbild f\u00fcr das kibri-Geb\u00e4ude ist das Behelfsstellwerk Ottbergen Mitte (Om). Es regelte innerhalb seines Aufgabenbereiches zus\u00e4tzlich den Schienenverkehr des Bahnbetriebswerkes. Umbauten an der Gleisanlage des BWs machten in den 60er Jahren das Stellwerk \u00fcberfl\u00fcssig. Das Geb\u00e4ude aus Ziegelsteinen mit seinem turmartigen Mitteltrakt blieb bis zum Abbruch 1982 erhalten. Dazu&#8230;<\/p>\n","protected":false},"featured_media":2824,"comment_status":"open","ping_status":"closed","template":"","meta":[],"product_brand":[],"product_cat":[44,201,205,38],"product_tag":[292,291],"class_list":{"0":"post-2823","1":"product","2":"type-product","3":"status-publish","4":"has-post-thumbnail","6":"product_cat-kibri","7":"product_cat-kibri-spur-ho","8":"product_cat-stellwerke-ho-kibri-spur-ho","9":"product_cat-unkategorisiert","10":"product_tag-kein-spielzeug-nicht-geeignet-fuer-kinder-unter-14-jahren","11":"product_tag-warn-und-sicherheitshinweise-modellbauartikel","13":"first","14":"instock","15":"taxable","16":"shipping-taxable","17":"purchasable","18":"product-type-simple"},"jetpack_sharing_enabled":true,"_links":{"self":[{"href":"https:\/\/www.mg-modelleisenbahnbau.de\/startseite-2\/wp-json\/wp\/v2\/product\/2823","targetHints":{"allow":["GET"]}}],"collection":[{"href":"https:\/\/www.mg-modelleisenbahnbau.de\/startseite-2\/wp-json\/wp\/v2\/product"}],"about":[{"href":"https:\/\/www.mg-modelleisenbahnbau.de\/startseite-2\/wp-json\/wp\/v2\/types\/product"}],"replies":[{"embeddable":true,"href":"https:\/\/www.mg-modelleisenbahnbau.de\/startseite-2\/wp-json\/wp\/v2\/comments?post=2823"}],"wp:featuredmedia":[{"embeddable":true,"href":"https:\/\/www.mg-modelleisenbahnbau.de\/startseite-2\/wp-json\/wp\/v2\/media\/2824"}],"wp:attachment":[{"href":"https:\/\/www.mg-modelleisenbahnbau.de\/startseite-2\/wp-json\/wp\/v2\/media?parent=2823"}],"wp:term":[{"taxonomy":"product_brand","embeddable":true,"href":"https:\/\/www.mg-modelleisenbahnbau.de\/startseite-2\/wp-json\/wp\/v2\/product_brand?post=2823"},{"taxonomy":"product_cat","embeddable":true,"href":"https:\/\/www.mg-modelleisenbahnbau.de\/startseite-2\/wp-json\/wp\/v2\/product_cat?post=2823"},{"taxonomy":"product_tag","embeddable":true,"href":"https:\/\/www.mg-modelleisenbahnbau.de\/startseite-2\/wp-json\/wp\/v2\/product_tag?post=2823"}],"curies":[{"name":"wp","href":"https:\/\/api.w.org\/{rel}","templated":true}]}}