{"id":2820,"date":"2019-04-05T19:04:32","date_gmt":"2019-04-05T17:04:32","guid":{"rendered":"http:\/\/www.mg-modelleisenbahnbau.de\/?post_type=product&#038;p=2820"},"modified":"2025-06-30T16:49:45","modified_gmt":"2025-06-30T14:49:45","slug":"39310-h0-brueckenstellwerk-hamm","status":"publish","type":"product","link":"https:\/\/www.mg-modelleisenbahnbau.de\/startseite-2\/produkt\/39310-h0-brueckenstellwerk-hamm\/","title":{"rendered":"39310 H0 Br\u00fcckenstellwerk Hamm"},"content":{"rendered":"<div class=\"content--description\">\n<div class=\"content--title\">Produktinformationen &#8222;H0 Br\u00fcckenstellwerk Hamm&#8220;<\/div>\n<div class=\"product--description\">Bausatz. Das Stellwerk eignet sich besonders zur Montage der Viessmann Signalk\u00f6pfe Art. 4751 &#8211; 4753 in Multiplex-Technologie und wird dadurch zum Blickfang eines jeden Gleisfeldes. Probieren Sie es aus! \u00dcberspannt vier Gleise. Durchfahrtsh\u00f6he: 8,6 cm, Durchfahrtsbreite: 21 cm. Ma\u00dfe: L 28 x B 11 x H 17,5 cm. Schwierigkeitsgrad: 2 (Fortgeschrittene).<\/div>\n<\/div>\n","protected":false},"excerpt":{"rendered":"<p>Produktinformationen &#8222;H0 Br\u00fcckenstellwerk Hamm&#8220; Bausatz. Das Stellwerk eignet sich besonders zur Montage der Viessmann Signalk\u00f6pfe Art. 4751 &#8211; 4753 in Multiplex-Technologie und wird dadurch zum Blickfang eines jeden Gleisfeldes. Probieren Sie es aus! \u00dcberspannt vier Gleise. Durchfahrtsh\u00f6he: 8,6 cm, Durchfahrtsbreite: 21 cm. Ma\u00dfe: L 28 x B 11 x H 17,5 cm. Schwierigkeitsgrad: 2 (Fortgeschrittene).<\/p>\n","protected":false},"featured_media":2821,"comment_status":"open","ping_status":"closed","template":"","meta":[],"product_brand":[],"product_cat":[44,201,205,38],"product_tag":[292,291],"class_list":{"0":"post-2820","1":"product","2":"type-product","3":"status-publish","4":"has-post-thumbnail","6":"product_cat-kibri","7":"product_cat-kibri-spur-ho","8":"product_cat-stellwerke-ho-kibri-spur-ho","9":"product_cat-unkategorisiert","10":"product_tag-kein-spielzeug-nicht-geeignet-fuer-kinder-unter-14-jahren","11":"product_tag-warn-und-sicherheitshinweise-modellbauartikel","13":"first","14":"instock","15":"taxable","16":"shipping-taxable","17":"purchasable","18":"product-type-simple"},"jetpack_sharing_enabled":true,"_links":{"self":[{"href":"https:\/\/www.mg-modelleisenbahnbau.de\/startseite-2\/wp-json\/wp\/v2\/product\/2820","targetHints":{"allow":["GET"]}}],"collection":[{"href":"https:\/\/www.mg-modelleisenbahnbau.de\/startseite-2\/wp-json\/wp\/v2\/product"}],"about":[{"href":"https:\/\/www.mg-modelleisenbahnbau.de\/startseite-2\/wp-json\/wp\/v2\/types\/product"}],"replies":[{"embeddable":true,"href":"https:\/\/www.mg-modelleisenbahnbau.de\/startseite-2\/wp-json\/wp\/v2\/comments?post=2820"}],"wp:featuredmedia":[{"embeddable":true,"href":"https:\/\/www.mg-modelleisenbahnbau.de\/startseite-2\/wp-json\/wp\/v2\/media\/2821"}],"wp:attachment":[{"href":"https:\/\/www.mg-modelleisenbahnbau.de\/startseite-2\/wp-json\/wp\/v2\/media?parent=2820"}],"wp:term":[{"taxonomy":"product_brand","embeddable":true,"href":"https:\/\/www.mg-modelleisenbahnbau.de\/startseite-2\/wp-json\/wp\/v2\/product_brand?post=2820"},{"taxonomy":"product_cat","embeddable":true,"href":"https:\/\/www.mg-modelleisenbahnbau.de\/startseite-2\/wp-json\/wp\/v2\/product_cat?post=2820"},{"taxonomy":"product_tag","embeddable":true,"href":"https:\/\/www.mg-modelleisenbahnbau.de\/startseite-2\/wp-json\/wp\/v2\/product_tag?post=2820"}],"curies":[{"name":"wp","href":"https:\/\/api.w.org\/{rel}","templated":true}]}}