{"id":2789,"date":"2019-04-03T11:49:34","date_gmt":"2019-04-03T09:49:34","guid":{"rendered":"http:\/\/www.mg-modelleisenbahnbau.de\/?post_type=product&#038;p=2789"},"modified":"2025-06-30T17:22:40","modified_gmt":"2025-06-30T15:22:40","slug":"39557-h0-moderner-bahnsteig-mit-led-beleuchtung","status":"publish","type":"product","link":"https:\/\/www.mg-modelleisenbahnbau.de\/startseite-2\/produkt\/39557-h0-moderner-bahnsteig-mit-led-beleuchtung\/","title":{"rendered":"39557 H0 Moderner Bahnsteig mit LED-Beleuchtung"},"content":{"rendered":"<div class=\"content--description\">\n<div class=\"content--title\">Produktinformationen &#8222;H0 Moderner Bahnsteig mit LED-Beleuchtung&#8220;<\/div>\n<div class=\"product--description\">Funktionsbausatz. Bausatz mit vormontierter Beleuchtung zum einfachen Aufbau. Das Modell \u00fcberzeugt durch realit\u00e4tsnahe, wei\u00dfe LED-Beleuchtung unter dem Dach. Enthalten ist zus\u00e4tzlich eine moderne Viessmann Bahnsteigleuchte mit LED wei\u00df. Bahnsteigh\u00f6he: 1 cm. Ma\u00dfe: L 56,5 x B 3,8 x H 9 cm. Schwierigkeitsgrad: 2 (Fortgeschrittene).<\/div>\n<\/div>\n","protected":false},"excerpt":{"rendered":"<p>Produktinformationen &#8222;H0 Moderner Bahnsteig mit LED-Beleuchtung&#8220; Funktionsbausatz. Bausatz mit vormontierter Beleuchtung zum einfachen Aufbau. Das Modell \u00fcberzeugt durch realit\u00e4tsnahe, wei\u00dfe LED-Beleuchtung unter dem Dach. Enthalten ist zus\u00e4tzlich eine moderne Viessmann Bahnsteigleuchte mit LED wei\u00df. Bahnsteigh\u00f6he: 1 cm. Ma\u00dfe: L 56,5 x B 3,8 x H 9 cm. Schwierigkeitsgrad: 2 (Fortgeschrittene).<\/p>\n","protected":false},"featured_media":2798,"comment_status":"open","ping_status":"closed","template":"","meta":[],"product_brand":[],"product_cat":[204,44,201,38],"product_tag":[292,291],"class_list":{"0":"post-2789","1":"product","2":"type-product","3":"status-publish","4":"has-post-thumbnail","6":"product_cat-bahnsteige-ho","7":"product_cat-kibri","8":"product_cat-kibri-spur-ho","9":"product_cat-unkategorisiert","10":"product_tag-kein-spielzeug-nicht-geeignet-fuer-kinder-unter-14-jahren","11":"product_tag-warn-und-sicherheitshinweise-modellbauartikel","13":"first","14":"instock","15":"taxable","16":"shipping-taxable","17":"purchasable","18":"product-type-simple"},"jetpack_sharing_enabled":true,"_links":{"self":[{"href":"https:\/\/www.mg-modelleisenbahnbau.de\/startseite-2\/wp-json\/wp\/v2\/product\/2789","targetHints":{"allow":["GET"]}}],"collection":[{"href":"https:\/\/www.mg-modelleisenbahnbau.de\/startseite-2\/wp-json\/wp\/v2\/product"}],"about":[{"href":"https:\/\/www.mg-modelleisenbahnbau.de\/startseite-2\/wp-json\/wp\/v2\/types\/product"}],"replies":[{"embeddable":true,"href":"https:\/\/www.mg-modelleisenbahnbau.de\/startseite-2\/wp-json\/wp\/v2\/comments?post=2789"}],"wp:featuredmedia":[{"embeddable":true,"href":"https:\/\/www.mg-modelleisenbahnbau.de\/startseite-2\/wp-json\/wp\/v2\/media\/2798"}],"wp:attachment":[{"href":"https:\/\/www.mg-modelleisenbahnbau.de\/startseite-2\/wp-json\/wp\/v2\/media?parent=2789"}],"wp:term":[{"taxonomy":"product_brand","embeddable":true,"href":"https:\/\/www.mg-modelleisenbahnbau.de\/startseite-2\/wp-json\/wp\/v2\/product_brand?post=2789"},{"taxonomy":"product_cat","embeddable":true,"href":"https:\/\/www.mg-modelleisenbahnbau.de\/startseite-2\/wp-json\/wp\/v2\/product_cat?post=2789"},{"taxonomy":"product_tag","embeddable":true,"href":"https:\/\/www.mg-modelleisenbahnbau.de\/startseite-2\/wp-json\/wp\/v2\/product_tag?post=2789"}],"curies":[{"name":"wp","href":"https:\/\/api.w.org\/{rel}","templated":true}]}}