{"id":2785,"date":"2019-04-03T11:41:37","date_gmt":"2019-04-03T09:41:37","guid":{"rendered":"http:\/\/www.mg-modelleisenbahnbau.de\/?post_type=product&#038;p=2785"},"modified":"2025-06-30T17:22:42","modified_gmt":"2025-06-30T15:22:42","slug":"39565-h0-bahnsteighalle-bonn","status":"publish","type":"product","link":"https:\/\/www.mg-modelleisenbahnbau.de\/startseite-2\/produkt\/39565-h0-bahnsteighalle-bonn\/","title":{"rendered":"39565 H0 Bahnsteighalle Bonn"},"content":{"rendered":"<div class=\"content--description\">\n<div class=\"content--title\">Produktinformationen &#8222;H0 Bahnsteighalle Bonn&#8220;<\/div>\n<div class=\"product--description\">Bausatz. Diese gigantische Bahnsteighalle passt wunderbar zum Modell des gro\u00dfen Bahnhofs Bonn Art. 39373. Gleise und Bahnsteige werden hier von einer interessanten Hallenkonstruktion raumwirksam \u00fcberdeckt. Das Eisen-Glas-System ist auch im Modell hervorragend nachempfunden. Das Konzept folgt in der Zusammenstellung einem Gro\u00dfstadtbahnhof im H0-Ma\u00dfstab. Mehrere Hallen k\u00f6nnen in beliebiger L\u00e4nge und Breite hinter- bzw. nebeneinander aufgebaut werden, wobei sie je nach Wunsch oder vorhandener Anlage als Durchgangs- oder Kopfbahnhof eingesetzt werden k\u00f6nnen. Der Aufbau der gew\u00f6lbten Dachkonstruktion bereitet im Modell keine Schwierigkeiten, lediglich die Montagereihenfolge der einzelnen Dachteile spielt eine Rolle. Geeignet f\u00fcr den Aufbau mit der Viessmann-Oberleitung. Geeignet f\u00fcr Modellgleise und M\u00e4rklin C-Gleis. ICE-Erh\u00f6hung liegt bei. Durchfahrtsh\u00f6he: 5,5\/11,5 cm. Durchfahrtsbreite: 11,5 cm. Ma\u00dfe: L 44 x B 22,3 x H 13,5 cm. Schwierigkeitsgrad: 2 (Fortgeschrittene).<\/div>\n<\/div>\n","protected":false},"excerpt":{"rendered":"<p>Produktinformationen &#8222;H0 Bahnsteighalle Bonn&#8220; Bausatz. Diese gigantische Bahnsteighalle passt wunderbar zum Modell des gro\u00dfen Bahnhofs Bonn Art. 39373. Gleise und Bahnsteige werden hier von einer interessanten Hallenkonstruktion raumwirksam \u00fcberdeckt. Das Eisen-Glas-System ist auch im Modell hervorragend nachempfunden. Das Konzept folgt in der Zusammenstellung einem Gro\u00dfstadtbahnhof im H0-Ma\u00dfstab. Mehrere Hallen k\u00f6nnen in beliebiger L\u00e4nge und Breite&#8230;<\/p>\n","protected":false},"featured_media":2800,"comment_status":"open","ping_status":"closed","template":"","meta":[],"product_brand":[],"product_cat":[204,44,201,38],"product_tag":[292,291],"class_list":{"0":"post-2785","1":"product","2":"type-product","3":"status-publish","4":"has-post-thumbnail","6":"product_cat-bahnsteige-ho","7":"product_cat-kibri","8":"product_cat-kibri-spur-ho","9":"product_cat-unkategorisiert","10":"product_tag-kein-spielzeug-nicht-geeignet-fuer-kinder-unter-14-jahren","11":"product_tag-warn-und-sicherheitshinweise-modellbauartikel","13":"first","14":"instock","15":"taxable","16":"shipping-taxable","17":"purchasable","18":"product-type-simple"},"jetpack_sharing_enabled":true,"_links":{"self":[{"href":"https:\/\/www.mg-modelleisenbahnbau.de\/startseite-2\/wp-json\/wp\/v2\/product\/2785","targetHints":{"allow":["GET"]}}],"collection":[{"href":"https:\/\/www.mg-modelleisenbahnbau.de\/startseite-2\/wp-json\/wp\/v2\/product"}],"about":[{"href":"https:\/\/www.mg-modelleisenbahnbau.de\/startseite-2\/wp-json\/wp\/v2\/types\/product"}],"replies":[{"embeddable":true,"href":"https:\/\/www.mg-modelleisenbahnbau.de\/startseite-2\/wp-json\/wp\/v2\/comments?post=2785"}],"wp:featuredmedia":[{"embeddable":true,"href":"https:\/\/www.mg-modelleisenbahnbau.de\/startseite-2\/wp-json\/wp\/v2\/media\/2800"}],"wp:attachment":[{"href":"https:\/\/www.mg-modelleisenbahnbau.de\/startseite-2\/wp-json\/wp\/v2\/media?parent=2785"}],"wp:term":[{"taxonomy":"product_brand","embeddable":true,"href":"https:\/\/www.mg-modelleisenbahnbau.de\/startseite-2\/wp-json\/wp\/v2\/product_brand?post=2785"},{"taxonomy":"product_cat","embeddable":true,"href":"https:\/\/www.mg-modelleisenbahnbau.de\/startseite-2\/wp-json\/wp\/v2\/product_cat?post=2785"},{"taxonomy":"product_tag","embeddable":true,"href":"https:\/\/www.mg-modelleisenbahnbau.de\/startseite-2\/wp-json\/wp\/v2\/product_tag?post=2785"}],"curies":[{"name":"wp","href":"https:\/\/api.w.org\/{rel}","templated":true}]}}