{"id":2748,"date":"2019-04-01T19:50:47","date_gmt":"2019-04-01T17:50:47","guid":{"rendered":"http:\/\/www.mg-modelleisenbahnbau.de\/?post_type=product&#038;p=2748"},"modified":"2025-06-30T17:22:37","modified_gmt":"2025-06-30T15:22:37","slug":"39504-h0-bahnhof-langenthal-mit-nebengebaeuden","status":"publish","type":"product","link":"https:\/\/www.mg-modelleisenbahnbau.de\/startseite-2\/produkt\/39504-h0-bahnhof-langenthal-mit-nebengebaeuden\/","title":{"rendered":"39504 H0 Bahnhof Langenthal mit Nebengeb\u00e4uden"},"content":{"rendered":"<div class=\"content--description\">\n<div class=\"content--title\">Produktinformationen &#8222;H0 Bahnhof Langenthal mit Nebengeb\u00e4uden&#8220;<\/div>\n<div class=\"product--description\">Bausatz. Das durch seine kompakten Abmessungen auch f\u00fcr kleine und mittlere Anlagen interessante Geb\u00e4ude wurde dem gro\u00dfen Vorbild bis hin zu vielen Einzelheiten detailgetreu nachempfunden. Der Baustil dieses Bahnhofs kann jenen Bauten zugeordnet werden, die in ganz Deutschland und \u00fcber die Grenzen hinaus vor und um die Wende zum 20. Jahrhundert entstanden sind. Ma\u00dfe: L 43 x B 14 x H 15 cm. Schwierigkeitsgrad: 2 (Fortgeschrittene).<\/div>\n<\/div>\n","protected":false},"excerpt":{"rendered":"<p>Produktinformationen &#8222;H0 Bahnhof Langenthal mit Nebengeb\u00e4uden&#8220; Bausatz. Das durch seine kompakten Abmessungen auch f\u00fcr kleine und mittlere Anlagen interessante Geb\u00e4ude wurde dem gro\u00dfen Vorbild bis hin zu vielen Einzelheiten detailgetreu nachempfunden. Der Baustil dieses Bahnhofs kann jenen Bauten zugeordnet werden, die in ganz Deutschland und \u00fcber die Grenzen hinaus vor und um die Wende zum&#8230;<\/p>\n","protected":false},"featured_media":2801,"comment_status":"open","ping_status":"closed","template":"","meta":[],"product_brand":[],"product_cat":[203,44,201,38],"product_tag":[292,291],"class_list":{"0":"post-2748","1":"product","2":"type-product","3":"status-publish","4":"has-post-thumbnail","6":"product_cat-bahnhoefe-ho","7":"product_cat-kibri","8":"product_cat-kibri-spur-ho","9":"product_cat-unkategorisiert","10":"product_tag-kein-spielzeug-nicht-geeignet-fuer-kinder-unter-14-jahren","11":"product_tag-warn-und-sicherheitshinweise-modellbauartikel","13":"first","14":"instock","15":"taxable","16":"shipping-taxable","17":"purchasable","18":"product-type-simple"},"jetpack_sharing_enabled":true,"_links":{"self":[{"href":"https:\/\/www.mg-modelleisenbahnbau.de\/startseite-2\/wp-json\/wp\/v2\/product\/2748","targetHints":{"allow":["GET"]}}],"collection":[{"href":"https:\/\/www.mg-modelleisenbahnbau.de\/startseite-2\/wp-json\/wp\/v2\/product"}],"about":[{"href":"https:\/\/www.mg-modelleisenbahnbau.de\/startseite-2\/wp-json\/wp\/v2\/types\/product"}],"replies":[{"embeddable":true,"href":"https:\/\/www.mg-modelleisenbahnbau.de\/startseite-2\/wp-json\/wp\/v2\/comments?post=2748"}],"wp:featuredmedia":[{"embeddable":true,"href":"https:\/\/www.mg-modelleisenbahnbau.de\/startseite-2\/wp-json\/wp\/v2\/media\/2801"}],"wp:attachment":[{"href":"https:\/\/www.mg-modelleisenbahnbau.de\/startseite-2\/wp-json\/wp\/v2\/media?parent=2748"}],"wp:term":[{"taxonomy":"product_brand","embeddable":true,"href":"https:\/\/www.mg-modelleisenbahnbau.de\/startseite-2\/wp-json\/wp\/v2\/product_brand?post=2748"},{"taxonomy":"product_cat","embeddable":true,"href":"https:\/\/www.mg-modelleisenbahnbau.de\/startseite-2\/wp-json\/wp\/v2\/product_cat?post=2748"},{"taxonomy":"product_tag","embeddable":true,"href":"https:\/\/www.mg-modelleisenbahnbau.de\/startseite-2\/wp-json\/wp\/v2\/product_tag?post=2748"}],"curies":[{"name":"wp","href":"https:\/\/api.w.org\/{rel}","templated":true}]}}