{"id":2742,"date":"2019-04-01T18:24:58","date_gmt":"2019-04-01T16:24:58","guid":{"rendered":"http:\/\/www.mg-modelleisenbahnbau.de\/?post_type=product&#038;p=2742"},"modified":"2025-06-30T16:49:51","modified_gmt":"2025-06-30T14:49:51","slug":"39367-h0-bahnhof-fuerstenberg","status":"publish","type":"product","link":"https:\/\/www.mg-modelleisenbahnbau.de\/startseite-2\/produkt\/39367-h0-bahnhof-fuerstenberg\/","title":{"rendered":"39367 H0 Bahnhof F\u00fcrstenberg"},"content":{"rendered":"<div class=\"content--description\">\n<div class=\"content--title\">Produktinformationen &#8222;H0 Bahnhof F\u00fcrstenberg&#8220;<\/div>\n<div class=\"product--description\">Bausatz. Ein Empfangsgeb\u00e4ude im preu\u00dfischen Stil, das die damit verbundene Eisenbahnromantik vergangener Epochen verk\u00f6rpert. Es wurde nach den Richtlinien und Baubestimmungen der Bahn an bestimmten Haupt- und Nebenstrecken erstellt. Das Modell besticht durch seine ausgewogene, symmetrische Architektur und dem Wechselspiel von Farbe und verwendeten Baumaterialien. Ganz besonders reizvoll ist der mittig angeordnete Geb\u00e4udedurchgang und die mit Gitterschiebet\u00fcr gestaltete Bahnsteigsperre. Es fehlt nur noch der fahrkartenzwickende Schaffner. Mit einer L\u00e4nge von gerade einmal 45 cm findet das imposante Modell auch auf kleineren Anlagen Platz. Mit Stecksystem. Hergestellt im Zweifarben-Spritzgie\u00dfverfahren. Ma\u00dfe: L 45 x B 15 x H 15,5 cm. Schwierigkeitsgrad: 2 (Fortgeschrittene).<\/div>\n<\/div>\n","protected":false},"excerpt":{"rendered":"<p>Produktinformationen &#8222;H0 Bahnhof F\u00fcrstenberg&#8220; Bausatz. Ein Empfangsgeb\u00e4ude im preu\u00dfischen Stil, das die damit verbundene Eisenbahnromantik vergangener Epochen verk\u00f6rpert. Es wurde nach den Richtlinien und Baubestimmungen der Bahn an bestimmten Haupt- und Nebenstrecken erstellt. Das Modell besticht durch seine ausgewogene, symmetrische Architektur und dem Wechselspiel von Farbe und verwendeten Baumaterialien. Ganz besonders reizvoll ist der mittig&#8230;<\/p>\n","protected":false},"featured_media":2809,"comment_status":"open","ping_status":"closed","template":"","meta":[],"product_brand":[],"product_cat":[203,44,201,38],"product_tag":[292,291],"class_list":{"0":"post-2742","1":"product","2":"type-product","3":"status-publish","4":"has-post-thumbnail","6":"product_cat-bahnhoefe-ho","7":"product_cat-kibri","8":"product_cat-kibri-spur-ho","9":"product_cat-unkategorisiert","10":"product_tag-kein-spielzeug-nicht-geeignet-fuer-kinder-unter-14-jahren","11":"product_tag-warn-und-sicherheitshinweise-modellbauartikel","13":"first","14":"instock","15":"taxable","16":"shipping-taxable","17":"purchasable","18":"product-type-simple"},"jetpack_sharing_enabled":true,"_links":{"self":[{"href":"https:\/\/www.mg-modelleisenbahnbau.de\/startseite-2\/wp-json\/wp\/v2\/product\/2742","targetHints":{"allow":["GET"]}}],"collection":[{"href":"https:\/\/www.mg-modelleisenbahnbau.de\/startseite-2\/wp-json\/wp\/v2\/product"}],"about":[{"href":"https:\/\/www.mg-modelleisenbahnbau.de\/startseite-2\/wp-json\/wp\/v2\/types\/product"}],"replies":[{"embeddable":true,"href":"https:\/\/www.mg-modelleisenbahnbau.de\/startseite-2\/wp-json\/wp\/v2\/comments?post=2742"}],"wp:featuredmedia":[{"embeddable":true,"href":"https:\/\/www.mg-modelleisenbahnbau.de\/startseite-2\/wp-json\/wp\/v2\/media\/2809"}],"wp:attachment":[{"href":"https:\/\/www.mg-modelleisenbahnbau.de\/startseite-2\/wp-json\/wp\/v2\/media?parent=2742"}],"wp:term":[{"taxonomy":"product_brand","embeddable":true,"href":"https:\/\/www.mg-modelleisenbahnbau.de\/startseite-2\/wp-json\/wp\/v2\/product_brand?post=2742"},{"taxonomy":"product_cat","embeddable":true,"href":"https:\/\/www.mg-modelleisenbahnbau.de\/startseite-2\/wp-json\/wp\/v2\/product_cat?post=2742"},{"taxonomy":"product_tag","embeddable":true,"href":"https:\/\/www.mg-modelleisenbahnbau.de\/startseite-2\/wp-json\/wp\/v2\/product_tag?post=2742"}],"curies":[{"name":"wp","href":"https:\/\/api.w.org\/{rel}","templated":true}]}}