{"id":2740,"date":"2019-04-01T18:19:17","date_gmt":"2019-04-01T16:19:17","guid":{"rendered":"http:\/\/www.mg-modelleisenbahnbau.de\/?post_type=product&#038;p=2740"},"modified":"2025-06-30T16:49:51","modified_gmt":"2025-06-30T14:49:51","slug":"39366-h0-bahnhof-feldafing","status":"publish","type":"product","link":"https:\/\/www.mg-modelleisenbahnbau.de\/startseite-2\/produkt\/39366-h0-bahnhof-feldafing\/","title":{"rendered":"39366 H0 Bahnhof Feldafing"},"content":{"rendered":"<div class=\"content--description\">\n<div class=\"content--title\">Produktinformationen &#8222;H0 Bahnhof Feldafing&#8220;<\/div>\n<div class=\"product--description\">Bausatz. Der Bahnhof Feldafing liegt an der Strecke Starnberg-Tutzing-Pei\u00dfenberg, die im Juli 1865 er\u00f6ffnet wurde. In diese Zeit f\u00e4llt auch der Bau des Bahnhofs Feldafing. Er wurde aus Steinen errichtet, die K\u00f6nig Max II. f\u00fcr sein Schloss bestimmt hatte. Feldafing diente einst auch der \u00f6sterreichischen Kaiserin als Ausgangspunkt zu Sommeraufenthalten am Starnberger See. Quasi als echtes Empfangsgeb\u00e4ude f\u00fcr ihre Kaiserliche Hoheit wurde dann auch der Bahnhof entsprechend repr\u00e4sentativ ausgef\u00fchrt. Sein besonderer Baustil ist heute auch weltweit anzutreffen. Hervorragend geeignet auch f\u00fcr Dioramengestalter, die historische Motive lieben. Ma\u00dfe: L 64 x B 19 x H 17 cm. Schwierigkeitsgrad: 2 (Fortgeschrittene).<\/div>\n<\/div>\n<div><\/div>\n<div><span class=\"delivery--text delivery--text-not-available\" style=\"color: #ff0000;\"><strong><br \/>\n<\/strong> <\/span><\/div>\n","protected":false},"excerpt":{"rendered":"<p>Produktinformationen &#8222;H0 Bahnhof Feldafing&#8220; Bausatz. Der Bahnhof Feldafing liegt an der Strecke Starnberg-Tutzing-Pei\u00dfenberg, die im Juli 1865 er\u00f6ffnet wurde. In diese Zeit f\u00e4llt auch der Bau des Bahnhofs Feldafing. Er wurde aus Steinen errichtet, die K\u00f6nig Max II. f\u00fcr sein Schloss bestimmt hatte. Feldafing diente einst auch der \u00f6sterreichischen Kaiserin als Ausgangspunkt zu Sommeraufenthalten am&#8230;<\/p>\n","protected":false},"featured_media":2811,"comment_status":"open","ping_status":"closed","template":"","meta":[],"product_brand":[],"product_cat":[203,44,201,38],"product_tag":[292,291],"class_list":{"0":"post-2740","1":"product","2":"type-product","3":"status-publish","4":"has-post-thumbnail","6":"product_cat-bahnhoefe-ho","7":"product_cat-kibri","8":"product_cat-kibri-spur-ho","9":"product_cat-unkategorisiert","10":"product_tag-kein-spielzeug-nicht-geeignet-fuer-kinder-unter-14-jahren","11":"product_tag-warn-und-sicherheitshinweise-modellbauartikel","13":"first","14":"instock","15":"taxable","16":"shipping-taxable","17":"purchasable","18":"product-type-simple"},"jetpack_sharing_enabled":true,"_links":{"self":[{"href":"https:\/\/www.mg-modelleisenbahnbau.de\/startseite-2\/wp-json\/wp\/v2\/product\/2740","targetHints":{"allow":["GET"]}}],"collection":[{"href":"https:\/\/www.mg-modelleisenbahnbau.de\/startseite-2\/wp-json\/wp\/v2\/product"}],"about":[{"href":"https:\/\/www.mg-modelleisenbahnbau.de\/startseite-2\/wp-json\/wp\/v2\/types\/product"}],"replies":[{"embeddable":true,"href":"https:\/\/www.mg-modelleisenbahnbau.de\/startseite-2\/wp-json\/wp\/v2\/comments?post=2740"}],"wp:featuredmedia":[{"embeddable":true,"href":"https:\/\/www.mg-modelleisenbahnbau.de\/startseite-2\/wp-json\/wp\/v2\/media\/2811"}],"wp:attachment":[{"href":"https:\/\/www.mg-modelleisenbahnbau.de\/startseite-2\/wp-json\/wp\/v2\/media?parent=2740"}],"wp:term":[{"taxonomy":"product_brand","embeddable":true,"href":"https:\/\/www.mg-modelleisenbahnbau.de\/startseite-2\/wp-json\/wp\/v2\/product_brand?post=2740"},{"taxonomy":"product_cat","embeddable":true,"href":"https:\/\/www.mg-modelleisenbahnbau.de\/startseite-2\/wp-json\/wp\/v2\/product_cat?post=2740"},{"taxonomy":"product_tag","embeddable":true,"href":"https:\/\/www.mg-modelleisenbahnbau.de\/startseite-2\/wp-json\/wp\/v2\/product_tag?post=2740"}],"curies":[{"name":"wp","href":"https:\/\/api.w.org\/{rel}","templated":true}]}}