{"id":2739,"date":"2019-04-01T18:16:24","date_gmt":"2019-04-01T16:16:24","guid":{"rendered":"http:\/\/www.mg-modelleisenbahnbau.de\/?post_type=product&#038;p=2739"},"modified":"2025-06-30T16:49:54","modified_gmt":"2025-06-30T14:49:54","slug":"39373-h0-bahnhof-bonn","status":"publish","type":"product","link":"https:\/\/www.mg-modelleisenbahnbau.de\/startseite-2\/produkt\/39373-h0-bahnhof-bonn\/","title":{"rendered":"39373 H0 Bahnhof Bonn"},"content":{"rendered":"<div class=\"content--description\">\n<div class=\"content--title\">Produktinformationen &#8222;H0 Bahnhof Bonn&#8220;<\/div>\n<div class=\"product--description\">Bausatz. Im Original stellt der Bonner Bahnhof einen typischen Stadtbahnhof dar, der als Durchgangsbahnhof angelegt ist. Bei der Betrachtung des kibri-Modells wird sehr schnell deutlich, warum die 1981 auf der N\u00fcrnberger Spielwarenmesse herausgebrachte Neuheit ausnahmslos alle Zuschauer begeisterte. In seinem gesamten Erscheinungsbild stellt der Bahnhof Bonn in Baugr\u00f6\u00dfe H0 mit einer Gesamtl\u00e4nge von fast einem Meter bereits im Bausatz mit \u00fcber 500 Einzelteilen ein Superlativ dar. Nicht nur die Ma\u00dfstabstreue, auch die Musterg\u00fcltigkeit l\u00e4sst sich auf die gesamte Architektur \u00fcbertragen. Mit seinem Mittel- und den beiden Eckbauten sowie der Bahnsteig- und Stra\u00dfenseite, entspricht das Modellgeb\u00e4ude im H0-Ma\u00dfstab dem Vorbild in allen wesentlichen Einzelheiten bis hin zur gekonnt angelegten Farbgebung. Durch die respektable Gr\u00f6\u00dfe ist dieser Bausatz f\u00fcr jede H0-Anlage ein toller Blickfang. Im Modell besticht er in seiner Gesamtproportion als auch mit seinen zahlreichen Details in Form von Ecken und Winkeln. Der Bausatz wird erg\u00e4nzt durch eine ganze Reihe von Zubeh\u00f6rteilen aus dem kibri-Sortiment f\u00fcr die Ausgestaltung von Geb\u00e4uden und Bahnsteigen, z. B. der Bahnsteighalle Bonn Art. 39565. Hallen und Bahnsteige sind dem C-Gleissystem von M\u00e4rklin angepasst, eine Erh\u00f6hung der Bahnsteige macht sie wie in Wirklichkeit ICE-f\u00e4hig. Ma\u00dfe: L 98,5 x B 25,5 x H 23 cm. Schwierigkeitsgrad: 3 (Profis).<\/div>\n<\/div>\n","protected":false},"excerpt":{"rendered":"<p>Produktinformationen &#8222;H0 Bahnhof Bonn&#8220; Bausatz. Im Original stellt der Bonner Bahnhof einen typischen Stadtbahnhof dar, der als Durchgangsbahnhof angelegt ist. Bei der Betrachtung des kibri-Modells wird sehr schnell deutlich, warum die 1981 auf der N\u00fcrnberger Spielwarenmesse herausgebrachte Neuheit ausnahmslos alle Zuschauer begeisterte. In seinem gesamten Erscheinungsbild stellt der Bahnhof Bonn in Baugr\u00f6\u00dfe H0 mit einer&#8230;<\/p>\n","protected":false},"featured_media":2812,"comment_status":"open","ping_status":"closed","template":"","meta":[],"product_brand":[],"product_cat":[203,44,201,38],"product_tag":[292,291],"class_list":{"0":"post-2739","1":"product","2":"type-product","3":"status-publish","4":"has-post-thumbnail","6":"product_cat-bahnhoefe-ho","7":"product_cat-kibri","8":"product_cat-kibri-spur-ho","9":"product_cat-unkategorisiert","10":"product_tag-kein-spielzeug-nicht-geeignet-fuer-kinder-unter-14-jahren","11":"product_tag-warn-und-sicherheitshinweise-modellbauartikel","13":"first","14":"instock","15":"taxable","16":"shipping-taxable","17":"purchasable","18":"product-type-simple"},"jetpack_sharing_enabled":true,"_links":{"self":[{"href":"https:\/\/www.mg-modelleisenbahnbau.de\/startseite-2\/wp-json\/wp\/v2\/product\/2739","targetHints":{"allow":["GET"]}}],"collection":[{"href":"https:\/\/www.mg-modelleisenbahnbau.de\/startseite-2\/wp-json\/wp\/v2\/product"}],"about":[{"href":"https:\/\/www.mg-modelleisenbahnbau.de\/startseite-2\/wp-json\/wp\/v2\/types\/product"}],"replies":[{"embeddable":true,"href":"https:\/\/www.mg-modelleisenbahnbau.de\/startseite-2\/wp-json\/wp\/v2\/comments?post=2739"}],"wp:featuredmedia":[{"embeddable":true,"href":"https:\/\/www.mg-modelleisenbahnbau.de\/startseite-2\/wp-json\/wp\/v2\/media\/2812"}],"wp:attachment":[{"href":"https:\/\/www.mg-modelleisenbahnbau.de\/startseite-2\/wp-json\/wp\/v2\/media?parent=2739"}],"wp:term":[{"taxonomy":"product_brand","embeddable":true,"href":"https:\/\/www.mg-modelleisenbahnbau.de\/startseite-2\/wp-json\/wp\/v2\/product_brand?post=2739"},{"taxonomy":"product_cat","embeddable":true,"href":"https:\/\/www.mg-modelleisenbahnbau.de\/startseite-2\/wp-json\/wp\/v2\/product_cat?post=2739"},{"taxonomy":"product_tag","embeddable":true,"href":"https:\/\/www.mg-modelleisenbahnbau.de\/startseite-2\/wp-json\/wp\/v2\/product_tag?post=2739"}],"curies":[{"name":"wp","href":"https:\/\/api.w.org\/{rel}","templated":true}]}}