{"id":2733,"date":"2019-04-01T17:33:59","date_gmt":"2019-04-01T15:33:59","guid":{"rendered":"http:\/\/www.mg-modelleisenbahnbau.de\/?post_type=product&#038;p=2733"},"modified":"2025-06-30T16:22:05","modified_gmt":"2025-06-30T14:22:05","slug":"39005-h0-2-bushaltestationen-mit-segel-inkl-led-beleuchtung-passend-zu-art-39006","status":"publish","type":"product","link":"https:\/\/www.mg-modelleisenbahnbau.de\/startseite-2\/produkt\/39005-h0-2-bushaltestationen-mit-segel-inkl-led-beleuchtung-passend-zu-art-39006\/","title":{"rendered":"39005 H0 2 Bushaltestationen mit Segel inkl. LED-Beleuchtung, passend zu Art. 39006"},"content":{"rendered":"<div class=\"content--title\">roduktinformationen &#8222;H0 2 Bushaltestationen mit Segel inkl. LED-Beleuchtung, passend zu Art. 39006&#8220;<\/div>\n<div class=\"product--description\">Funktionsbausatz. Das segelf\u00f6rmige Dach kann bis zu 6 Haltestationen \u00fcberspannen und ist in der Mitte teilbar. Ideal zur Erweiterung von Art. 39006. Zwei Deckenstrahler Art. 6338 liegen bei. Zur Anbringung zus\u00e4tzlicher Beleuchtungselemente empfehlen wir Viessmann Art. 6339 H0 Deckenstrahler, LED wei\u00df, 7 St\u00fcck oder Art. 6338 H0 Deckenstrahler, LED wei\u00df. Kompatibel zum Faller Car System. Ma\u00dfe: L 36,4 x B 22 x H 6,1 cm. Schwierigkeitsgrad: 2 (Fortgeschrittene).<\/div>\n<div><\/div>\n<div><\/div>\n<div><span class=\"delivery--text delivery--text-not-available\" style=\"color: #ff0000;\"><strong>Lieferzeit auf Anfrage<\/strong> <\/span><\/div>\n","protected":false},"excerpt":{"rendered":"<p>roduktinformationen &#8222;H0 2 Bushaltestationen mit Segel inkl. LED-Beleuchtung, passend zu Art. 39006&#8220; Funktionsbausatz. Das segelf\u00f6rmige Dach kann bis zu 6 Haltestationen \u00fcberspannen und ist in der Mitte teilbar. Ideal zur Erweiterung von Art. 39006. Zwei Deckenstrahler Art. 6338 liegen bei. Zur Anbringung zus\u00e4tzlicher Beleuchtungselemente empfehlen wir Viessmann Art. 6339 H0 Deckenstrahler, LED wei\u00df, 7 St\u00fcck&#8230;<\/p>\n","protected":false},"featured_media":2734,"comment_status":"open","ping_status":"closed","template":"","meta":[],"product_brand":[],"product_cat":[202,44,201,38],"product_tag":[292,291],"class_list":{"0":"post-2733","1":"product","2":"type-product","3":"status-publish","4":"has-post-thumbnail","6":"product_cat-busbahnhof-bushaltestellen-ho","7":"product_cat-kibri","8":"product_cat-kibri-spur-ho","9":"product_cat-unkategorisiert","10":"product_tag-kein-spielzeug-nicht-geeignet-fuer-kinder-unter-14-jahren","11":"product_tag-warn-und-sicherheitshinweise-modellbauartikel","13":"first","14":"instock","15":"taxable","16":"shipping-taxable","17":"purchasable","18":"product-type-simple"},"jetpack_sharing_enabled":true,"_links":{"self":[{"href":"https:\/\/www.mg-modelleisenbahnbau.de\/startseite-2\/wp-json\/wp\/v2\/product\/2733","targetHints":{"allow":["GET"]}}],"collection":[{"href":"https:\/\/www.mg-modelleisenbahnbau.de\/startseite-2\/wp-json\/wp\/v2\/product"}],"about":[{"href":"https:\/\/www.mg-modelleisenbahnbau.de\/startseite-2\/wp-json\/wp\/v2\/types\/product"}],"replies":[{"embeddable":true,"href":"https:\/\/www.mg-modelleisenbahnbau.de\/startseite-2\/wp-json\/wp\/v2\/comments?post=2733"}],"wp:featuredmedia":[{"embeddable":true,"href":"https:\/\/www.mg-modelleisenbahnbau.de\/startseite-2\/wp-json\/wp\/v2\/media\/2734"}],"wp:attachment":[{"href":"https:\/\/www.mg-modelleisenbahnbau.de\/startseite-2\/wp-json\/wp\/v2\/media?parent=2733"}],"wp:term":[{"taxonomy":"product_brand","embeddable":true,"href":"https:\/\/www.mg-modelleisenbahnbau.de\/startseite-2\/wp-json\/wp\/v2\/product_brand?post=2733"},{"taxonomy":"product_cat","embeddable":true,"href":"https:\/\/www.mg-modelleisenbahnbau.de\/startseite-2\/wp-json\/wp\/v2\/product_cat?post=2733"},{"taxonomy":"product_tag","embeddable":true,"href":"https:\/\/www.mg-modelleisenbahnbau.de\/startseite-2\/wp-json\/wp\/v2\/product_tag?post=2733"}],"curies":[{"name":"wp","href":"https:\/\/api.w.org\/{rel}","templated":true}]}}