{"id":2730,"date":"2019-04-01T17:30:49","date_gmt":"2019-04-01T15:30:49","guid":{"rendered":"http:\/\/www.mg-modelleisenbahnbau.de\/?post_type=product&#038;p=2730"},"modified":"2025-06-30T16:22:06","modified_gmt":"2025-06-30T14:22:06","slug":"39006-h0-hauptgebaeude-busbahnhof-halle-saale-mit-einer-haltestation-inkl-led-beleuchtung","status":"publish","type":"product","link":"https:\/\/www.mg-modelleisenbahnbau.de\/startseite-2\/produkt\/39006-h0-hauptgebaeude-busbahnhof-halle-saale-mit-einer-haltestation-inkl-led-beleuchtung\/","title":{"rendered":"39006 H0 Hauptgeb\u00e4ude Busbahnhof Halle\/Saale mit einer Haltestation inkl. LED-Beleuchtung"},"content":{"rendered":"<div class=\"content--description\">\n<div class=\"content--title\">Produktinformationen &#8222;H0 Hauptgeb\u00e4ude Busbahnhof Halle\/Saale mit einer Haltestation inkl. LED-Beleuchtung&#8220;<\/div>\n<div class=\"product--description\">Funktionsbausatz. F\u00fcr Anlagen mit weniger Platz oder zur modularen Erweiterung eignet sich dieses Teil-Set des Busbahnhofs Halle\/Saale. Beliebig erweiterbar mit Art. 39005 und 39007. Ein Deckenstrahler Art. 6338 liegt bei. Zur Anbringung zus\u00e4tzlicher Beleuchtungselemente empfehlen wir Viessmann Art. 6339 H0 Deckenstrahler, LED wei\u00df, 7 St\u00fcck oder Art. 6338 H0 Deckenstrahler, LED wei\u00df. Kompatibel zum Faller Car System. Ma\u00dfe: L 32,7 x B 31,7 x H 9,6 cm. Schwierigkeitsgrad: 2 (Fortgeschrittene).<\/div>\n<\/div>\n<div><\/div>\n<div>\n<div class=\"product--delivery\">\n<p class=\"delivery--information\"><span class=\"delivery--text delivery--text-not-available\" style=\"color: #ff0000;\"><strong>Lieferzeit auf Anfrage<\/strong> <\/span><\/p>\n<\/div>\n<div class=\"product--configurator\"><\/div>\n<div class=\"buybox--form\">\n<div class=\"buybox--button-container block-group\"><\/div>\n<\/div>\n<\/div>\n<div><\/div>\n","protected":false},"excerpt":{"rendered":"<p>Produktinformationen &#8222;H0 Hauptgeb\u00e4ude Busbahnhof Halle\/Saale mit einer Haltestation inkl. LED-Beleuchtung&#8220; Funktionsbausatz. F\u00fcr Anlagen mit weniger Platz oder zur modularen Erweiterung eignet sich dieses Teil-Set des Busbahnhofs Halle\/Saale. Beliebig erweiterbar mit Art. 39005 und 39007. Ein Deckenstrahler Art. 6338 liegt bei. Zur Anbringung zus\u00e4tzlicher Beleuchtungselemente empfehlen wir Viessmann Art. 6339 H0 Deckenstrahler, LED wei\u00df, 7 St\u00fcck&#8230;<\/p>\n","protected":false},"featured_media":2732,"comment_status":"open","ping_status":"closed","template":"","meta":[],"product_brand":[],"product_cat":[202,44,201,38],"product_tag":[292,291],"class_list":{"0":"post-2730","1":"product","2":"type-product","3":"status-publish","4":"has-post-thumbnail","6":"product_cat-busbahnhof-bushaltestellen-ho","7":"product_cat-kibri","8":"product_cat-kibri-spur-ho","9":"product_cat-unkategorisiert","10":"product_tag-kein-spielzeug-nicht-geeignet-fuer-kinder-unter-14-jahren","11":"product_tag-warn-und-sicherheitshinweise-modellbauartikel","13":"first","14":"instock","15":"taxable","16":"shipping-taxable","17":"purchasable","18":"product-type-simple"},"jetpack_sharing_enabled":true,"_links":{"self":[{"href":"https:\/\/www.mg-modelleisenbahnbau.de\/startseite-2\/wp-json\/wp\/v2\/product\/2730","targetHints":{"allow":["GET"]}}],"collection":[{"href":"https:\/\/www.mg-modelleisenbahnbau.de\/startseite-2\/wp-json\/wp\/v2\/product"}],"about":[{"href":"https:\/\/www.mg-modelleisenbahnbau.de\/startseite-2\/wp-json\/wp\/v2\/types\/product"}],"replies":[{"embeddable":true,"href":"https:\/\/www.mg-modelleisenbahnbau.de\/startseite-2\/wp-json\/wp\/v2\/comments?post=2730"}],"wp:featuredmedia":[{"embeddable":true,"href":"https:\/\/www.mg-modelleisenbahnbau.de\/startseite-2\/wp-json\/wp\/v2\/media\/2732"}],"wp:attachment":[{"href":"https:\/\/www.mg-modelleisenbahnbau.de\/startseite-2\/wp-json\/wp\/v2\/media?parent=2730"}],"wp:term":[{"taxonomy":"product_brand","embeddable":true,"href":"https:\/\/www.mg-modelleisenbahnbau.de\/startseite-2\/wp-json\/wp\/v2\/product_brand?post=2730"},{"taxonomy":"product_cat","embeddable":true,"href":"https:\/\/www.mg-modelleisenbahnbau.de\/startseite-2\/wp-json\/wp\/v2\/product_cat?post=2730"},{"taxonomy":"product_tag","embeddable":true,"href":"https:\/\/www.mg-modelleisenbahnbau.de\/startseite-2\/wp-json\/wp\/v2\/product_tag?post=2730"}],"curies":[{"name":"wp","href":"https:\/\/api.w.org\/{rel}","templated":true}]}}