{"id":2728,"date":"2019-04-01T17:26:37","date_gmt":"2019-04-01T15:26:37","guid":{"rendered":"http:\/\/www.mg-modelleisenbahnbau.de\/?post_type=product&#038;p=2728"},"modified":"2025-06-30T16:22:04","modified_gmt":"2025-06-30T14:22:04","slug":"39000-h0-moderner-busbahnhof-in-halle-saale-komplett-set-inkl-led-beleuchtung","status":"publish","type":"product","link":"https:\/\/www.mg-modelleisenbahnbau.de\/startseite-2\/produkt\/39000-h0-moderner-busbahnhof-in-halle-saale-komplett-set-inkl-led-beleuchtung\/","title":{"rendered":"39000 H0 Moderner Busbahnhof in Halle\/Saale, Komplett-Set inkl. LED-Beleuchtung"},"content":{"rendered":"<div class=\"content--description\">\n<div class=\"content--title\">Produktinformationen &#8222;H0 Moderner Busbahnhof in Halle\/Saale, Komplett-Set inkl. LED-Beleuchtung&#8220;<\/div>\n<div class=\"product--description\">Funktionsbausatz. Diese originalgetreue Form-Neuheit setzt durch ihre ausgefeilte Beleuchtungstechnik neue Ma\u00dfst\u00e4be. Die integrierten Lichtb\u00e4nder und 7 LED-Reflektoren unterstreichen die markante Architektur dieses besonderen Bauwerks. 6 Haltestationen und der kubische Warteraum mit ellipsenf\u00f6rmiger \u00dcberdachung pr\u00e4gen dieses Modell. Kompatibel zum Faller Car System. Passend dazu: Viessmann Art. 6338 H0 Reflektor, LED wei\u00df und Art. 6339 H0 Deckenstrahler LED wei\u00df, 7 St\u00fcck. Ma\u00dfe: L 84,7 x B 32,7 x H 9,6 cm. Schwierigkeitsgrad: 3 (Profis).<\/div>\n<\/div>\n<div><\/div>\n<div><span class=\"delivery--text delivery--text-not-available\" style=\"color: #ff0000;\"><strong>Lieferzeit auf Anfrage<\/strong> <\/span><\/div>\n","protected":false},"excerpt":{"rendered":"<p>Produktinformationen &#8222;H0 Moderner Busbahnhof in Halle\/Saale, Komplett-Set inkl. LED-Beleuchtung&#8220; Funktionsbausatz. Diese originalgetreue Form-Neuheit setzt durch ihre ausgefeilte Beleuchtungstechnik neue Ma\u00dfst\u00e4be. Die integrierten Lichtb\u00e4nder und 7 LED-Reflektoren unterstreichen die markante Architektur dieses besonderen Bauwerks. 6 Haltestationen und der kubische Warteraum mit ellipsenf\u00f6rmiger \u00dcberdachung pr\u00e4gen dieses Modell. Kompatibel zum Faller Car System. Passend dazu: Viessmann Art. 6338&#8230;<\/p>\n","protected":false},"featured_media":2729,"comment_status":"open","ping_status":"closed","template":"","meta":[],"product_brand":[],"product_cat":[202,44,201,38],"product_tag":[292,291],"class_list":{"0":"post-2728","1":"product","2":"type-product","3":"status-publish","4":"has-post-thumbnail","6":"product_cat-busbahnhof-bushaltestellen-ho","7":"product_cat-kibri","8":"product_cat-kibri-spur-ho","9":"product_cat-unkategorisiert","10":"product_tag-kein-spielzeug-nicht-geeignet-fuer-kinder-unter-14-jahren","11":"product_tag-warn-und-sicherheitshinweise-modellbauartikel","13":"first","14":"instock","15":"taxable","16":"shipping-taxable","17":"purchasable","18":"product-type-simple"},"jetpack_sharing_enabled":true,"_links":{"self":[{"href":"https:\/\/www.mg-modelleisenbahnbau.de\/startseite-2\/wp-json\/wp\/v2\/product\/2728","targetHints":{"allow":["GET"]}}],"collection":[{"href":"https:\/\/www.mg-modelleisenbahnbau.de\/startseite-2\/wp-json\/wp\/v2\/product"}],"about":[{"href":"https:\/\/www.mg-modelleisenbahnbau.de\/startseite-2\/wp-json\/wp\/v2\/types\/product"}],"replies":[{"embeddable":true,"href":"https:\/\/www.mg-modelleisenbahnbau.de\/startseite-2\/wp-json\/wp\/v2\/comments?post=2728"}],"wp:featuredmedia":[{"embeddable":true,"href":"https:\/\/www.mg-modelleisenbahnbau.de\/startseite-2\/wp-json\/wp\/v2\/media\/2729"}],"wp:attachment":[{"href":"https:\/\/www.mg-modelleisenbahnbau.de\/startseite-2\/wp-json\/wp\/v2\/media?parent=2728"}],"wp:term":[{"taxonomy":"product_brand","embeddable":true,"href":"https:\/\/www.mg-modelleisenbahnbau.de\/startseite-2\/wp-json\/wp\/v2\/product_brand?post=2728"},{"taxonomy":"product_cat","embeddable":true,"href":"https:\/\/www.mg-modelleisenbahnbau.de\/startseite-2\/wp-json\/wp\/v2\/product_cat?post=2728"},{"taxonomy":"product_tag","embeddable":true,"href":"https:\/\/www.mg-modelleisenbahnbau.de\/startseite-2\/wp-json\/wp\/v2\/product_tag?post=2728"}],"curies":[{"name":"wp","href":"https:\/\/api.w.org\/{rel}","templated":true}]}}