{"id":2702,"date":"2019-04-01T15:45:14","date_gmt":"2019-04-01T13:45:14","guid":{"rendered":"http:\/\/www.mg-modelleisenbahnbau.de\/?post_type=product&#038;p=2702"},"modified":"2025-06-30T22:11:56","modified_gmt":"2025-06-30T20:11:56","slug":"43864-h0-huehnerstall-bio-serie","status":"publish","type":"product","link":"https:\/\/www.mg-modelleisenbahnbau.de\/startseite-2\/produkt\/43864-h0-huehnerstall-bio-serie\/","title":{"rendered":"43864 H0 H\u00fchnerstall, Bio-Serie"},"content":{"rendered":"<div class=\"content--description\">\n<div class=\"content--title\">Produktinformationen &#8222;H0 H\u00fchnerstall, Bio-Serie&#8220;<\/div>\n<div class=\"product--description\">Hier sind die Lieferanten der frischen Eier untergebracht. In diesem typischen l\u00e4ndlichen H\u00fchnerstall herrscht emsiges Treiben. Insbesondere vor Ostern sind die Junghennen ganz wild auf`s Eierlegen. Ma\u00dfe: L 8 x B 6 x H 4,2 cm. Die Bio-Kunststoffe, die wir in unserer Bio-Serie verarbeiten, sind gr\u00f6\u00dftenteils aus nachwachsenden Rohstoffen hergestellt. Ein weiteres Plus: die Kunststoffe sind biologisch abbaubar! F\u00fcr den Zusammenbau der Baus\u00e4tze aus der Vollmer Bio-Serie empfehlen wir den Vollmer Kleber Super Vol xp Art. 46117.<\/div>\n<\/div>\n","protected":false},"excerpt":{"rendered":"<p>Produktinformationen &#8222;H0 H\u00fchnerstall, Bio-Serie&#8220; Hier sind die Lieferanten der frischen Eier untergebracht. In diesem typischen l\u00e4ndlichen H\u00fchnerstall herrscht emsiges Treiben. Insbesondere vor Ostern sind die Junghennen ganz wild auf`s Eierlegen. Ma\u00dfe: L 8 x B 6 x H 4,2 cm. Die Bio-Kunststoffe, die wir in unserer Bio-Serie verarbeiten, sind gr\u00f6\u00dftenteils aus nachwachsenden Rohstoffen hergestellt. Ein&#8230;<\/p>\n","protected":false},"featured_media":2703,"comment_status":"open","ping_status":"closed","template":"","meta":[],"product_brand":[],"product_cat":[177,38,41,160],"product_tag":[292,291],"class_list":{"0":"post-2702","1":"product","2":"type-product","3":"status-publish","4":"has-post-thumbnail","6":"product_cat-kleinbausaetze-ho","7":"product_cat-unkategorisiert","8":"product_cat-vollmer","9":"product_cat-vollmer-ho","10":"product_tag-kein-spielzeug-nicht-geeignet-fuer-kinder-unter-14-jahren","11":"product_tag-warn-und-sicherheitshinweise-modellbauartikel","13":"first","14":"instock","15":"taxable","16":"shipping-taxable","17":"purchasable","18":"product-type-simple"},"jetpack_sharing_enabled":true,"_links":{"self":[{"href":"https:\/\/www.mg-modelleisenbahnbau.de\/startseite-2\/wp-json\/wp\/v2\/product\/2702","targetHints":{"allow":["GET"]}}],"collection":[{"href":"https:\/\/www.mg-modelleisenbahnbau.de\/startseite-2\/wp-json\/wp\/v2\/product"}],"about":[{"href":"https:\/\/www.mg-modelleisenbahnbau.de\/startseite-2\/wp-json\/wp\/v2\/types\/product"}],"replies":[{"embeddable":true,"href":"https:\/\/www.mg-modelleisenbahnbau.de\/startseite-2\/wp-json\/wp\/v2\/comments?post=2702"}],"wp:featuredmedia":[{"embeddable":true,"href":"https:\/\/www.mg-modelleisenbahnbau.de\/startseite-2\/wp-json\/wp\/v2\/media\/2703"}],"wp:attachment":[{"href":"https:\/\/www.mg-modelleisenbahnbau.de\/startseite-2\/wp-json\/wp\/v2\/media?parent=2702"}],"wp:term":[{"taxonomy":"product_brand","embeddable":true,"href":"https:\/\/www.mg-modelleisenbahnbau.de\/startseite-2\/wp-json\/wp\/v2\/product_brand?post=2702"},{"taxonomy":"product_cat","embeddable":true,"href":"https:\/\/www.mg-modelleisenbahnbau.de\/startseite-2\/wp-json\/wp\/v2\/product_cat?post=2702"},{"taxonomy":"product_tag","embeddable":true,"href":"https:\/\/www.mg-modelleisenbahnbau.de\/startseite-2\/wp-json\/wp\/v2\/product_tag?post=2702"}],"curies":[{"name":"wp","href":"https:\/\/api.w.org\/{rel}","templated":true}]}}