{"id":2698,"date":"2019-04-01T15:40:25","date_gmt":"2019-04-01T13:40:25","guid":{"rendered":"http:\/\/www.mg-modelleisenbahnbau.de\/?post_type=product&#038;p=2698"},"modified":"2025-06-30T22:23:16","modified_gmt":"2025-06-30T20:23:16","slug":"45138-h0-biergarten-schirme-4-stueck","status":"publish","type":"product","link":"https:\/\/www.mg-modelleisenbahnbau.de\/startseite-2\/produkt\/45138-h0-biergarten-schirme-4-stueck\/","title":{"rendered":"45138 H0 Biergarten-Schirme, 4 St\u00fcck"},"content":{"rendered":"<div class=\"content--description\">\n<div class=\"content--title\">Produktinformationen &#8222;H0 Biergarten-Schirme, 4 St\u00fcck&#8220;<\/div>\n<div class=\"product--description\">Solche gro\u00dfen Schirme sieht man oft in Bierg\u00e4rten und Restaurants mit Au\u00dfenbereich. Meistens sind sie mit Logos von Brauereien oder Getr\u00e4nkenamen bedruckt und erm\u00f6glichen aufgrund ihrer Gr\u00f6\u00dfe sogar einen Aufenthalt im Freien, wenn das Wetter mal nicht so toll ist. Ma\u00dfe: L 3,4 x B 3,4 x H 3,4 cm.,34<\/div>\n<\/div>\n","protected":false},"excerpt":{"rendered":"<p>Produktinformationen &#8222;H0 Biergarten-Schirme, 4 St\u00fcck&#8220; Solche gro\u00dfen Schirme sieht man oft in Bierg\u00e4rten und Restaurants mit Au\u00dfenbereich. Meistens sind sie mit Logos von Brauereien oder Getr\u00e4nkenamen bedruckt und erm\u00f6glichen aufgrund ihrer Gr\u00f6\u00dfe sogar einen Aufenthalt im Freien, wenn das Wetter mal nicht so toll ist. Ma\u00dfe: L 3,4 x B 3,4 x H 3,4 cm.,34<\/p>\n","protected":false},"featured_media":2699,"comment_status":"open","ping_status":"closed","template":"","meta":[],"product_brand":[],"product_cat":[177,38,41,160,171],"product_tag":[292,291],"class_list":{"0":"post-2698","1":"product","2":"type-product","3":"status-publish","4":"has-post-thumbnail","6":"product_cat-kleinbausaetze-ho","7":"product_cat-unkategorisiert","8":"product_cat-vollmer","9":"product_cat-vollmer-ho","10":"product_cat-zaeune-zubehoer-ho","11":"product_tag-kein-spielzeug-nicht-geeignet-fuer-kinder-unter-14-jahren","12":"product_tag-warn-und-sicherheitshinweise-modellbauartikel","14":"first","15":"instock","16":"taxable","17":"shipping-taxable","18":"purchasable","19":"product-type-simple"},"jetpack_sharing_enabled":true,"_links":{"self":[{"href":"https:\/\/www.mg-modelleisenbahnbau.de\/startseite-2\/wp-json\/wp\/v2\/product\/2698","targetHints":{"allow":["GET"]}}],"collection":[{"href":"https:\/\/www.mg-modelleisenbahnbau.de\/startseite-2\/wp-json\/wp\/v2\/product"}],"about":[{"href":"https:\/\/www.mg-modelleisenbahnbau.de\/startseite-2\/wp-json\/wp\/v2\/types\/product"}],"replies":[{"embeddable":true,"href":"https:\/\/www.mg-modelleisenbahnbau.de\/startseite-2\/wp-json\/wp\/v2\/comments?post=2698"}],"wp:featuredmedia":[{"embeddable":true,"href":"https:\/\/www.mg-modelleisenbahnbau.de\/startseite-2\/wp-json\/wp\/v2\/media\/2699"}],"wp:attachment":[{"href":"https:\/\/www.mg-modelleisenbahnbau.de\/startseite-2\/wp-json\/wp\/v2\/media?parent=2698"}],"wp:term":[{"taxonomy":"product_brand","embeddable":true,"href":"https:\/\/www.mg-modelleisenbahnbau.de\/startseite-2\/wp-json\/wp\/v2\/product_brand?post=2698"},{"taxonomy":"product_cat","embeddable":true,"href":"https:\/\/www.mg-modelleisenbahnbau.de\/startseite-2\/wp-json\/wp\/v2\/product_cat?post=2698"},{"taxonomy":"product_tag","embeddable":true,"href":"https:\/\/www.mg-modelleisenbahnbau.de\/startseite-2\/wp-json\/wp\/v2\/product_tag?post=2698"}],"curies":[{"name":"wp","href":"https:\/\/api.w.org\/{rel}","templated":true}]}}