{"id":2677,"date":"2019-04-01T15:07:53","date_gmt":"2019-04-01T13:07:53","guid":{"rendered":"http:\/\/www.mg-modelleisenbahnbau.de\/?post_type=product&#038;p=2677"},"modified":"2025-06-30T22:23:21","modified_gmt":"2025-06-30T20:23:21","slug":"45151-h0-imbiss-stand-doener-und-pizza","status":"publish","type":"product","link":"https:\/\/www.mg-modelleisenbahnbau.de\/startseite-2\/produkt\/45151-h0-imbiss-stand-doener-und-pizza\/","title":{"rendered":"45151 H0 Imbiss-Stand D\u00f6ner und Pizza"},"content":{"rendered":"<div class=\"content--description\">\n<div class=\"content--title\">Produktinformationen &#8222;H0 Imbiss-Stand D\u00f6ner und Pizza&#8220;<\/div>\n<div class=\"product--description\">Mit Tischen und St\u00fchlen zur Gestaltung des Au\u00dfenbereichs. Ma\u00dfe: L 9 x B 8,5 x H 7 cm.<\/div>\n<\/div>\n<div><\/div>\n<div><span class=\"delivery--text delivery--text-not-available\" style=\"color: #ff0000;\"><strong><br \/>\n<\/strong> <\/span><\/div>\n","protected":false},"excerpt":{"rendered":"<p>Produktinformationen &#8222;H0 Imbiss-Stand D\u00f6ner und Pizza&#8220; Mit Tischen und St\u00fchlen zur Gestaltung des Au\u00dfenbereichs. Ma\u00dfe: L 9 x B 8,5 x H 7 cm.<\/p>\n","protected":false},"featured_media":2678,"comment_status":"open","ping_status":"closed","template":"","meta":[],"product_brand":[],"product_cat":[177,38,41,160,171],"product_tag":[292,291],"class_list":{"0":"post-2677","1":"product","2":"type-product","3":"status-publish","4":"has-post-thumbnail","6":"product_cat-kleinbausaetze-ho","7":"product_cat-unkategorisiert","8":"product_cat-vollmer","9":"product_cat-vollmer-ho","10":"product_cat-zaeune-zubehoer-ho","11":"product_tag-kein-spielzeug-nicht-geeignet-fuer-kinder-unter-14-jahren","12":"product_tag-warn-und-sicherheitshinweise-modellbauartikel","14":"first","15":"instock","16":"taxable","17":"shipping-taxable","18":"purchasable","19":"product-type-simple"},"jetpack_sharing_enabled":true,"_links":{"self":[{"href":"https:\/\/www.mg-modelleisenbahnbau.de\/startseite-2\/wp-json\/wp\/v2\/product\/2677","targetHints":{"allow":["GET"]}}],"collection":[{"href":"https:\/\/www.mg-modelleisenbahnbau.de\/startseite-2\/wp-json\/wp\/v2\/product"}],"about":[{"href":"https:\/\/www.mg-modelleisenbahnbau.de\/startseite-2\/wp-json\/wp\/v2\/types\/product"}],"replies":[{"embeddable":true,"href":"https:\/\/www.mg-modelleisenbahnbau.de\/startseite-2\/wp-json\/wp\/v2\/comments?post=2677"}],"wp:featuredmedia":[{"embeddable":true,"href":"https:\/\/www.mg-modelleisenbahnbau.de\/startseite-2\/wp-json\/wp\/v2\/media\/2678"}],"wp:attachment":[{"href":"https:\/\/www.mg-modelleisenbahnbau.de\/startseite-2\/wp-json\/wp\/v2\/media?parent=2677"}],"wp:term":[{"taxonomy":"product_brand","embeddable":true,"href":"https:\/\/www.mg-modelleisenbahnbau.de\/startseite-2\/wp-json\/wp\/v2\/product_brand?post=2677"},{"taxonomy":"product_cat","embeddable":true,"href":"https:\/\/www.mg-modelleisenbahnbau.de\/startseite-2\/wp-json\/wp\/v2\/product_cat?post=2677"},{"taxonomy":"product_tag","embeddable":true,"href":"https:\/\/www.mg-modelleisenbahnbau.de\/startseite-2\/wp-json\/wp\/v2\/product_tag?post=2677"}],"curies":[{"name":"wp","href":"https:\/\/api.w.org\/{rel}","templated":true}]}}