{"id":2653,"date":"2019-04-01T13:26:45","date_gmt":"2019-04-01T11:26:45","guid":{"rendered":"http:\/\/www.mg-modelleisenbahnbau.de\/?post_type=product&#038;p=2653"},"modified":"2025-06-30T22:11:58","modified_gmt":"2025-06-30T20:11:58","slug":"43961-h0-pension-mit-carport-bio-serie","status":"publish","type":"product","link":"https:\/\/www.mg-modelleisenbahnbau.de\/startseite-2\/produkt\/43961-h0-pension-mit-carport-bio-serie\/","title":{"rendered":"43961 H0 Pension mit Carport, Bio-Serie"},"content":{"rendered":"<div class=\"content--description\">\n<div class=\"content--title\">Produktinformationen &#8222;H0 Pension mit Carport, Bio-Serie&#8220;<\/div>\n<div class=\"product--description\">Die \u00d6ko-Pension wartet mit alpenl\u00e4ndischer Gastfreundschaft auf. Im Carport k\u00f6nnen 2 Autos untergebracht werden. Ma\u00dfe: L 17,5 x B 12 x H 8,2 cm. Die Bio-Kunststoffe, die wir in unserer Bio-Serie verarbeiten, sind gr\u00f6\u00dftenteils aus nachwachsenden Rohstoffen hergestellt. Ein weiteres Plus: die Kunststoffe sind biologisch abbaubar! F\u00fcr den Zusammenbau der Baus\u00e4tze aus der Vollmer Bio-Serie empfehlen wir den Vollmer Kleber Super Vol xp Art. 46117.<\/div>\n<\/div>\n","protected":false},"excerpt":{"rendered":"<p>Produktinformationen &#8222;H0 Pension mit Carport, Bio-Serie&#8220; Die \u00d6ko-Pension wartet mit alpenl\u00e4ndischer Gastfreundschaft auf. Im Carport k\u00f6nnen 2 Autos untergebracht werden. Ma\u00dfe: L 17,5 x B 12 x H 8,2 cm. Die Bio-Kunststoffe, die wir in unserer Bio-Serie verarbeiten, sind gr\u00f6\u00dftenteils aus nachwachsenden Rohstoffen hergestellt. Ein weiteres Plus: die Kunststoffe sind biologisch abbaubar! F\u00fcr den Zusammenbau&#8230;<\/p>\n","protected":false},"featured_media":2714,"comment_status":"open","ping_status":"closed","template":"","meta":[],"product_brand":[],"product_cat":[176,38,41,160],"product_tag":[292,291],"class_list":{"0":"post-2653","1":"product","2":"type-product","3":"status-publish","4":"has-post-thumbnail","6":"product_cat-stadt-dorfhaeuser-ho","7":"product_cat-unkategorisiert","8":"product_cat-vollmer","9":"product_cat-vollmer-ho","10":"product_tag-kein-spielzeug-nicht-geeignet-fuer-kinder-unter-14-jahren","11":"product_tag-warn-und-sicherheitshinweise-modellbauartikel","13":"first","14":"instock","15":"taxable","16":"shipping-taxable","17":"purchasable","18":"product-type-simple"},"jetpack_sharing_enabled":true,"_links":{"self":[{"href":"https:\/\/www.mg-modelleisenbahnbau.de\/startseite-2\/wp-json\/wp\/v2\/product\/2653","targetHints":{"allow":["GET"]}}],"collection":[{"href":"https:\/\/www.mg-modelleisenbahnbau.de\/startseite-2\/wp-json\/wp\/v2\/product"}],"about":[{"href":"https:\/\/www.mg-modelleisenbahnbau.de\/startseite-2\/wp-json\/wp\/v2\/types\/product"}],"replies":[{"embeddable":true,"href":"https:\/\/www.mg-modelleisenbahnbau.de\/startseite-2\/wp-json\/wp\/v2\/comments?post=2653"}],"wp:featuredmedia":[{"embeddable":true,"href":"https:\/\/www.mg-modelleisenbahnbau.de\/startseite-2\/wp-json\/wp\/v2\/media\/2714"}],"wp:attachment":[{"href":"https:\/\/www.mg-modelleisenbahnbau.de\/startseite-2\/wp-json\/wp\/v2\/media?parent=2653"}],"wp:term":[{"taxonomy":"product_brand","embeddable":true,"href":"https:\/\/www.mg-modelleisenbahnbau.de\/startseite-2\/wp-json\/wp\/v2\/product_brand?post=2653"},{"taxonomy":"product_cat","embeddable":true,"href":"https:\/\/www.mg-modelleisenbahnbau.de\/startseite-2\/wp-json\/wp\/v2\/product_cat?post=2653"},{"taxonomy":"product_tag","embeddable":true,"href":"https:\/\/www.mg-modelleisenbahnbau.de\/startseite-2\/wp-json\/wp\/v2\/product_tag?post=2653"}],"curies":[{"name":"wp","href":"https:\/\/api.w.org\/{rel}","templated":true}]}}