{"id":2652,"date":"2019-04-01T13:23:53","date_gmt":"2019-04-01T11:23:53","guid":{"rendered":"http:\/\/www.mg-modelleisenbahnbau.de\/?post_type=product&#038;p=2652"},"modified":"2025-06-30T22:11:58","modified_gmt":"2025-06-30T20:11:58","slug":"43960-h0-almgasthof-mit-holzterrasse","status":"publish","type":"product","link":"https:\/\/www.mg-modelleisenbahnbau.de\/startseite-2\/produkt\/43960-h0-almgasthof-mit-holzterrasse\/","title":{"rendered":"43960 H0 Almgasthof mit Holzterrasse"},"content":{"rendered":"<div class=\"content--description\">\n<div class=\"content--title\">Produktinformationen &#8222;H0 Almgasthof mit Holzterrasse&#8220;<\/div>\n<div class=\"product--description\">Dieser wundersch\u00f6ne Almgasthof l\u00e4dt nach der Wanderung oder zwischendurch zur Rast ein. Bei sch\u00f6nem Wetter kann die Brotzeit auf der dazugeh\u00f6renden Holzterrasse serviert und die tolle Aussicht genossen werden. Ma\u00dfe: L 15 x B 11 x H 7,8 cm, L 7,5 x B 7,6 x H 3 cm.<\/div>\n<\/div>\n","protected":false},"excerpt":{"rendered":"<p>Produktinformationen &#8222;H0 Almgasthof mit Holzterrasse&#8220; Dieser wundersch\u00f6ne Almgasthof l\u00e4dt nach der Wanderung oder zwischendurch zur Rast ein. Bei sch\u00f6nem Wetter kann die Brotzeit auf der dazugeh\u00f6renden Holzterrasse serviert und die tolle Aussicht genossen werden. Ma\u00dfe: L 15 x B 11 x H 7,8 cm, L 7,5 x B 7,6 x H 3 cm.<\/p>\n","protected":false},"featured_media":2715,"comment_status":"open","ping_status":"closed","template":"","meta":[],"product_brand":[],"product_cat":[176,38,41,160],"product_tag":[292,291],"class_list":{"0":"post-2652","1":"product","2":"type-product","3":"status-publish","4":"has-post-thumbnail","6":"product_cat-stadt-dorfhaeuser-ho","7":"product_cat-unkategorisiert","8":"product_cat-vollmer","9":"product_cat-vollmer-ho","10":"product_tag-kein-spielzeug-nicht-geeignet-fuer-kinder-unter-14-jahren","11":"product_tag-warn-und-sicherheitshinweise-modellbauartikel","13":"first","14":"instock","15":"taxable","16":"shipping-taxable","17":"purchasable","18":"product-type-simple"},"jetpack_sharing_enabled":true,"_links":{"self":[{"href":"https:\/\/www.mg-modelleisenbahnbau.de\/startseite-2\/wp-json\/wp\/v2\/product\/2652","targetHints":{"allow":["GET"]}}],"collection":[{"href":"https:\/\/www.mg-modelleisenbahnbau.de\/startseite-2\/wp-json\/wp\/v2\/product"}],"about":[{"href":"https:\/\/www.mg-modelleisenbahnbau.de\/startseite-2\/wp-json\/wp\/v2\/types\/product"}],"replies":[{"embeddable":true,"href":"https:\/\/www.mg-modelleisenbahnbau.de\/startseite-2\/wp-json\/wp\/v2\/comments?post=2652"}],"wp:featuredmedia":[{"embeddable":true,"href":"https:\/\/www.mg-modelleisenbahnbau.de\/startseite-2\/wp-json\/wp\/v2\/media\/2715"}],"wp:attachment":[{"href":"https:\/\/www.mg-modelleisenbahnbau.de\/startseite-2\/wp-json\/wp\/v2\/media?parent=2652"}],"wp:term":[{"taxonomy":"product_brand","embeddable":true,"href":"https:\/\/www.mg-modelleisenbahnbau.de\/startseite-2\/wp-json\/wp\/v2\/product_brand?post=2652"},{"taxonomy":"product_cat","embeddable":true,"href":"https:\/\/www.mg-modelleisenbahnbau.de\/startseite-2\/wp-json\/wp\/v2\/product_cat?post=2652"},{"taxonomy":"product_tag","embeddable":true,"href":"https:\/\/www.mg-modelleisenbahnbau.de\/startseite-2\/wp-json\/wp\/v2\/product_tag?post=2652"}],"curies":[{"name":"wp","href":"https:\/\/api.w.org\/{rel}","templated":true}]}}