{"id":2645,"date":"2019-04-01T13:00:28","date_gmt":"2019-04-01T11:00:28","guid":{"rendered":"http:\/\/www.mg-modelleisenbahnbau.de\/?post_type=product&#038;p=2645"},"modified":"2025-06-30T21:32:31","modified_gmt":"2025-06-30T19:32:31","slug":"43798-h0-wildtierfuetterung","status":"publish","type":"product","link":"https:\/\/www.mg-modelleisenbahnbau.de\/startseite-2\/produkt\/43798-h0-wildtierfuetterung\/","title":{"rendered":"43798 H0 Wildtierf\u00fctterung"},"content":{"rendered":"<div class=\"content--description\">\n<div class=\"content--title\">Produktinformationen &#8222;H0 Wildtierf\u00fctterung&#8220;<\/div>\n<div class=\"product--description\">Der F\u00f6rster oder J\u00e4ger bringt den Waldtieren in der kalten Jahreszeit Futter. Das Heu wird in Futterraufen, die feste Nahrung in Tr\u00f6ge gesch\u00fcttet. So kann man bei einer Wildf\u00fctterung der Natur und den Tieren ganz nahe sein. Der Bausatz besteht aus der Scheune und 3 Futterraufen. Ma\u00dfe: Scheune L 8 x B 5 x H 5,1 cm, Futterraufe L 2,7 x B 2,2 x H 3 cm.<\/div>\n<\/div>\n","protected":false},"excerpt":{"rendered":"<p>Produktinformationen &#8222;H0 Wildtierf\u00fctterung&#8220; Der F\u00f6rster oder J\u00e4ger bringt den Waldtieren in der kalten Jahreszeit Futter. Das Heu wird in Futterraufen, die feste Nahrung in Tr\u00f6ge gesch\u00fcttet. So kann man bei einer Wildf\u00fctterung der Natur und den Tieren ganz nahe sein. Der Bausatz besteht aus der Scheune und 3 Futterraufen. Ma\u00dfe: Scheune L 8 x B&#8230;<\/p>\n","protected":false},"featured_media":2723,"comment_status":"open","ping_status":"closed","template":"","meta":[],"product_brand":[],"product_cat":[176,38,41,160],"product_tag":[292,291],"class_list":{"0":"post-2645","1":"product","2":"type-product","3":"status-publish","4":"has-post-thumbnail","6":"product_cat-stadt-dorfhaeuser-ho","7":"product_cat-unkategorisiert","8":"product_cat-vollmer","9":"product_cat-vollmer-ho","10":"product_tag-kein-spielzeug-nicht-geeignet-fuer-kinder-unter-14-jahren","11":"product_tag-warn-und-sicherheitshinweise-modellbauartikel","13":"first","14":"instock","15":"taxable","16":"shipping-taxable","17":"purchasable","18":"product-type-simple"},"jetpack_sharing_enabled":true,"_links":{"self":[{"href":"https:\/\/www.mg-modelleisenbahnbau.de\/startseite-2\/wp-json\/wp\/v2\/product\/2645","targetHints":{"allow":["GET"]}}],"collection":[{"href":"https:\/\/www.mg-modelleisenbahnbau.de\/startseite-2\/wp-json\/wp\/v2\/product"}],"about":[{"href":"https:\/\/www.mg-modelleisenbahnbau.de\/startseite-2\/wp-json\/wp\/v2\/types\/product"}],"replies":[{"embeddable":true,"href":"https:\/\/www.mg-modelleisenbahnbau.de\/startseite-2\/wp-json\/wp\/v2\/comments?post=2645"}],"wp:featuredmedia":[{"embeddable":true,"href":"https:\/\/www.mg-modelleisenbahnbau.de\/startseite-2\/wp-json\/wp\/v2\/media\/2723"}],"wp:attachment":[{"href":"https:\/\/www.mg-modelleisenbahnbau.de\/startseite-2\/wp-json\/wp\/v2\/media?parent=2645"}],"wp:term":[{"taxonomy":"product_brand","embeddable":true,"href":"https:\/\/www.mg-modelleisenbahnbau.de\/startseite-2\/wp-json\/wp\/v2\/product_brand?post=2645"},{"taxonomy":"product_cat","embeddable":true,"href":"https:\/\/www.mg-modelleisenbahnbau.de\/startseite-2\/wp-json\/wp\/v2\/product_cat?post=2645"},{"taxonomy":"product_tag","embeddable":true,"href":"https:\/\/www.mg-modelleisenbahnbau.de\/startseite-2\/wp-json\/wp\/v2\/product_tag?post=2645"}],"curies":[{"name":"wp","href":"https:\/\/api.w.org\/{rel}","templated":true}]}}