{"id":2642,"date":"2019-04-01T10:15:42","date_gmt":"2019-04-01T08:15:42","guid":{"rendered":"http:\/\/www.mg-modelleisenbahnbau.de\/?post_type=product&#038;p=2642"},"modified":"2025-06-30T19:59:47","modified_gmt":"2025-06-30T17:59:47","slug":"43740-h0-schweinestall-mit-schweinen-und-zaun","status":"publish","type":"product","link":"https:\/\/www.mg-modelleisenbahnbau.de\/startseite-2\/produkt\/43740-h0-schweinestall-mit-schweinen-und-zaun\/","title":{"rendered":"43740 H0 Schweinestall mit Schweinen und Zaun"},"content":{"rendered":"<div class=\"content--description\">\n<div class=\"content--title\">Produktinformationen &#8222;H0 Schweinestall mit Schweinen und Zaun&#8220;<\/div>\n<div class=\"product--description\">Als Teil eines Bauernhofes oder als alleinstehendes Geb\u00e4ude verk\u00f6rpert dieses Modell die l\u00e4ndliche heile Welt. Die Schweine bekommen gen\u00fcgend Auslauf und genie\u00dfen die frische Luft. Die beiliegenden Schweine sind selbst zu bemalen. Ma\u00dfe: Stall L 15,5 x B 9,5 x H 6,5 cm, Zaun L 48 x B 0,2 x H 1,4 cm.<\/div>\n<\/div>\n<div><\/div>\n<div><span class=\"delivery--text delivery--text-not-available\" style=\"color: #ff0000;\"><strong><br \/>\n<\/strong> <\/span><\/div>\n","protected":false},"excerpt":{"rendered":"<p>Produktinformationen &#8222;H0 Schweinestall mit Schweinen und Zaun&#8220; Als Teil eines Bauernhofes oder als alleinstehendes Geb\u00e4ude verk\u00f6rpert dieses Modell die l\u00e4ndliche heile Welt. Die Schweine bekommen gen\u00fcgend Auslauf und genie\u00dfen die frische Luft. Die beiliegenden Schweine sind selbst zu bemalen. Ma\u00dfe: Stall L 15,5 x B 9,5 x H 6,5 cm, Zaun L 48 x B&#8230;<\/p>\n","protected":false},"featured_media":2726,"comment_status":"open","ping_status":"closed","template":"","meta":[],"product_brand":[],"product_cat":[176,38,41,160],"product_tag":[292,291],"class_list":{"0":"post-2642","1":"product","2":"type-product","3":"status-publish","4":"has-post-thumbnail","6":"product_cat-stadt-dorfhaeuser-ho","7":"product_cat-unkategorisiert","8":"product_cat-vollmer","9":"product_cat-vollmer-ho","10":"product_tag-kein-spielzeug-nicht-geeignet-fuer-kinder-unter-14-jahren","11":"product_tag-warn-und-sicherheitshinweise-modellbauartikel","13":"first","14":"instock","15":"taxable","16":"shipping-taxable","17":"purchasable","18":"product-type-simple"},"jetpack_sharing_enabled":true,"_links":{"self":[{"href":"https:\/\/www.mg-modelleisenbahnbau.de\/startseite-2\/wp-json\/wp\/v2\/product\/2642","targetHints":{"allow":["GET"]}}],"collection":[{"href":"https:\/\/www.mg-modelleisenbahnbau.de\/startseite-2\/wp-json\/wp\/v2\/product"}],"about":[{"href":"https:\/\/www.mg-modelleisenbahnbau.de\/startseite-2\/wp-json\/wp\/v2\/types\/product"}],"replies":[{"embeddable":true,"href":"https:\/\/www.mg-modelleisenbahnbau.de\/startseite-2\/wp-json\/wp\/v2\/comments?post=2642"}],"wp:featuredmedia":[{"embeddable":true,"href":"https:\/\/www.mg-modelleisenbahnbau.de\/startseite-2\/wp-json\/wp\/v2\/media\/2726"}],"wp:attachment":[{"href":"https:\/\/www.mg-modelleisenbahnbau.de\/startseite-2\/wp-json\/wp\/v2\/media?parent=2642"}],"wp:term":[{"taxonomy":"product_brand","embeddable":true,"href":"https:\/\/www.mg-modelleisenbahnbau.de\/startseite-2\/wp-json\/wp\/v2\/product_brand?post=2642"},{"taxonomy":"product_cat","embeddable":true,"href":"https:\/\/www.mg-modelleisenbahnbau.de\/startseite-2\/wp-json\/wp\/v2\/product_cat?post=2642"},{"taxonomy":"product_tag","embeddable":true,"href":"https:\/\/www.mg-modelleisenbahnbau.de\/startseite-2\/wp-json\/wp\/v2\/product_tag?post=2642"}],"curies":[{"name":"wp","href":"https:\/\/api.w.org\/{rel}","templated":true}]}}