{"id":2633,"date":"2019-04-01T10:00:00","date_gmt":"2019-04-01T08:00:00","guid":{"rendered":"http:\/\/www.mg-modelleisenbahnbau.de\/?post_type=product&#038;p=2633"},"modified":"2025-06-30T19:59:49","modified_gmt":"2025-06-30T17:59:49","slug":"43742-h0-schaeferwagen-und-schafherde","status":"publish","type":"product","link":"https:\/\/www.mg-modelleisenbahnbau.de\/startseite-2\/produkt\/43742-h0-schaeferwagen-und-schafherde\/","title":{"rendered":"43742 H0 Sch\u00e4ferwagen und Schafherde"},"content":{"rendered":"<div class=\"content--description\">\n<div class=\"content--title\">Produktinformationen &#8222;H0 Sch\u00e4ferwagen und Schafherde&#8220;<\/div>\n<div class=\"product--description\">Tr\u00e4umt manch einer nicht davon, wenn es mal allzu hektisch zugeht, sich in so einen Sch\u00e4ferwagen zur\u00fcckziehen zu k\u00f6nnen und alle Zeit der Welt zu haben? Der Schafherde beim Weiden zuschauen und die Seele baumeln lassen. Das ist Nostalgie im Kleinformat. 12 Schafe liegen dem Bausatz bei. Ma\u00dfe: Wagen L 5,5 x B 2,5 x H 4,1 cm, Zaun L 48 x H 1,5 cm.<\/div>\n<\/div>\n","protected":false},"excerpt":{"rendered":"<p>Produktinformationen &#8222;H0 Sch\u00e4ferwagen und Schafherde&#8220; Tr\u00e4umt manch einer nicht davon, wenn es mal allzu hektisch zugeht, sich in so einen Sch\u00e4ferwagen zur\u00fcckziehen zu k\u00f6nnen und alle Zeit der Welt zu haben? Der Schafherde beim Weiden zuschauen und die Seele baumeln lassen. Das ist Nostalgie im Kleinformat. 12 Schafe liegen dem Bausatz bei. Ma\u00dfe: Wagen L&#8230;<\/p>\n","protected":false},"featured_media":2634,"comment_status":"open","ping_status":"closed","template":"","meta":[],"product_brand":[],"product_cat":[176,38,41,160],"product_tag":[292,291],"class_list":{"0":"post-2633","1":"product","2":"type-product","3":"status-publish","4":"has-post-thumbnail","6":"product_cat-stadt-dorfhaeuser-ho","7":"product_cat-unkategorisiert","8":"product_cat-vollmer","9":"product_cat-vollmer-ho","10":"product_tag-kein-spielzeug-nicht-geeignet-fuer-kinder-unter-14-jahren","11":"product_tag-warn-und-sicherheitshinweise-modellbauartikel","13":"first","14":"instock","15":"taxable","16":"shipping-taxable","17":"purchasable","18":"product-type-simple"},"jetpack_sharing_enabled":true,"_links":{"self":[{"href":"https:\/\/www.mg-modelleisenbahnbau.de\/startseite-2\/wp-json\/wp\/v2\/product\/2633","targetHints":{"allow":["GET"]}}],"collection":[{"href":"https:\/\/www.mg-modelleisenbahnbau.de\/startseite-2\/wp-json\/wp\/v2\/product"}],"about":[{"href":"https:\/\/www.mg-modelleisenbahnbau.de\/startseite-2\/wp-json\/wp\/v2\/types\/product"}],"replies":[{"embeddable":true,"href":"https:\/\/www.mg-modelleisenbahnbau.de\/startseite-2\/wp-json\/wp\/v2\/comments?post=2633"}],"wp:featuredmedia":[{"embeddable":true,"href":"https:\/\/www.mg-modelleisenbahnbau.de\/startseite-2\/wp-json\/wp\/v2\/media\/2634"}],"wp:attachment":[{"href":"https:\/\/www.mg-modelleisenbahnbau.de\/startseite-2\/wp-json\/wp\/v2\/media?parent=2633"}],"wp:term":[{"taxonomy":"product_brand","embeddable":true,"href":"https:\/\/www.mg-modelleisenbahnbau.de\/startseite-2\/wp-json\/wp\/v2\/product_brand?post=2633"},{"taxonomy":"product_cat","embeddable":true,"href":"https:\/\/www.mg-modelleisenbahnbau.de\/startseite-2\/wp-json\/wp\/v2\/product_cat?post=2633"},{"taxonomy":"product_tag","embeddable":true,"href":"https:\/\/www.mg-modelleisenbahnbau.de\/startseite-2\/wp-json\/wp\/v2\/product_tag?post=2633"}],"curies":[{"name":"wp","href":"https:\/\/api.w.org\/{rel}","templated":true}]}}