{"id":2598,"date":"2019-03-28T10:14:17","date_gmt":"2019-03-28T09:14:17","guid":{"rendered":"http:\/\/www.mg-modelleisenbahnbau.de\/?post_type=product&#038;p=2598"},"modified":"2025-06-30T19:38:02","modified_gmt":"2025-06-30T17:38:02","slug":"43669-h0-buchhandlung-bahnhofstrasse-9","status":"publish","type":"product","link":"https:\/\/www.mg-modelleisenbahnbau.de\/startseite-2\/produkt\/43669-h0-buchhandlung-bahnhofstrasse-9\/","title":{"rendered":"43669 H0 Buchhandlung Bahnhofstra\u00dfe 9"},"content":{"rendered":"<div class=\"content--description\">\n<div class=\"content--title\">Produktinformationen &#8222;H0 Buchhandlung Bahnhofstra\u00dfe 9&#8220;<\/div>\n<div class=\"product--description\">Mit den Baus\u00e4tzen der Vollmer Bahnhofstra\u00dfe 9 \u2013 19 k\u00f6nnen Sie einen kompletten Stra\u00dfenzug mit Wohn-, Gesch\u00e4fts- und Fachwerkh\u00e4usern gestalten. Bereits mit 4 Baus\u00e4tzen schaffen Sie sich eine preiswerte und abwechslungsreiche H\u00e4userfront. Ma\u00dfe: L 10 x B 9 x H 13 cm.<\/div>\n<\/div>\n","protected":false},"excerpt":{"rendered":"<p>Produktinformationen &#8222;H0 Buchhandlung Bahnhofstra\u00dfe 9&#8220; Mit den Baus\u00e4tzen der Vollmer Bahnhofstra\u00dfe 9 \u2013 19 k\u00f6nnen Sie einen kompletten Stra\u00dfenzug mit Wohn-, Gesch\u00e4fts- und Fachwerkh\u00e4usern gestalten. Bereits mit 4 Baus\u00e4tzen schaffen Sie sich eine preiswerte und abwechslungsreiche H\u00e4userfront. Ma\u00dfe: L 10 x B 9 x H 13 cm.<\/p>\n","protected":false},"featured_media":2599,"comment_status":"open","ping_status":"closed","template":"","meta":[],"product_brand":[],"product_cat":[176,38,41,160],"product_tag":[292,291],"class_list":{"0":"post-2598","1":"product","2":"type-product","3":"status-publish","4":"has-post-thumbnail","6":"product_cat-stadt-dorfhaeuser-ho","7":"product_cat-unkategorisiert","8":"product_cat-vollmer","9":"product_cat-vollmer-ho","10":"product_tag-kein-spielzeug-nicht-geeignet-fuer-kinder-unter-14-jahren","11":"product_tag-warn-und-sicherheitshinweise-modellbauartikel","13":"first","14":"instock","15":"taxable","16":"shipping-taxable","17":"purchasable","18":"product-type-simple"},"jetpack_sharing_enabled":true,"_links":{"self":[{"href":"https:\/\/www.mg-modelleisenbahnbau.de\/startseite-2\/wp-json\/wp\/v2\/product\/2598","targetHints":{"allow":["GET"]}}],"collection":[{"href":"https:\/\/www.mg-modelleisenbahnbau.de\/startseite-2\/wp-json\/wp\/v2\/product"}],"about":[{"href":"https:\/\/www.mg-modelleisenbahnbau.de\/startseite-2\/wp-json\/wp\/v2\/types\/product"}],"replies":[{"embeddable":true,"href":"https:\/\/www.mg-modelleisenbahnbau.de\/startseite-2\/wp-json\/wp\/v2\/comments?post=2598"}],"wp:featuredmedia":[{"embeddable":true,"href":"https:\/\/www.mg-modelleisenbahnbau.de\/startseite-2\/wp-json\/wp\/v2\/media\/2599"}],"wp:attachment":[{"href":"https:\/\/www.mg-modelleisenbahnbau.de\/startseite-2\/wp-json\/wp\/v2\/media?parent=2598"}],"wp:term":[{"taxonomy":"product_brand","embeddable":true,"href":"https:\/\/www.mg-modelleisenbahnbau.de\/startseite-2\/wp-json\/wp\/v2\/product_brand?post=2598"},{"taxonomy":"product_cat","embeddable":true,"href":"https:\/\/www.mg-modelleisenbahnbau.de\/startseite-2\/wp-json\/wp\/v2\/product_cat?post=2598"},{"taxonomy":"product_tag","embeddable":true,"href":"https:\/\/www.mg-modelleisenbahnbau.de\/startseite-2\/wp-json\/wp\/v2\/product_tag?post=2598"}],"curies":[{"name":"wp","href":"https:\/\/api.w.org\/{rel}","templated":true}]}}