{"id":2583,"date":"2019-03-27T11:27:33","date_gmt":"2019-03-27T10:27:33","guid":{"rendered":"http:\/\/www.mg-modelleisenbahnbau.de\/?post_type=product&#038;p=2583"},"modified":"2025-06-30T19:59:45","modified_gmt":"2025-06-30T17:59:45","slug":"43736-h0-gasthof-mit-metzgerei-inneneinrichtung-und-led-beleuchtung-funktionsbausatz","status":"publish","type":"product","link":"https:\/\/www.mg-modelleisenbahnbau.de\/startseite-2\/produkt\/43736-h0-gasthof-mit-metzgerei-inneneinrichtung-und-led-beleuchtung-funktionsbausatz\/","title":{"rendered":"43736 H0 Gasthof mit Metzgerei, Inneneinrichtung und LED-Beleuchtung, Funktionsbausatz"},"content":{"rendered":"<div class=\"content--description\">\n<div class=\"content--title\">Produktinformationen &#8222;H0 Gasthof mit Metzgerei, Inneneinrichtung und LED-Beleuchtung, Funktionsbausatz&#8220;<\/div>\n<div class=\"product--description\">Dieser Bausatz ist mit umfangreichem Zubeh\u00f6r ausgestattet. Neben der passenden LED-Beleuchtung f\u00fcr den Innenraum liegen dem Bausatz Tische und B\u00e4nke f\u00fcr den angeschlossenen Biergarten und eine Ladeneinrichtung f\u00fcr die Metzgerei bei. Ma\u00dfe: L 21 x B 15 x H 15 cm.<\/div>\n<\/div>\n","protected":false},"excerpt":{"rendered":"<p>Produktinformationen &#8222;H0 Gasthof mit Metzgerei, Inneneinrichtung und LED-Beleuchtung, Funktionsbausatz&#8220; Dieser Bausatz ist mit umfangreichem Zubeh\u00f6r ausgestattet. Neben der passenden LED-Beleuchtung f\u00fcr den Innenraum liegen dem Bausatz Tische und B\u00e4nke f\u00fcr den angeschlossenen Biergarten und eine Ladeneinrichtung f\u00fcr die Metzgerei bei. Ma\u00dfe: L 21 x B 15 x H 15 cm.<\/p>\n","protected":false},"featured_media":2584,"comment_status":"open","ping_status":"closed","template":"","meta":[],"product_brand":[],"product_cat":[176,38,41,160],"product_tag":[292,291],"class_list":{"0":"post-2583","1":"product","2":"type-product","3":"status-publish","4":"has-post-thumbnail","6":"product_cat-stadt-dorfhaeuser-ho","7":"product_cat-unkategorisiert","8":"product_cat-vollmer","9":"product_cat-vollmer-ho","10":"product_tag-kein-spielzeug-nicht-geeignet-fuer-kinder-unter-14-jahren","11":"product_tag-warn-und-sicherheitshinweise-modellbauartikel","13":"first","14":"instock","15":"taxable","16":"shipping-taxable","17":"purchasable","18":"product-type-simple"},"jetpack_sharing_enabled":true,"_links":{"self":[{"href":"https:\/\/www.mg-modelleisenbahnbau.de\/startseite-2\/wp-json\/wp\/v2\/product\/2583","targetHints":{"allow":["GET"]}}],"collection":[{"href":"https:\/\/www.mg-modelleisenbahnbau.de\/startseite-2\/wp-json\/wp\/v2\/product"}],"about":[{"href":"https:\/\/www.mg-modelleisenbahnbau.de\/startseite-2\/wp-json\/wp\/v2\/types\/product"}],"replies":[{"embeddable":true,"href":"https:\/\/www.mg-modelleisenbahnbau.de\/startseite-2\/wp-json\/wp\/v2\/comments?post=2583"}],"wp:featuredmedia":[{"embeddable":true,"href":"https:\/\/www.mg-modelleisenbahnbau.de\/startseite-2\/wp-json\/wp\/v2\/media\/2584"}],"wp:attachment":[{"href":"https:\/\/www.mg-modelleisenbahnbau.de\/startseite-2\/wp-json\/wp\/v2\/media?parent=2583"}],"wp:term":[{"taxonomy":"product_brand","embeddable":true,"href":"https:\/\/www.mg-modelleisenbahnbau.de\/startseite-2\/wp-json\/wp\/v2\/product_brand?post=2583"},{"taxonomy":"product_cat","embeddable":true,"href":"https:\/\/www.mg-modelleisenbahnbau.de\/startseite-2\/wp-json\/wp\/v2\/product_cat?post=2583"},{"taxonomy":"product_tag","embeddable":true,"href":"https:\/\/www.mg-modelleisenbahnbau.de\/startseite-2\/wp-json\/wp\/v2\/product_tag?post=2583"}],"curies":[{"name":"wp","href":"https:\/\/api.w.org\/{rel}","templated":true}]}}