{"id":2553,"date":"2019-03-27T10:30:09","date_gmt":"2019-03-27T09:30:09","guid":{"rendered":"http:\/\/www.mg-modelleisenbahnbau.de\/?post_type=product&#038;p=2553"},"modified":"2025-06-30T19:37:58","modified_gmt":"2025-06-30T17:37:58","slug":"43659-h0-backstein-siedlungshaus","status":"publish","type":"product","link":"https:\/\/www.mg-modelleisenbahnbau.de\/startseite-2\/produkt\/43659-h0-backstein-siedlungshaus\/","title":{"rendered":"43659 H0 Backstein-Siedlungshaus"},"content":{"rendered":"<div class=\"content--description\">\n<div class=\"content--title\">Produktinformationen &#8222;H0 Backstein-Siedlungshaus&#8220;<\/div>\n<div class=\"product--description\">Sie suchen Geb\u00e4ude f\u00fcr Siedlungen? Hier sind sie. Mit den 4 Basish\u00e4usern Art. 43649, 43654, 43657 und 43659 kann jede beliebige Siedlungsgr\u00f6\u00dfe nachgebaut werden. Mit Fachwerk oder ohne, in unterschiedlicher Farbgebung, Klinker oder Rauputz \u2013 so gleichen sich die H\u00e4user und sind trotzdem individuell. Ma\u00dfe: L 15,8 x B 12,1 x H 12,5 cm.<\/div>\n<\/div>\n","protected":false},"excerpt":{"rendered":"<p>Produktinformationen &#8222;H0 Backstein-Siedlungshaus&#8220; Sie suchen Geb\u00e4ude f\u00fcr Siedlungen? Hier sind sie. Mit den 4 Basish\u00e4usern Art. 43649, 43654, 43657 und 43659 kann jede beliebige Siedlungsgr\u00f6\u00dfe nachgebaut werden. Mit Fachwerk oder ohne, in unterschiedlicher Farbgebung, Klinker oder Rauputz \u2013 so gleichen sich die H\u00e4user und sind trotzdem individuell. Ma\u00dfe: L 15,8 x B 12,1 x H&#8230;<\/p>\n","protected":false},"featured_media":2554,"comment_status":"open","ping_status":"closed","template":"","meta":[],"product_brand":[],"product_cat":[176,38,41,160],"product_tag":[292,291],"class_list":{"0":"post-2553","1":"product","2":"type-product","3":"status-publish","4":"has-post-thumbnail","6":"product_cat-stadt-dorfhaeuser-ho","7":"product_cat-unkategorisiert","8":"product_cat-vollmer","9":"product_cat-vollmer-ho","10":"product_tag-kein-spielzeug-nicht-geeignet-fuer-kinder-unter-14-jahren","11":"product_tag-warn-und-sicherheitshinweise-modellbauartikel","13":"first","14":"instock","15":"taxable","16":"shipping-taxable","17":"purchasable","18":"product-type-simple"},"jetpack_sharing_enabled":true,"_links":{"self":[{"href":"https:\/\/www.mg-modelleisenbahnbau.de\/startseite-2\/wp-json\/wp\/v2\/product\/2553","targetHints":{"allow":["GET"]}}],"collection":[{"href":"https:\/\/www.mg-modelleisenbahnbau.de\/startseite-2\/wp-json\/wp\/v2\/product"}],"about":[{"href":"https:\/\/www.mg-modelleisenbahnbau.de\/startseite-2\/wp-json\/wp\/v2\/types\/product"}],"replies":[{"embeddable":true,"href":"https:\/\/www.mg-modelleisenbahnbau.de\/startseite-2\/wp-json\/wp\/v2\/comments?post=2553"}],"wp:featuredmedia":[{"embeddable":true,"href":"https:\/\/www.mg-modelleisenbahnbau.de\/startseite-2\/wp-json\/wp\/v2\/media\/2554"}],"wp:attachment":[{"href":"https:\/\/www.mg-modelleisenbahnbau.de\/startseite-2\/wp-json\/wp\/v2\/media?parent=2553"}],"wp:term":[{"taxonomy":"product_brand","embeddable":true,"href":"https:\/\/www.mg-modelleisenbahnbau.de\/startseite-2\/wp-json\/wp\/v2\/product_brand?post=2553"},{"taxonomy":"product_cat","embeddable":true,"href":"https:\/\/www.mg-modelleisenbahnbau.de\/startseite-2\/wp-json\/wp\/v2\/product_cat?post=2553"},{"taxonomy":"product_tag","embeddable":true,"href":"https:\/\/www.mg-modelleisenbahnbau.de\/startseite-2\/wp-json\/wp\/v2\/product_tag?post=2553"}],"curies":[{"name":"wp","href":"https:\/\/api.w.org\/{rel}","templated":true}]}}