{"id":2541,"date":"2019-03-27T10:14:54","date_gmt":"2019-03-27T09:14:54","guid":{"rendered":"http:\/\/www.mg-modelleisenbahnbau.de\/?post_type=product&#038;p=2541"},"modified":"2025-06-30T22:01:56","modified_gmt":"2025-06-30T20:01:56","slug":"43847-h0-reihen-doppelhaus-mit-fachwerk","status":"publish","type":"product","link":"https:\/\/www.mg-modelleisenbahnbau.de\/startseite-2\/produkt\/43847-h0-reihen-doppelhaus-mit-fachwerk\/","title":{"rendered":"43847 H0 Reihen-Doppelhaus mit Fachwerk"},"content":{"rendered":"<div class=\"content--description\">\n<div class=\"content--title\">Produktinformationen &#8222;H0 Reihen-Doppelhaus mit Fachwerk&#8220;<\/div>\n<div class=\"product--description\">Mit diesen unterschiedlichen Reihen-Doppelh\u00e4usern Art. 43843, 43844 und 43847 kann ein eigener Stra\u00dfenzug gebildet werden. Alternativ eignen sie sich hervorragend, um sie in vorhandene Stra\u00dfenz\u00fcge einzubinden. Ma\u00dfe: L 10,4 x B 8,3 x H 13,3 cm.<\/div>\n<\/div>\n","protected":false},"excerpt":{"rendered":"<p>Produktinformationen &#8222;H0 Reihen-Doppelhaus mit Fachwerk&#8220; Mit diesen unterschiedlichen Reihen-Doppelh\u00e4usern Art. 43843, 43844 und 43847 kann ein eigener Stra\u00dfenzug gebildet werden. Alternativ eignen sie sich hervorragend, um sie in vorhandene Stra\u00dfenz\u00fcge einzubinden. Ma\u00dfe: L 10,4 x B 8,3 x H 13,3 cm.<\/p>\n","protected":false},"featured_media":2542,"comment_status":"open","ping_status":"closed","template":"","meta":[],"product_brand":[],"product_cat":[176,38,41,160],"product_tag":[292,291],"class_list":{"0":"post-2541","1":"product","2":"type-product","3":"status-publish","4":"has-post-thumbnail","6":"product_cat-stadt-dorfhaeuser-ho","7":"product_cat-unkategorisiert","8":"product_cat-vollmer","9":"product_cat-vollmer-ho","10":"product_tag-kein-spielzeug-nicht-geeignet-fuer-kinder-unter-14-jahren","11":"product_tag-warn-und-sicherheitshinweise-modellbauartikel","13":"first","14":"instock","15":"taxable","16":"shipping-taxable","17":"purchasable","18":"product-type-simple"},"jetpack_sharing_enabled":true,"_links":{"self":[{"href":"https:\/\/www.mg-modelleisenbahnbau.de\/startseite-2\/wp-json\/wp\/v2\/product\/2541","targetHints":{"allow":["GET"]}}],"collection":[{"href":"https:\/\/www.mg-modelleisenbahnbau.de\/startseite-2\/wp-json\/wp\/v2\/product"}],"about":[{"href":"https:\/\/www.mg-modelleisenbahnbau.de\/startseite-2\/wp-json\/wp\/v2\/types\/product"}],"replies":[{"embeddable":true,"href":"https:\/\/www.mg-modelleisenbahnbau.de\/startseite-2\/wp-json\/wp\/v2\/comments?post=2541"}],"wp:featuredmedia":[{"embeddable":true,"href":"https:\/\/www.mg-modelleisenbahnbau.de\/startseite-2\/wp-json\/wp\/v2\/media\/2542"}],"wp:attachment":[{"href":"https:\/\/www.mg-modelleisenbahnbau.de\/startseite-2\/wp-json\/wp\/v2\/media?parent=2541"}],"wp:term":[{"taxonomy":"product_brand","embeddable":true,"href":"https:\/\/www.mg-modelleisenbahnbau.de\/startseite-2\/wp-json\/wp\/v2\/product_brand?post=2541"},{"taxonomy":"product_cat","embeddable":true,"href":"https:\/\/www.mg-modelleisenbahnbau.de\/startseite-2\/wp-json\/wp\/v2\/product_cat?post=2541"},{"taxonomy":"product_tag","embeddable":true,"href":"https:\/\/www.mg-modelleisenbahnbau.de\/startseite-2\/wp-json\/wp\/v2\/product_tag?post=2541"}],"curies":[{"name":"wp","href":"https:\/\/api.w.org\/{rel}","templated":true}]}}