{"id":2515,"date":"2019-03-26T21:14:54","date_gmt":"2019-03-26T20:14:54","guid":{"rendered":"http:\/\/www.mg-modelleisenbahnbau.de\/?post_type=product&#038;p=2515"},"modified":"2025-06-30T19:27:01","modified_gmt":"2025-06-30T17:27:01","slug":"43624-h0-tanzlokal-rockfabrik-vollmer-auf-lager","status":"publish","type":"product","link":"https:\/\/www.mg-modelleisenbahnbau.de\/startseite-2\/produkt\/43624-h0-tanzlokal-rockfabrik-vollmer-auf-lager\/","title":{"rendered":"43624 H0 Tanzlokal Rockfabrik Vollmer Auf Lager"},"content":{"rendered":"<div class=\"content--description\">\n<div class=\"content--title\">Produktinformationen &#8222;H0 Tanzlokal Rockfabrik&#8220;<\/div>\n<div class=\"product--description\">H\u00e4ufig findet man ein solches Tanzlokal in der N\u00e4he von Gro\u00dfst\u00e4dten. Oft ist es in alten Fabrikgeb\u00e4uden untergebracht und liegt etwas au\u00dferhalb des Stadtgebietes. So kann ungest\u00f6rt und ohne zu st\u00f6ren laute Musik geh\u00f6rt und dazu bis in die fr\u00fchen Morgenstunden getanzt werden. Ma\u00dfe: L 16 x B 16 x H 7 cm.<\/div>\n<\/div>\n","protected":false},"excerpt":{"rendered":"<p>Produktinformationen &#8222;H0 Tanzlokal Rockfabrik&#8220; H\u00e4ufig findet man ein solches Tanzlokal in der N\u00e4he von Gro\u00dfst\u00e4dten. Oft ist es in alten Fabrikgeb\u00e4uden untergebracht und liegt etwas au\u00dferhalb des Stadtgebietes. So kann ungest\u00f6rt und ohne zu st\u00f6ren laute Musik geh\u00f6rt und dazu bis in die fr\u00fchen Morgenstunden getanzt werden. Ma\u00dfe: L 16 x B 16 x H&#8230;<\/p>\n","protected":false},"featured_media":2517,"comment_status":"open","ping_status":"closed","template":"","meta":[],"product_brand":[],"product_cat":[176,38,41,160],"product_tag":[292,291],"class_list":{"0":"post-2515","1":"product","2":"type-product","3":"status-publish","4":"has-post-thumbnail","6":"product_cat-stadt-dorfhaeuser-ho","7":"product_cat-unkategorisiert","8":"product_cat-vollmer","9":"product_cat-vollmer-ho","10":"product_tag-kein-spielzeug-nicht-geeignet-fuer-kinder-unter-14-jahren","11":"product_tag-warn-und-sicherheitshinweise-modellbauartikel","13":"first","14":"instock","15":"taxable","16":"shipping-taxable","17":"purchasable","18":"product-type-simple"},"jetpack_sharing_enabled":true,"_links":{"self":[{"href":"https:\/\/www.mg-modelleisenbahnbau.de\/startseite-2\/wp-json\/wp\/v2\/product\/2515","targetHints":{"allow":["GET"]}}],"collection":[{"href":"https:\/\/www.mg-modelleisenbahnbau.de\/startseite-2\/wp-json\/wp\/v2\/product"}],"about":[{"href":"https:\/\/www.mg-modelleisenbahnbau.de\/startseite-2\/wp-json\/wp\/v2\/types\/product"}],"replies":[{"embeddable":true,"href":"https:\/\/www.mg-modelleisenbahnbau.de\/startseite-2\/wp-json\/wp\/v2\/comments?post=2515"}],"wp:featuredmedia":[{"embeddable":true,"href":"https:\/\/www.mg-modelleisenbahnbau.de\/startseite-2\/wp-json\/wp\/v2\/media\/2517"}],"wp:attachment":[{"href":"https:\/\/www.mg-modelleisenbahnbau.de\/startseite-2\/wp-json\/wp\/v2\/media?parent=2515"}],"wp:term":[{"taxonomy":"product_brand","embeddable":true,"href":"https:\/\/www.mg-modelleisenbahnbau.de\/startseite-2\/wp-json\/wp\/v2\/product_brand?post=2515"},{"taxonomy":"product_cat","embeddable":true,"href":"https:\/\/www.mg-modelleisenbahnbau.de\/startseite-2\/wp-json\/wp\/v2\/product_cat?post=2515"},{"taxonomy":"product_tag","embeddable":true,"href":"https:\/\/www.mg-modelleisenbahnbau.de\/startseite-2\/wp-json\/wp\/v2\/product_tag?post=2515"}],"curies":[{"name":"wp","href":"https:\/\/api.w.org\/{rel}","templated":true}]}}