{"id":2507,"date":"2019-03-26T20:59:31","date_gmt":"2019-03-26T19:59:31","guid":{"rendered":"http:\/\/www.mg-modelleisenbahnbau.de\/?post_type=product&#038;p=2507"},"modified":"2025-06-30T19:37:52","modified_gmt":"2025-06-30T17:37:52","slug":"43636-h0-mccafe","status":"publish","type":"product","link":"https:\/\/www.mg-modelleisenbahnbau.de\/startseite-2\/produkt\/43636-h0-mccafe\/","title":{"rendered":"43636 H0 McCaf\u00e9"},"content":{"rendered":"<div class=\"content--description\">\n<div class=\"content--title\">Produktinformationen &#8222;H0 McCaf\u00e9&#8220;<\/div>\n<div class=\"product--description\">Das Modell wurde gemeinsam mit McDonald\u00b4s Deutschland entwickelt und genehmigt. Hier gibt es leckeren Kaffee und weitere K\u00f6stlichkeiten. Das McDonald\u00b4s Schnellrestaurant Art. 43634 kann mit diesem Anbau erweitert werden. Aber auch als eigenst\u00e4ndiges Geb\u00e4ude macht der Bausatz eine gute Figur. Wir bedanken uns f\u00fcr die freundliche Unterst\u00fctzung von McDonald\u00b4s Deutschland. Mit Inneneinrichtung und 4 Sonnenschirmen. Ma\u00dfe: L 11,5 x B 9,5 x H 9 cm.<\/div>\n<\/div>\n","protected":false},"excerpt":{"rendered":"<p>Produktinformationen &#8222;H0 McCaf\u00e9&#8220; Das Modell wurde gemeinsam mit McDonald\u00b4s Deutschland entwickelt und genehmigt. Hier gibt es leckeren Kaffee und weitere K\u00f6stlichkeiten. Das McDonald\u00b4s Schnellrestaurant Art. 43634 kann mit diesem Anbau erweitert werden. Aber auch als eigenst\u00e4ndiges Geb\u00e4ude macht der Bausatz eine gute Figur. Wir bedanken uns f\u00fcr die freundliche Unterst\u00fctzung von McDonald\u00b4s Deutschland. Mit Inneneinrichtung&#8230;<\/p>\n","protected":false},"featured_media":2508,"comment_status":"open","ping_status":"closed","template":"","meta":[],"product_brand":[],"product_cat":[176,38,41,160],"product_tag":[292,291],"class_list":{"0":"post-2507","1":"product","2":"type-product","3":"status-publish","4":"has-post-thumbnail","6":"product_cat-stadt-dorfhaeuser-ho","7":"product_cat-unkategorisiert","8":"product_cat-vollmer","9":"product_cat-vollmer-ho","10":"product_tag-kein-spielzeug-nicht-geeignet-fuer-kinder-unter-14-jahren","11":"product_tag-warn-und-sicherheitshinweise-modellbauartikel","13":"first","14":"instock","15":"taxable","16":"shipping-taxable","17":"purchasable","18":"product-type-simple"},"jetpack_sharing_enabled":true,"_links":{"self":[{"href":"https:\/\/www.mg-modelleisenbahnbau.de\/startseite-2\/wp-json\/wp\/v2\/product\/2507","targetHints":{"allow":["GET"]}}],"collection":[{"href":"https:\/\/www.mg-modelleisenbahnbau.de\/startseite-2\/wp-json\/wp\/v2\/product"}],"about":[{"href":"https:\/\/www.mg-modelleisenbahnbau.de\/startseite-2\/wp-json\/wp\/v2\/types\/product"}],"replies":[{"embeddable":true,"href":"https:\/\/www.mg-modelleisenbahnbau.de\/startseite-2\/wp-json\/wp\/v2\/comments?post=2507"}],"wp:featuredmedia":[{"embeddable":true,"href":"https:\/\/www.mg-modelleisenbahnbau.de\/startseite-2\/wp-json\/wp\/v2\/media\/2508"}],"wp:attachment":[{"href":"https:\/\/www.mg-modelleisenbahnbau.de\/startseite-2\/wp-json\/wp\/v2\/media?parent=2507"}],"wp:term":[{"taxonomy":"product_brand","embeddable":true,"href":"https:\/\/www.mg-modelleisenbahnbau.de\/startseite-2\/wp-json\/wp\/v2\/product_brand?post=2507"},{"taxonomy":"product_cat","embeddable":true,"href":"https:\/\/www.mg-modelleisenbahnbau.de\/startseite-2\/wp-json\/wp\/v2\/product_cat?post=2507"},{"taxonomy":"product_tag","embeddable":true,"href":"https:\/\/www.mg-modelleisenbahnbau.de\/startseite-2\/wp-json\/wp\/v2\/product_tag?post=2507"}],"curies":[{"name":"wp","href":"https:\/\/api.w.org\/{rel}","templated":true}]}}