{"id":2493,"date":"2019-03-26T20:18:23","date_gmt":"2019-03-26T19:18:23","guid":{"rendered":"http:\/\/www.mg-modelleisenbahnbau.de\/?post_type=product&#038;p=2493"},"modified":"2025-06-30T19:27:01","modified_gmt":"2025-06-30T17:27:01","slug":"43629-h0-grossmarkthalle","status":"publish","type":"product","link":"https:\/\/www.mg-modelleisenbahnbau.de\/startseite-2\/produkt\/43629-h0-grossmarkthalle\/","title":{"rendered":"43629 H0 Gro\u00dfmarkthalle"},"content":{"rendered":"<div class=\"content--description\">\n<div class=\"content--title\">Produktinformationen &#8222;H0 Gro\u00dfmarkthalle&#8220;<\/div>\n<div class=\"product--description\">In diesem Gro\u00dfmarkt f\u00fcr Obst und Gem\u00fcse wird die Ware immer tagesaktuell und frisch angeboten. Viele kleine Gem\u00fcse- und Obsth\u00e4ndler decken sich hier mit Ware ein, auch die Gastronomie wird versorgt. Das Geb\u00e4ude verf\u00fcgt \u00fcber einen gro\u00dfen Treppenaufgang, Marktst\u00e4nde und eine Laderampe an der R\u00fcckseite. Ma\u00dfe: L 38 x B 16,5 x H 13,5 cm.46,45<\/div>\n<\/div>\n","protected":false},"excerpt":{"rendered":"<p>Produktinformationen &#8222;H0 Gro\u00dfmarkthalle&#8220; In diesem Gro\u00dfmarkt f\u00fcr Obst und Gem\u00fcse wird die Ware immer tagesaktuell und frisch angeboten. Viele kleine Gem\u00fcse- und Obsth\u00e4ndler decken sich hier mit Ware ein, auch die Gastronomie wird versorgt. Das Geb\u00e4ude verf\u00fcgt \u00fcber einen gro\u00dfen Treppenaufgang, Marktst\u00e4nde und eine Laderampe an der R\u00fcckseite. Ma\u00dfe: L 38 x B 16,5 x&#8230;<\/p>\n","protected":false},"featured_media":2494,"comment_status":"open","ping_status":"closed","template":"","meta":[],"product_brand":[],"product_cat":[176,38,41,160],"product_tag":[292,291],"class_list":{"0":"post-2493","1":"product","2":"type-product","3":"status-publish","4":"has-post-thumbnail","6":"product_cat-stadt-dorfhaeuser-ho","7":"product_cat-unkategorisiert","8":"product_cat-vollmer","9":"product_cat-vollmer-ho","10":"product_tag-kein-spielzeug-nicht-geeignet-fuer-kinder-unter-14-jahren","11":"product_tag-warn-und-sicherheitshinweise-modellbauartikel","13":"first","14":"instock","15":"taxable","16":"shipping-taxable","17":"purchasable","18":"product-type-simple"},"jetpack_sharing_enabled":true,"_links":{"self":[{"href":"https:\/\/www.mg-modelleisenbahnbau.de\/startseite-2\/wp-json\/wp\/v2\/product\/2493","targetHints":{"allow":["GET"]}}],"collection":[{"href":"https:\/\/www.mg-modelleisenbahnbau.de\/startseite-2\/wp-json\/wp\/v2\/product"}],"about":[{"href":"https:\/\/www.mg-modelleisenbahnbau.de\/startseite-2\/wp-json\/wp\/v2\/types\/product"}],"replies":[{"embeddable":true,"href":"https:\/\/www.mg-modelleisenbahnbau.de\/startseite-2\/wp-json\/wp\/v2\/comments?post=2493"}],"wp:featuredmedia":[{"embeddable":true,"href":"https:\/\/www.mg-modelleisenbahnbau.de\/startseite-2\/wp-json\/wp\/v2\/media\/2494"}],"wp:attachment":[{"href":"https:\/\/www.mg-modelleisenbahnbau.de\/startseite-2\/wp-json\/wp\/v2\/media?parent=2493"}],"wp:term":[{"taxonomy":"product_brand","embeddable":true,"href":"https:\/\/www.mg-modelleisenbahnbau.de\/startseite-2\/wp-json\/wp\/v2\/product_brand?post=2493"},{"taxonomy":"product_cat","embeddable":true,"href":"https:\/\/www.mg-modelleisenbahnbau.de\/startseite-2\/wp-json\/wp\/v2\/product_cat?post=2493"},{"taxonomy":"product_tag","embeddable":true,"href":"https:\/\/www.mg-modelleisenbahnbau.de\/startseite-2\/wp-json\/wp\/v2\/product_tag?post=2493"}],"curies":[{"name":"wp","href":"https:\/\/api.w.org\/{rel}","templated":true}]}}