{"id":2487,"date":"2019-03-26T20:10:37","date_gmt":"2019-03-26T19:10:37","guid":{"rendered":"http:\/\/www.mg-modelleisenbahnbau.de\/?post_type=product&#038;p=2487"},"modified":"2025-06-30T22:01:48","modified_gmt":"2025-06-30T20:01:48","slug":"43800-h0-city-eckhaus-mit-dachatelier","status":"publish","type":"product","link":"https:\/\/www.mg-modelleisenbahnbau.de\/startseite-2\/produkt\/43800-h0-city-eckhaus-mit-dachatelier\/","title":{"rendered":"43800 H0 City-Eckhaus mit Dachatelier"},"content":{"rendered":"<div class=\"content--description\">\n<div class=\"content--title\">Produktinformationen &#8222;H0 City-Eckhaus mit Dachatelier&#8220;<\/div>\n<div class=\"product--description\">Dieses moderne, mehrgeschossige Eckhaus verf\u00fcgt \u00fcber Wohn- und Gesch\u00e4ftsr\u00e4ume. Von der Dachterrasse hat man einen sch\u00f6nen Ausblick und das Atelier unter dem Dach ist liebevoll eingerichtet. Es bietet dem K\u00fcnstler durch das gro\u00dfe Dachfl\u00e4chenfenster viel Tageslicht. Ma\u00dfe: L 14 x B 14 x H 19,5 cm.<\/div>\n<\/div>\n","protected":false},"excerpt":{"rendered":"<p>Produktinformationen &#8222;H0 City-Eckhaus mit Dachatelier&#8220; Dieses moderne, mehrgeschossige Eckhaus verf\u00fcgt \u00fcber Wohn- und Gesch\u00e4ftsr\u00e4ume. Von der Dachterrasse hat man einen sch\u00f6nen Ausblick und das Atelier unter dem Dach ist liebevoll eingerichtet. Es bietet dem K\u00fcnstler durch das gro\u00dfe Dachfl\u00e4chenfenster viel Tageslicht. Ma\u00dfe: L 14 x B 14 x H 19,5 cm.<\/p>\n","protected":false},"featured_media":2488,"comment_status":"open","ping_status":"closed","template":"","meta":[],"product_brand":[],"product_cat":[176,38,41,160],"product_tag":[292,291],"class_list":{"0":"post-2487","1":"product","2":"type-product","3":"status-publish","4":"has-post-thumbnail","6":"product_cat-stadt-dorfhaeuser-ho","7":"product_cat-unkategorisiert","8":"product_cat-vollmer","9":"product_cat-vollmer-ho","10":"product_tag-kein-spielzeug-nicht-geeignet-fuer-kinder-unter-14-jahren","11":"product_tag-warn-und-sicherheitshinweise-modellbauartikel","13":"first","14":"instock","15":"taxable","16":"shipping-taxable","17":"purchasable","18":"product-type-simple"},"jetpack_sharing_enabled":true,"_links":{"self":[{"href":"https:\/\/www.mg-modelleisenbahnbau.de\/startseite-2\/wp-json\/wp\/v2\/product\/2487","targetHints":{"allow":["GET"]}}],"collection":[{"href":"https:\/\/www.mg-modelleisenbahnbau.de\/startseite-2\/wp-json\/wp\/v2\/product"}],"about":[{"href":"https:\/\/www.mg-modelleisenbahnbau.de\/startseite-2\/wp-json\/wp\/v2\/types\/product"}],"replies":[{"embeddable":true,"href":"https:\/\/www.mg-modelleisenbahnbau.de\/startseite-2\/wp-json\/wp\/v2\/comments?post=2487"}],"wp:featuredmedia":[{"embeddable":true,"href":"https:\/\/www.mg-modelleisenbahnbau.de\/startseite-2\/wp-json\/wp\/v2\/media\/2488"}],"wp:attachment":[{"href":"https:\/\/www.mg-modelleisenbahnbau.de\/startseite-2\/wp-json\/wp\/v2\/media?parent=2487"}],"wp:term":[{"taxonomy":"product_brand","embeddable":true,"href":"https:\/\/www.mg-modelleisenbahnbau.de\/startseite-2\/wp-json\/wp\/v2\/product_brand?post=2487"},{"taxonomy":"product_cat","embeddable":true,"href":"https:\/\/www.mg-modelleisenbahnbau.de\/startseite-2\/wp-json\/wp\/v2\/product_cat?post=2487"},{"taxonomy":"product_tag","embeddable":true,"href":"https:\/\/www.mg-modelleisenbahnbau.de\/startseite-2\/wp-json\/wp\/v2\/product_tag?post=2487"}],"curies":[{"name":"wp","href":"https:\/\/api.w.org\/{rel}","templated":true}]}}