{"id":2472,"date":"2019-03-26T19:49:21","date_gmt":"2019-03-26T18:49:21","guid":{"rendered":"http:\/\/www.mg-modelleisenbahnbau.de\/?post_type=product&#038;p=2472"},"modified":"2025-06-30T21:32:27","modified_gmt":"2025-06-30T19:32:27","slug":"43783-h0-cafe-mit-inneneinrichtung-und-led-beleuchtung-funktionsbausatz","status":"publish","type":"product","link":"https:\/\/www.mg-modelleisenbahnbau.de\/startseite-2\/produkt\/43783-h0-cafe-mit-inneneinrichtung-und-led-beleuchtung-funktionsbausatz\/","title":{"rendered":"43783 H0 Caf\u00e9 mit Inneneinrichtung und LED-Beleuchtung, Funktionsbausatz"},"content":{"rendered":"<div class=\"content--description\">\n<div class=\"content--title\">Produktinformationen &#8222;H0 Caf\u00e9 mit Inneneinrichtung und LED-Beleuchtung, Funktionsbausatz&#8220;<\/div>\n<div class=\"product--description\">Das Caf\u00e9 im Erdgeschoss besticht durch seine gro\u00dfe Fensterfl\u00e4che. Durch sie hat man einen guten Blick in den beleuchteten und mit viel Liebe zum Detail ausgestatteten Innenraum. Das Dachgeschoss ist ausgebaut und in der Mitte befindet sich eine kleine Dachterrasse. Ma\u00dfe: L 17 x B 11,5 x H 20,5 cm.<\/div>\n<\/div>\n","protected":false},"excerpt":{"rendered":"<p>Produktinformationen &#8222;H0 Caf\u00e9 mit Inneneinrichtung und LED-Beleuchtung, Funktionsbausatz&#8220; Das Caf\u00e9 im Erdgeschoss besticht durch seine gro\u00dfe Fensterfl\u00e4che. Durch sie hat man einen guten Blick in den beleuchteten und mit viel Liebe zum Detail ausgestatteten Innenraum. Das Dachgeschoss ist ausgebaut und in der Mitte befindet sich eine kleine Dachterrasse. Ma\u00dfe: L 17 x B 11,5 x&#8230;<\/p>\n","protected":false},"featured_media":2473,"comment_status":"open","ping_status":"closed","template":"","meta":[],"product_brand":[],"product_cat":[176,38,41,160],"product_tag":[292,291],"class_list":{"0":"post-2472","1":"product","2":"type-product","3":"status-publish","4":"has-post-thumbnail","6":"product_cat-stadt-dorfhaeuser-ho","7":"product_cat-unkategorisiert","8":"product_cat-vollmer","9":"product_cat-vollmer-ho","10":"product_tag-kein-spielzeug-nicht-geeignet-fuer-kinder-unter-14-jahren","11":"product_tag-warn-und-sicherheitshinweise-modellbauartikel","13":"first","14":"instock","15":"taxable","16":"shipping-taxable","17":"purchasable","18":"product-type-simple"},"jetpack_sharing_enabled":true,"_links":{"self":[{"href":"https:\/\/www.mg-modelleisenbahnbau.de\/startseite-2\/wp-json\/wp\/v2\/product\/2472","targetHints":{"allow":["GET"]}}],"collection":[{"href":"https:\/\/www.mg-modelleisenbahnbau.de\/startseite-2\/wp-json\/wp\/v2\/product"}],"about":[{"href":"https:\/\/www.mg-modelleisenbahnbau.de\/startseite-2\/wp-json\/wp\/v2\/types\/product"}],"replies":[{"embeddable":true,"href":"https:\/\/www.mg-modelleisenbahnbau.de\/startseite-2\/wp-json\/wp\/v2\/comments?post=2472"}],"wp:featuredmedia":[{"embeddable":true,"href":"https:\/\/www.mg-modelleisenbahnbau.de\/startseite-2\/wp-json\/wp\/v2\/media\/2473"}],"wp:attachment":[{"href":"https:\/\/www.mg-modelleisenbahnbau.de\/startseite-2\/wp-json\/wp\/v2\/media?parent=2472"}],"wp:term":[{"taxonomy":"product_brand","embeddable":true,"href":"https:\/\/www.mg-modelleisenbahnbau.de\/startseite-2\/wp-json\/wp\/v2\/product_brand?post=2472"},{"taxonomy":"product_cat","embeddable":true,"href":"https:\/\/www.mg-modelleisenbahnbau.de\/startseite-2\/wp-json\/wp\/v2\/product_cat?post=2472"},{"taxonomy":"product_tag","embeddable":true,"href":"https:\/\/www.mg-modelleisenbahnbau.de\/startseite-2\/wp-json\/wp\/v2\/product_tag?post=2472"}],"curies":[{"name":"wp","href":"https:\/\/api.w.org\/{rel}","templated":true}]}}